{"id":12453,"date":"2026-02-27T00:14:07","date_gmt":"2026-02-27T00:14:07","guid":{"rendered":"https:\/\/nordicmart.andreevmaster.com\/product\/songmics-smyckeskrin-med-8-lador-vitt\/"},"modified":"2026-02-27T08:08:14","modified_gmt":"2026-02-27T08:08:14","slug":"songmics-smyckeskrin-med-8-lador-vitt","status":"publish","type":"product","link":"https:\/\/nordicmart.andreevmaster.com\/sv\/produkt\/songmics-smyckeskrin-med-8-lador-vitt\/","title":{"rendered":"SONGMICS smyckeskrin med 8 l\u00e5dor, vitt"},"content":{"rendered":"<p>Klassisk smyckeskrin f\u00f6r smyckes\u00e4lskare Tillverkad av MDF-skivor och sammetfoder, \u00e4r denna skrin en perfekt och h\u00e5llbar f\u00f6rvaringsl\u00f6sning f\u00f6r dina mest v\u00e4rdefulla smycken. Fler niv\u00e5er, mer gl\u00e4dje Smyckeskrinet har 8 l\u00e5dor. De olika layouterna i varje l\u00e5da \u00e4r s\u00e4rskilt f\u00f6rdelaktiga: &#8211; De tv\u00e5 \u00f6vre l\u00e5dorna &#8211; H\u00e4r finns inga avdelare, s\u00e5 du kan sj\u00e4lv best\u00e4mma vilka smycken du vill f\u00f6rvara h\u00e4r. &#8211; Den tredje l\u00e5dan &#8211; Den har 8 krokar f\u00f6r att f\u00f6rvara dina halsband p\u00e5 ett snyggt s\u00e4tt.- Den fj\u00e4rde l\u00e5dan \u2013 h\u00e4r finns 4 stora fack f\u00f6r armband eller broscher. &#8211; Den femte l\u00e5dan \u2013 den har 15 fack f\u00f6r \u00f6rh\u00e4ngen eller \u00f6rh\u00e4ngen. &#8211; Den sj\u00e4tte l\u00e5dan \u2013 h\u00e4r finns 10 rader med fack f\u00f6r ringar. &#8211; Den sjunde niv\u00e5n &#8211; Denna l\u00e5da har 5 l\u00e5nga fack f\u00f6r halsband eller glas\u00f6gon. &#8211; Den 8:e l\u00e5dan &#8211; H\u00e4r finns 10 djupa fack med klockkuddar. Produktdetaljer:- F\u00e4rg: Vit &#8211; Material: PU (polyuretan), MDF (medeldensitetsfiberplatta), sammet &#8211; Storlek: 28,7 x 20,2 x 36,5 cm (L x B x H) &#8211; Vikt: 5,4 kg Leveransomfattning: &#8211; 1 x smyckeskrin med 8 niv\u00e5er<\/p>\n","protected":false},"excerpt":{"rendered":"<p>SONGMICS smyckeskrin, stor smyckesl\u00e5da, 8 l\u00e5dor, m\u00e5nga fack f\u00f6r ringar, \u00f6rh\u00e4ngen, klockfack, modern f\u00f6rvaring, svart JBC11B<\/p>\n","protected":false},"featured_media":40688,"comment_status":"open","ping_status":"closed","template":"","meta":[],"product_brand":[],"product_cat":[33],"product_tag":[],"class_list":{"0":"post-12453","1":"product","2":"type-product","3":"status-publish","4":"has-post-thumbnail","6":"product_cat-okategoriserad","8":"first","9":"instock","10":"shipping-taxable","11":"purchasable","12":"product-type-simple"},"_links":{"self":[{"href":"https:\/\/nordicmart.andreevmaster.com\/sv\/wp-json\/wp\/v2\/product\/12453","targetHints":{"allow":["GET"]}}],"collection":[{"href":"https:\/\/nordicmart.andreevmaster.com\/sv\/wp-json\/wp\/v2\/product"}],"about":[{"href":"https:\/\/nordicmart.andreevmaster.com\/sv\/wp-json\/wp\/v2\/types\/product"}],"replies":[{"embeddable":true,"href":"https:\/\/nordicmart.andreevmaster.com\/sv\/wp-json\/wp\/v2\/comments?post=12453"}],"wp:featuredmedia":[{"embeddable":true,"href":"https:\/\/nordicmart.andreevmaster.com\/sv\/wp-json\/wp\/v2\/media\/40688"}],"wp:attachment":[{"href":"https:\/\/nordicmart.andreevmaster.com\/sv\/wp-json\/wp\/v2\/media?parent=12453"}],"wp:term":[{"taxonomy":"product_brand","embeddable":true,"href":"https:\/\/nordicmart.andreevmaster.com\/sv\/wp-json\/wp\/v2\/product_brand?post=12453"},{"taxonomy":"product_cat","embeddable":true,"href":"https:\/\/nordicmart.andreevmaster.com\/sv\/wp-json\/wp\/v2\/product_cat?post=12453"},{"taxonomy":"product_tag","embeddable":true,"href":"https:\/\/nordicmart.andreevmaster.com\/sv\/wp-json\/wp\/v2\/product_tag?post=12453"}],"curies":[{"name":"wp","href":"https:\/\/api.w.org\/{rel}","templated":true}]}}