{"id":12452,"date":"2026-02-27T00:14:06","date_gmt":"2026-02-27T00:14:06","guid":{"rendered":"https:\/\/nordicmart.andreevmaster.com\/product\/songmics-smyckeskrin-8-lador-svart\/"},"modified":"2026-02-27T08:08:14","modified_gmt":"2026-02-27T08:08:14","slug":"songmics-smyckeskrin-8-lador-svart","status":"publish","type":"product","link":"https:\/\/nordicmart.andreevmaster.com\/sv\/produkt\/songmics-smyckeskrin-8-lador-svart\/","title":{"rendered":"SONGMICS smyckeskrin 8 l\u00e5dor svart"},"content":{"rendered":"<p>1. Smyckeskrinet \u00e4r kl\u00e4tt med utvald sl\u00e4t PU och kombinerar ett modernt utseende med h\u00e5llbarhet. 2. L\u00e5dans framsida \u00e4r utformad s\u00e5 att ingen springa syns fr\u00e5n utsidan. L\u00e5dan med b\u00f6jd liggyta har 8 krokar f\u00f6r bra f\u00f6rvaring och presentation av kedjor. Tack vare det mellersta gummibandet undviks att halsbanden trasslar ihop sig n\u00e4r de flyttas.F\u00f6rvaring av glas\u00f6gon och smycken i ett, 5 glas\u00f6gon eller stora halsband kan l\u00e4tt f\u00f6rvaras i den. 10 fack med avtagbara klockkuddar har 2 anv\u00e4ndningsomr\u00e5den. Med klockkuddar kan man f\u00f6rvara klockor i dem; utan klockkuddar kan l\u00e5dan anv\u00e4ndas som smyckesorganiserare f\u00f6r ordentlig f\u00f6rvaring av stora ringar, \u00f6rh\u00e4ngen, n\u00e5lar etc. Produktdetaljer:- F\u00e4rg: svart &#8211; Material: konstl\u00e4der + MDF-skivor + sammet &#8211; M\u00e5tt: 28,7 x 36,5 x 20,2 cm (B x H x D) &#8211; Nettovikt: 5,4 kg &#8211; Bruttovikt: 6,2 kg Leveransomfattning: &#8211; 1 x smyckeskrin<\/p>\n","protected":false},"excerpt":{"rendered":"<p>SONGMICS smyckeskrin, stor smyckesl\u00e5da, 8 l\u00e5dor, m\u00e5nga fack f\u00f6r ringar, \u00f6rh\u00e4ngen, klockfack, modern f\u00f6rvaring, svart JBC11B<\/p>\n","protected":false},"featured_media":40687,"comment_status":"open","ping_status":"closed","template":"","meta":[],"product_brand":[],"product_cat":[33],"product_tag":[],"class_list":{"0":"post-12452","1":"product","2":"type-product","3":"status-publish","4":"has-post-thumbnail","6":"product_cat-okategoriserad","8":"first","9":"instock","10":"shipping-taxable","11":"purchasable","12":"product-type-simple"},"_links":{"self":[{"href":"https:\/\/nordicmart.andreevmaster.com\/sv\/wp-json\/wp\/v2\/product\/12452","targetHints":{"allow":["GET"]}}],"collection":[{"href":"https:\/\/nordicmart.andreevmaster.com\/sv\/wp-json\/wp\/v2\/product"}],"about":[{"href":"https:\/\/nordicmart.andreevmaster.com\/sv\/wp-json\/wp\/v2\/types\/product"}],"replies":[{"embeddable":true,"href":"https:\/\/nordicmart.andreevmaster.com\/sv\/wp-json\/wp\/v2\/comments?post=12452"}],"wp:featuredmedia":[{"embeddable":true,"href":"https:\/\/nordicmart.andreevmaster.com\/sv\/wp-json\/wp\/v2\/media\/40687"}],"wp:attachment":[{"href":"https:\/\/nordicmart.andreevmaster.com\/sv\/wp-json\/wp\/v2\/media?parent=12452"}],"wp:term":[{"taxonomy":"product_brand","embeddable":true,"href":"https:\/\/nordicmart.andreevmaster.com\/sv\/wp-json\/wp\/v2\/product_brand?post=12452"},{"taxonomy":"product_cat","embeddable":true,"href":"https:\/\/nordicmart.andreevmaster.com\/sv\/wp-json\/wp\/v2\/product_cat?post=12452"},{"taxonomy":"product_tag","embeddable":true,"href":"https:\/\/nordicmart.andreevmaster.com\/sv\/wp-json\/wp\/v2\/product_tag?post=12452"}],"curies":[{"name":"wp","href":"https:\/\/api.w.org\/{rel}","templated":true}]}}