{"id":12450,"date":"2026-02-27T00:14:06","date_gmt":"2026-02-27T00:14:06","guid":{"rendered":"https:\/\/nordicmart.andreevmaster.com\/product\/songmics-smyckeskrin-i-konstlader-svart\/"},"modified":"2026-02-27T08:08:13","modified_gmt":"2026-02-27T08:08:13","slug":"songmics-smyckeskrin-i-konstlader-svart","status":"publish","type":"product","link":"https:\/\/nordicmart.andreevmaster.com\/sv\/produkt\/songmics-smyckeskrin-i-konstlader-svart\/","title":{"rendered":"SONGMICS smyckeskrin i konstl\u00e4der, svart"},"content":{"rendered":"<p>Ett vackert, elegant och tidl\u00f6st smyckeskrin \u2013 ett riktigt blickf\u00e5ng i alla moderna hem! Detta eleganta smyckeskrin \u00f6vertygar inte bara med sin eleganta design, utan ocks\u00e5 med sin funktionalitet. Det \u00e4r perfekt f\u00f6r f\u00f6rvaring av klockor, halsband, \u00f6rh\u00e4ngen och mycket mer \u2013 \u00e4ven p\u00e5 resan. Dessutom skyddar det dina v\u00e4rdefulla favoritf\u00f6rem\u00e5l fr\u00e5n damm och repor. Denna eleganta smyckeskrin fr\u00e5n Songmics \u00e4r snyggt tillverkad och l\u00e4ttsk\u00f6tt och ett m\u00e5ste f\u00f6r alla smyckes\u00e4lskare. Produktdetaljer: F\u00e4rg: Svart Material: Yta: konstl\u00e4der; ram: medeldenskt tr\u00e4fiberplatta; insida: sammet M\u00e5tt: 22,5 x 17 x 13,5 cm F\u00f6rsta niv\u00e5n: Till v\u00e4nster ett fack med 2 ringplattor uppdelade i 3 lika stora fack (m\u00e5tt: 9,5 x 3 cm). Till h\u00f6ger 4 sm\u00e5 fack (4,5 x 4,5 cm) Niv\u00e5: 2 lika stora fack (13 x 4,5 cm) Niv\u00e5: 1 stort fack (13 x 8,5 cm). P\u00e5 h\u00f6ger sida av den andra niv\u00e5n finns ett klockkudde (9 x 6,5 cm) och en ringhylla (10 x 7 x 7 cm). Nettovikt: 1,06 kg. Leveransomfattning: 1 x smyckeskrin, 2 x nycklar.<\/p>\n","protected":false},"excerpt":{"rendered":"<p>SONGMICS smyckeskrin, smyckeskrin med l\u00e5dor, smyckeskrin med spegel och l\u00e5s, f\u00f6r ringar, armbandsur, \u00f6rh\u00e4ngen, halsband, konstl\u00e4der och sammet, som present, svart JBC114<\/p>\n","protected":false},"featured_media":40685,"comment_status":"open","ping_status":"closed","template":"","meta":[],"product_brand":[],"product_cat":[33],"product_tag":[],"class_list":{"0":"post-12450","1":"product","2":"type-product","3":"status-publish","4":"has-post-thumbnail","6":"product_cat-okategoriserad","8":"first","9":"instock","10":"shipping-taxable","11":"purchasable","12":"product-type-simple"},"_links":{"self":[{"href":"https:\/\/nordicmart.andreevmaster.com\/sv\/wp-json\/wp\/v2\/product\/12450","targetHints":{"allow":["GET"]}}],"collection":[{"href":"https:\/\/nordicmart.andreevmaster.com\/sv\/wp-json\/wp\/v2\/product"}],"about":[{"href":"https:\/\/nordicmart.andreevmaster.com\/sv\/wp-json\/wp\/v2\/types\/product"}],"replies":[{"embeddable":true,"href":"https:\/\/nordicmart.andreevmaster.com\/sv\/wp-json\/wp\/v2\/comments?post=12450"}],"wp:featuredmedia":[{"embeddable":true,"href":"https:\/\/nordicmart.andreevmaster.com\/sv\/wp-json\/wp\/v2\/media\/40685"}],"wp:attachment":[{"href":"https:\/\/nordicmart.andreevmaster.com\/sv\/wp-json\/wp\/v2\/media?parent=12450"}],"wp:term":[{"taxonomy":"product_brand","embeddable":true,"href":"https:\/\/nordicmart.andreevmaster.com\/sv\/wp-json\/wp\/v2\/product_brand?post=12450"},{"taxonomy":"product_cat","embeddable":true,"href":"https:\/\/nordicmart.andreevmaster.com\/sv\/wp-json\/wp\/v2\/product_cat?post=12450"},{"taxonomy":"product_tag","embeddable":true,"href":"https:\/\/nordicmart.andreevmaster.com\/sv\/wp-json\/wp\/v2\/product_tag?post=12450"}],"curies":[{"name":"wp","href":"https:\/\/api.w.org\/{rel}","templated":true}]}}