{"id":12449,"date":"2026-02-27T00:14:06","date_gmt":"2026-02-27T00:14:06","guid":{"rendered":"https:\/\/nordicmart.andreevmaster.com\/product\/songmics-smyckeskrin-10-lador-vit\/"},"modified":"2026-02-27T08:08:13","modified_gmt":"2026-02-27T08:08:13","slug":"songmics-smyckeskrin-10-lador-vit","status":"publish","type":"product","link":"https:\/\/nordicmart.andreevmaster.com\/sv\/produkt\/songmics-smyckeskrin-10-lador-vit\/","title":{"rendered":"SONGMICS smyckeskrin 10 l\u00e5dor Vit"},"content":{"rendered":"<p>Beskrivning: &#8211; En vacker, elegant och tidl\u00f6s smyckeskrin &#8211; ett riktigt blickf\u00e5ng i alla moderna hem! &#8211; Denna eleganta smyckeskrin \u00f6vertygar inte bara med sin eleganta design, utan ocks\u00e5 med sin funktionalitet. 10 l\u00e5dor erbjuder olika f\u00f6rvaringsm\u00f6jligheter f\u00f6r dina ringar, armband, kedjor, klockor och mycket mer &#8211; snyggt och platsbesparande. Dessutom skyddar den dina v\u00e4rdefulla favoritf\u00f6rem\u00e5l fr\u00e5n damm och repor. &#8211; Denna eleganta smyckeskrin fr\u00e5n Songmics \u00e4r snyggt tillverkad och l\u00e4tt att reng\u00f6ra och \u00e4r ett m\u00e5ste f\u00f6r alla smyckes\u00e4lskare. F\u00f6rvaring och sk\u00f6tsel: &#8211; Placera smyckeskrinet i ett ventilerat rum och undvik att l\u00e4mna det i solen eller i ett rum med h\u00f6g luftfuktighet under en l\u00e4ngre tid. L\u00e4mplig temperatur: 10-40 \u2103. &#8211; Fl\u00e4ckar p\u00e5 ytan kan torkas bort med en l\u00e4tt fuktad trasa, undvik att vatten tr\u00e4nger in i smyckeskrinet. &#8211; Anv\u00e4nd regelbundet det speciella v\u00e5rdmedlet f\u00f6r l\u00e4der f\u00f6r att bevara l\u00e4drets glans under l\u00e5ng tid.- Skydda smyckeskrinet fr\u00e5n att bli krossat vid f\u00f6rvaring. &#8211; F\u00f6rvara inte smyckeskrinet tillsammans med kemikalier. Produktdetaljer: &#8211; F\u00e4rg: vit (utsida) + beige (insida) &#8211; M\u00e5tt: 40,5 x 29 x 20,5 cm &#8211; Enskilda m\u00e5tt p\u00e5 de \u00f6vre nya l\u00e5dorna: 19,6 x 27,5 x 3,5 cm &#8211; M\u00e5tt p\u00e5 den tionde l\u00e5dan: 19,6 x 27,5 x 6,5 cm &#8211; Vikt: 5,1 kg Leveransomfattning: &#8211; 1 x smyckeskrin (utan smycken)<\/p>\n","protected":false},"excerpt":{"rendered":"<p>SONGMICS smyckeskrin, smyckeskrin med 10 niv\u00e5er, stort smyckeskrin i konstl\u00e4der, med l\u00e5dor och klockkuddar, 29 x 20,5 x 40,5 cm, vitt JBC10W, 403920.5cm<\/p>\n","protected":false},"featured_media":40684,"comment_status":"open","ping_status":"closed","template":"","meta":[],"product_brand":[],"product_cat":[33],"product_tag":[],"class_list":{"0":"post-12449","1":"product","2":"type-product","3":"status-publish","4":"has-post-thumbnail","6":"product_cat-okategoriserad","8":"first","9":"instock","10":"shipping-taxable","11":"purchasable","12":"product-type-simple"},"_links":{"self":[{"href":"https:\/\/nordicmart.andreevmaster.com\/sv\/wp-json\/wp\/v2\/product\/12449","targetHints":{"allow":["GET"]}}],"collection":[{"href":"https:\/\/nordicmart.andreevmaster.com\/sv\/wp-json\/wp\/v2\/product"}],"about":[{"href":"https:\/\/nordicmart.andreevmaster.com\/sv\/wp-json\/wp\/v2\/types\/product"}],"replies":[{"embeddable":true,"href":"https:\/\/nordicmart.andreevmaster.com\/sv\/wp-json\/wp\/v2\/comments?post=12449"}],"wp:featuredmedia":[{"embeddable":true,"href":"https:\/\/nordicmart.andreevmaster.com\/sv\/wp-json\/wp\/v2\/media\/40684"}],"wp:attachment":[{"href":"https:\/\/nordicmart.andreevmaster.com\/sv\/wp-json\/wp\/v2\/media?parent=12449"}],"wp:term":[{"taxonomy":"product_brand","embeddable":true,"href":"https:\/\/nordicmart.andreevmaster.com\/sv\/wp-json\/wp\/v2\/product_brand?post=12449"},{"taxonomy":"product_cat","embeddable":true,"href":"https:\/\/nordicmart.andreevmaster.com\/sv\/wp-json\/wp\/v2\/product_cat?post=12449"},{"taxonomy":"product_tag","embeddable":true,"href":"https:\/\/nordicmart.andreevmaster.com\/sv\/wp-json\/wp\/v2\/product_tag?post=12449"}],"curies":[{"name":"wp","href":"https:\/\/api.w.org\/{rel}","templated":true}]}}