{"id":12448,"date":"2026-02-27T00:14:05","date_gmt":"2026-02-27T00:14:05","guid":{"rendered":"https:\/\/nordicmart.andreevmaster.com\/product\/songmics-smyckeskrin-med-6-lador-vitt\/"},"modified":"2026-02-27T08:08:13","modified_gmt":"2026-02-27T08:08:13","slug":"songmics-smyckeskrin-med-6-lador-vitt","status":"publish","type":"product","link":"https:\/\/nordicmart.andreevmaster.com\/sv\/produkt\/songmics-smyckeskrin-med-6-lador-vitt\/","title":{"rendered":"SONGMICS smyckeskrin med 6 l\u00e5dor, vitt"},"content":{"rendered":"<p>Sju niv\u00e5er g\u00f6r denna smyckeskrin till den perfekta f\u00f6rvaringsplatsen f\u00f6r dina ringar, klockor, armband, kedjor och mycket mer. Locket \u00e4r utrustat med en stor spegel (15,3 x 9 cm) och ett sn\u00e4ppl\u00e5s. Den f\u00f6rsta niv\u00e5n (18 x 13 cm) har ett ringkudde (18 x 6,5 cm) och tv\u00e5 enskilda fack (8,5 x 5,8 cm). Den andra och tredje niv\u00e5n \u00e4r utan indelning, innerm\u00e5tt \u00e4r 17 x 13 x 4 cm. Den fj\u00e4rde niv\u00e5n \u00e4r indelad i tv\u00e5 fack, varje fack har m\u00e5tten 13 x 8,5 x 4 cm. Den femte niv\u00e5n har tre fack, ett stort (13 x 8,5 x 4 cm) till v\u00e4nster och tv\u00e5 sm\u00e5 (vardera 8,5 x 6,5 x 4 cm) till h\u00f6ger. Den sj\u00e4tte niv\u00e5n \u00e4r j\u00e4mnt uppdelad i fyra fack, detta fack har m\u00e5tten 8,5 x 6,5 x 4 cm. Den sjunde niv\u00e5n har nio sm\u00e5 fack, varje fack \u00e4r 5,5 x 4 x 4 cm. Dessutom kan sidorna p\u00e5 kofferten \u00f6ppnas ut\u00e5t, p\u00e5 b\u00e5da sidor finns fem krokar och en ficka f\u00f6r kedjor. Produktdetaljer: Totala m\u00e5tt: 36,5 x 30 x 17,5 cm Nettovikt: 4,2 kg F\u00e4rg: vit Material: konstl\u00e4der + fiberplatta med medelh\u00f6g densitet + sammet Leveransomfattning: 1x smyckeskrin 1x nyckel<\/p>\n","protected":false},"excerpt":{"rendered":"<p>SONGMICS smyckeskrin XXL smyckesk\u00e5p 7 lager med l\u00e5dor JBC06W<\/p>\n","protected":false},"featured_media":40683,"comment_status":"open","ping_status":"closed","template":"","meta":[],"product_brand":[],"product_cat":[33],"product_tag":[],"class_list":{"0":"post-12448","1":"product","2":"type-product","3":"status-publish","4":"has-post-thumbnail","6":"product_cat-okategoriserad","8":"first","9":"instock","10":"shipping-taxable","11":"purchasable","12":"product-type-simple"},"_links":{"self":[{"href":"https:\/\/nordicmart.andreevmaster.com\/sv\/wp-json\/wp\/v2\/product\/12448","targetHints":{"allow":["GET"]}}],"collection":[{"href":"https:\/\/nordicmart.andreevmaster.com\/sv\/wp-json\/wp\/v2\/product"}],"about":[{"href":"https:\/\/nordicmart.andreevmaster.com\/sv\/wp-json\/wp\/v2\/types\/product"}],"replies":[{"embeddable":true,"href":"https:\/\/nordicmart.andreevmaster.com\/sv\/wp-json\/wp\/v2\/comments?post=12448"}],"wp:featuredmedia":[{"embeddable":true,"href":"https:\/\/nordicmart.andreevmaster.com\/sv\/wp-json\/wp\/v2\/media\/40683"}],"wp:attachment":[{"href":"https:\/\/nordicmart.andreevmaster.com\/sv\/wp-json\/wp\/v2\/media?parent=12448"}],"wp:term":[{"taxonomy":"product_brand","embeddable":true,"href":"https:\/\/nordicmart.andreevmaster.com\/sv\/wp-json\/wp\/v2\/product_brand?post=12448"},{"taxonomy":"product_cat","embeddable":true,"href":"https:\/\/nordicmart.andreevmaster.com\/sv\/wp-json\/wp\/v2\/product_cat?post=12448"},{"taxonomy":"product_tag","embeddable":true,"href":"https:\/\/nordicmart.andreevmaster.com\/sv\/wp-json\/wp\/v2\/product_tag?post=12448"}],"curies":[{"name":"wp","href":"https:\/\/api.w.org\/{rel}","templated":true}]}}