{"id":12447,"date":"2026-02-27T00:14:05","date_gmt":"2026-02-27T00:14:05","guid":{"rendered":"https:\/\/nordicmart.andreevmaster.com\/product\/songmics-smyckeskrin-3-lador-vit\/"},"modified":"2026-02-27T08:08:13","modified_gmt":"2026-02-27T08:08:13","slug":"songmics-smyckeskrin-3-lador-vit","status":"publish","type":"product","link":"https:\/\/nordicmart.andreevmaster.com\/sv\/produkt\/songmics-smyckeskrin-3-lador-vit\/","title":{"rendered":"SONGMICS smyckeskrin 3 l\u00e5dor Vit"},"content":{"rendered":"<p>Produktdetaljer: F\u00e4rg: vit Material: konstl\u00e4der + MDF + sammet M\u00e5tt: 29,5 x 21,8 x 19,5 cm M\u00e5tt spegel: 22 x 14,4 cm M\u00e5tt sidofack: 20,3 x 15,6 cm M\u00e5tt ringslits: 5,8 x 8,7 cm M\u00e5tt p\u00e5 fack i 1:a l\u00e5dan: 10,3 x 19,5 x 2,5 cm M\u00e5tt p\u00e5 fack i 2:a l\u00e5dan: 4,3 x 6,5 x 2,5 cm M\u00e5tt p\u00e5 fack i 3:e l\u00e5dan: 5 x 9,5 x 5,5 cmLeveransomfattning:1 x smyckeskrin2 x nycklar<\/p>\n","protected":false},"excerpt":{"rendered":"<p>SONGMICS Smyckeskrin Stort smyckeskrin med 3 l\u00e5dor och spegel Fantastisk presentid\u00e9, vit JBC04W<\/p>\n","protected":false},"featured_media":40682,"comment_status":"open","ping_status":"closed","template":"","meta":[],"product_brand":[],"product_cat":[33],"product_tag":[],"class_list":{"0":"post-12447","1":"product","2":"type-product","3":"status-publish","4":"has-post-thumbnail","6":"product_cat-okategoriserad","8":"first","9":"instock","10":"shipping-taxable","11":"purchasable","12":"product-type-simple"},"_links":{"self":[{"href":"https:\/\/nordicmart.andreevmaster.com\/sv\/wp-json\/wp\/v2\/product\/12447","targetHints":{"allow":["GET"]}}],"collection":[{"href":"https:\/\/nordicmart.andreevmaster.com\/sv\/wp-json\/wp\/v2\/product"}],"about":[{"href":"https:\/\/nordicmart.andreevmaster.com\/sv\/wp-json\/wp\/v2\/types\/product"}],"replies":[{"embeddable":true,"href":"https:\/\/nordicmart.andreevmaster.com\/sv\/wp-json\/wp\/v2\/comments?post=12447"}],"wp:featuredmedia":[{"embeddable":true,"href":"https:\/\/nordicmart.andreevmaster.com\/sv\/wp-json\/wp\/v2\/media\/40682"}],"wp:attachment":[{"href":"https:\/\/nordicmart.andreevmaster.com\/sv\/wp-json\/wp\/v2\/media?parent=12447"}],"wp:term":[{"taxonomy":"product_brand","embeddable":true,"href":"https:\/\/nordicmart.andreevmaster.com\/sv\/wp-json\/wp\/v2\/product_brand?post=12447"},{"taxonomy":"product_cat","embeddable":true,"href":"https:\/\/nordicmart.andreevmaster.com\/sv\/wp-json\/wp\/v2\/product_cat?post=12447"},{"taxonomy":"product_tag","embeddable":true,"href":"https:\/\/nordicmart.andreevmaster.com\/sv\/wp-json\/wp\/v2\/product_tag?post=12447"}],"curies":[{"name":"wp","href":"https:\/\/api.w.org\/{rel}","templated":true}]}}