{"id":12444,"date":"2026-02-27T00:14:04","date_gmt":"2026-02-27T00:14:04","guid":{"rendered":"https:\/\/nordicmart.andreevmaster.com\/product\/songmics-elegant-smyckeskrin-i-konstlader-svart\/"},"modified":"2026-02-27T08:08:12","modified_gmt":"2026-02-27T08:08:12","slug":"songmics-elegant-smyckeskrin-i-konstlader-svart","status":"publish","type":"product","link":"https:\/\/nordicmart.andreevmaster.com\/sv\/produkt\/songmics-elegant-smyckeskrin-i-konstlader-svart\/","title":{"rendered":"SONGMICS Elegant smyckeskrin i konstl\u00e4der, svart"},"content":{"rendered":"<p>Produktdetaljer: Material: Yta: Konstl\u00e4der i svart; Ram: medeldensitetsfiberplatta; Inredning: sammet Produktm\u00e5tt: 31 x 20 x 20 cm (B x H x D) F\u00f6rsta l\u00e5dan indelad i 3 fack (8 x 15,7 x 2,2 cm + 11 x 15,7 x 2,2 cm + 8 x 15,7 x 2,2 cm)Andra l\u00e5dan \u00e4r uppdelad i tv\u00e5 fack (13,7 x 15,7 x 2,2 cm); tredje och fj\u00e4rde l\u00e5dan har vardera ett stort fack p\u00e5 27,7 x 15,7 x 2,2 cm Nettovikt: 2,5 kg Leveransomfattning: 1 x smyckeskrin 2 x nycklar<\/p>\n","protected":false},"excerpt":{"rendered":"<p>SONGMICS smyckeskrin med l\u00e5s och spegel, 5 niv\u00e5er, 4 l\u00e5dor JBC001<\/p>\n","protected":false},"featured_media":40679,"comment_status":"open","ping_status":"closed","template":"","meta":[],"product_brand":[],"product_cat":[33],"product_tag":[],"class_list":{"0":"post-12444","1":"product","2":"type-product","3":"status-publish","4":"has-post-thumbnail","6":"product_cat-okategoriserad","8":"first","9":"instock","10":"shipping-taxable","11":"purchasable","12":"product-type-simple"},"_links":{"self":[{"href":"https:\/\/nordicmart.andreevmaster.com\/sv\/wp-json\/wp\/v2\/product\/12444","targetHints":{"allow":["GET"]}}],"collection":[{"href":"https:\/\/nordicmart.andreevmaster.com\/sv\/wp-json\/wp\/v2\/product"}],"about":[{"href":"https:\/\/nordicmart.andreevmaster.com\/sv\/wp-json\/wp\/v2\/types\/product"}],"replies":[{"embeddable":true,"href":"https:\/\/nordicmart.andreevmaster.com\/sv\/wp-json\/wp\/v2\/comments?post=12444"}],"wp:featuredmedia":[{"embeddable":true,"href":"https:\/\/nordicmart.andreevmaster.com\/sv\/wp-json\/wp\/v2\/media\/40679"}],"wp:attachment":[{"href":"https:\/\/nordicmart.andreevmaster.com\/sv\/wp-json\/wp\/v2\/media?parent=12444"}],"wp:term":[{"taxonomy":"product_brand","embeddable":true,"href":"https:\/\/nordicmart.andreevmaster.com\/sv\/wp-json\/wp\/v2\/product_brand?post=12444"},{"taxonomy":"product_cat","embeddable":true,"href":"https:\/\/nordicmart.andreevmaster.com\/sv\/wp-json\/wp\/v2\/product_cat?post=12444"},{"taxonomy":"product_tag","embeddable":true,"href":"https:\/\/nordicmart.andreevmaster.com\/sv\/wp-json\/wp\/v2\/product_tag?post=12444"}],"curies":[{"name":"wp","href":"https:\/\/api.w.org\/{rel}","templated":true}]}}