{"id":12442,"date":"2026-02-27T00:14:04","date_gmt":"2026-02-27T00:14:04","guid":{"rendered":"https:\/\/nordicmart.andreevmaster.com\/product\/sangkladesset-in-the-woods-med-fyllning-storlek-l\/"},"modified":"2026-02-27T08:08:12","modified_gmt":"2026-02-27T08:08:12","slug":"sangkladesset-in-the-woods-med-fyllning-storlek-l","status":"publish","type":"product","link":"https:\/\/nordicmart.andreevmaster.com\/sv\/produkt\/sangkladesset-in-the-woods-med-fyllning-storlek-l\/","title":{"rendered":"S\u00e4ngkl\u00e4desset In the woods med fyllning storlek L"},"content":{"rendered":"<p>Ett set med s\u00e4ngkl\u00e4der i bomull som inneh\u00e5ller en kudde och en fylld t\u00e4cke, l\u00e4mpligt f\u00f6r barn upp till 5 \u00e5r.Alla barn \u00e4lskar djur och ber\u00e4ttelser om djur. D\u00e4rf\u00f6r best\u00e4mde vi oss f\u00f6r att skapa v\u00e5r egen serie \u201dIn the Woods\u201d med unika och f\u00e4rgglada djur- och v\u00e4xtmotiv. V\u00e5r bj\u00f6rn har strumpor och v\u00e5r hjort \u00e4r mintgr\u00f6n med prickar! Vi ville skapa en glad och f\u00e4rgglad st\u00e4mning. Vi har t\u00e4nkt p\u00e5 varje detalj. Den sista touchen \u00e4r den kantband som vi har lagt till p\u00e5 t\u00e4cket och kudden. <\/p>\n<p>S\u00e4ngkl\u00e4derna \u00e4r l\u00e4tta, mjuka och absorberar inte fukt tack vare sin allergiv\u00e4nliga silikonfiberfyllning. De h\u00f6gkvalitativa \u00f6verdraget av certifierad bomull \u00e4r andningsbara och garanterar en sk\u00f6n s\u00f6mn f\u00f6r ditt barn.<\/p>\n<p>S\u00e4ngkl\u00e4derna, inklusive fyllningen, kan tv\u00e4ttas i maskin, vilket g\u00f6r dem praktiska och hygieniska. <\/p>\n<p>**Detaljer:**<br \/>\n&#8211; designat och tillverkat i Polen<br \/>\n&#8211; originella djurmotiv p\u00e5 b\u00e5da sidor av \u00f6verdraget<br \/>\n&#8211; tryckta element bleknar inte (\u00e4ven efter upprepade tv\u00e4ttar)<br \/>\n&#8211; 100 % bomull med en tr\u00e5dtjocklek p\u00e5 150 g\/m2 och Oeko-Tex Standard 100 IW 00034<br \/>\n&#8211; certifikat; allergiv\u00e4nlig 200 g\/m2 silikonfiber<br \/>\n&#8211; tv\u00e4ttemperatur: 30 \u00b0C <\/p>\n<p>**Storlek:**<br \/>\nKudde: 40&#215;60 cm<br \/>\nT\u00e4cke: 140&#215;200 cm<\/p>\n<p>**Rekommenderas till detta set: **<br \/>\nTillbeh\u00f6r till detta s\u00e4ngkl\u00e4desset:<br \/>\n&#8211; Lakan \u201dIn the Woods\u201d med oregelbundna prickar (matchande) eller med diagonala r\u00e4nder och stj\u00e4rnor<br \/>\n&#8211; Pik\u00e9\u00f6verdrag med stj\u00e4rnm\u00f6nster i en av tv\u00e5 tillg\u00e4ngliga f\u00e4rger: kr\u00e4mvit eller delikat gr\u00e5<\/p>\n","protected":false},"excerpt":{"rendered":"<p>Ett set med s\u00e4ngkl\u00e4der i bomull som inneh\u00e5ller en kudde och en fylld t\u00e4cke, l\u00e4mpligt f\u00f6r barn upp till 5 \u00e5r.Alla barn \u00e4lskar djur och ber\u00e4ttelser om djur. D\u00e4rf\u00f6r best\u00e4mde vi oss f\u00f6r att skapa v\u00e5r egen serie \u201dIn the Woods\u201d med unika och f\u00e4rgglada djur- och v\u00e4xtmotiv. V\u00e5r bj\u00f6rn har strumpor och v\u00e5r hjort [&hellip;]<\/p>\n","protected":false},"featured_media":0,"comment_status":"open","ping_status":"closed","template":"","meta":[],"product_brand":[],"product_cat":[33],"product_tag":[],"class_list":{"0":"post-12442","1":"product","2":"type-product","3":"status-publish","5":"product_cat-okategoriserad","7":"first","8":"instock","9":"shipping-taxable","10":"purchasable","11":"product-type-simple"},"_links":{"self":[{"href":"https:\/\/nordicmart.andreevmaster.com\/sv\/wp-json\/wp\/v2\/product\/12442","targetHints":{"allow":["GET"]}}],"collection":[{"href":"https:\/\/nordicmart.andreevmaster.com\/sv\/wp-json\/wp\/v2\/product"}],"about":[{"href":"https:\/\/nordicmart.andreevmaster.com\/sv\/wp-json\/wp\/v2\/types\/product"}],"replies":[{"embeddable":true,"href":"https:\/\/nordicmart.andreevmaster.com\/sv\/wp-json\/wp\/v2\/comments?post=12442"}],"wp:attachment":[{"href":"https:\/\/nordicmart.andreevmaster.com\/sv\/wp-json\/wp\/v2\/media?parent=12442"}],"wp:term":[{"taxonomy":"product_brand","embeddable":true,"href":"https:\/\/nordicmart.andreevmaster.com\/sv\/wp-json\/wp\/v2\/product_brand?post=12442"},{"taxonomy":"product_cat","embeddable":true,"href":"https:\/\/nordicmart.andreevmaster.com\/sv\/wp-json\/wp\/v2\/product_cat?post=12442"},{"taxonomy":"product_tag","embeddable":true,"href":"https:\/\/nordicmart.andreevmaster.com\/sv\/wp-json\/wp\/v2\/product_tag?post=12442"}],"curies":[{"name":"wp","href":"https:\/\/api.w.org\/{rel}","templated":true}]}}