{"id":12441,"date":"2026-02-27T00:14:04","date_gmt":"2026-02-27T00:14:04","guid":{"rendered":"https:\/\/nordicmart.andreevmaster.com\/product\/in-the-woods-lakan-till-moseskorg\/"},"modified":"2026-02-27T08:08:12","modified_gmt":"2026-02-27T08:08:12","slug":"in-the-woods-lakan-till-moseskorg","status":"publish","type":"product","link":"https:\/\/nordicmart.andreevmaster.com\/sv\/produkt\/in-the-woods-lakan-till-moseskorg\/","title":{"rendered":"In the Woods lakan till moseskorg"},"content":{"rendered":"<p>Detaljer:<br \/>\n&#8211; lakan tillverkat av bomullsmuslin med Oeko-TEX Standard 100-certifikat,<br \/>\n&#8211; luftigt och mjukt,<br \/>\n&#8211; avslutat med ett elastiskt band som g\u00f6r att det inte glider av madrassen,<br \/>\n&#8211; f\u00e4rgen bleknar inte, \u00e4ven efter upprepade tv\u00e4ttar,<br \/>\n&#8211; passar perfekt till moseskorg, spj\u00e4ls\u00e4ng och barnvagn<\/p>\n<p>Tyg:<br \/>\n&#8211; bomull med Oeko-TEX Standard 100-certifikat<\/p>\n<p>M\u00e5tt (cm):<br \/>\n&#8211; passar madrasser som \u00e4r 72&#215;25 och 65&#215;31 cm<\/p>\n<p>Tv\u00e4tt:<br \/>\n&#8211; maskintv\u00e4ttbar (30 grader),<br \/>\n&#8211; f\u00e5r inte torktumlas,<br \/>\n&#8211; kan strykas fuktigt vid h\u00f6g temperatur,<br \/>\n&#8211; f\u00e5r inte blekas.<\/p>\n<p>F\u00e4rger:<br \/>\n&#8211; Sn\u00f6,<br \/>\n&#8211; Honung,<br \/>\n&#8211; Mj\u00f6lk,<br \/>\n&#8211; Vallmo,<br \/>\n&#8211; Mynta,<br \/>\n&#8211; Ljusbl\u00e5<br \/>\n&#8211; Godis<\/p>\n","protected":false},"excerpt":{"rendered":"<p>Detaljer: &#8211; lakan tillverkat av bomullsmuslin med Oeko-TEX Standard 100-certifikat, &#8211; luftigt och mjukt, &#8211; avslutat med ett elastiskt band som g\u00f6r att det inte glider av madrassen, &#8211; f\u00e4rgen bleknar inte, \u00e4ven efter upprepade tv\u00e4ttar, &#8211; passar perfekt till moseskorg, spj\u00e4ls\u00e4ng och barnvagn Tyg: &#8211; bomull med Oeko-TEX Standard 100-certifikat M\u00e5tt (cm): &#8211; passar [&hellip;]<\/p>\n","protected":false},"featured_media":0,"comment_status":"open","ping_status":"closed","template":"","meta":[],"product_brand":[],"product_cat":[33],"product_tag":[],"class_list":{"0":"post-12441","1":"product","2":"type-product","3":"status-publish","5":"product_cat-okategoriserad","7":"first","8":"instock","9":"shipping-taxable","10":"purchasable","11":"product-type-simple"},"_links":{"self":[{"href":"https:\/\/nordicmart.andreevmaster.com\/sv\/wp-json\/wp\/v2\/product\/12441","targetHints":{"allow":["GET"]}}],"collection":[{"href":"https:\/\/nordicmart.andreevmaster.com\/sv\/wp-json\/wp\/v2\/product"}],"about":[{"href":"https:\/\/nordicmart.andreevmaster.com\/sv\/wp-json\/wp\/v2\/types\/product"}],"replies":[{"embeddable":true,"href":"https:\/\/nordicmart.andreevmaster.com\/sv\/wp-json\/wp\/v2\/comments?post=12441"}],"wp:attachment":[{"href":"https:\/\/nordicmart.andreevmaster.com\/sv\/wp-json\/wp\/v2\/media?parent=12441"}],"wp:term":[{"taxonomy":"product_brand","embeddable":true,"href":"https:\/\/nordicmart.andreevmaster.com\/sv\/wp-json\/wp\/v2\/product_brand?post=12441"},{"taxonomy":"product_cat","embeddable":true,"href":"https:\/\/nordicmart.andreevmaster.com\/sv\/wp-json\/wp\/v2\/product_cat?post=12441"},{"taxonomy":"product_tag","embeddable":true,"href":"https:\/\/nordicmart.andreevmaster.com\/sv\/wp-json\/wp\/v2\/product_tag?post=12441"}],"curies":[{"name":"wp","href":"https:\/\/api.w.org\/{rel}","templated":true}]}}