{"id":12437,"date":"2026-02-27T00:14:03","date_gmt":"2026-02-27T00:14:03","guid":{"rendered":"https:\/\/nordicmart.andreevmaster.com\/product\/ines-neutralgra-leksakslada\/"},"modified":"2026-02-27T08:08:11","modified_gmt":"2026-02-27T08:08:11","slug":"ines-neutralgra-leksakslada","status":"publish","type":"product","link":"https:\/\/nordicmart.andreevmaster.com\/sv\/produkt\/ines-neutralgra-leksakslada\/","title":{"rendered":"Ines neutralgr\u00e5 leksaksl\u00e5da"},"content":{"rendered":"<p>Alla barn dr\u00f6mmer om en plats d\u00e4r de kan g\u00f6mma sina leksaker och skatter, och alla f\u00f6r\u00e4ldrar dr\u00f6mmer om att h\u00e5lla barnens rum st\u00e4dade. D\u00e4rf\u00f6r har vi tillverkat en s\u00e5 rymlig leksaksl\u00e5da.  **Huvudsakliga f\u00f6rdelar:**<br \/>\n&#8211; s\u00e4kert lockst\u00e4ngningssystem<br \/>\n&#8211; inf\u00e4llda h\u00e5l som skyddar mot att fingrarna kl\u00e4ms<br \/>\n&#8211; rymligt f\u00f6rvaringsutrymme f\u00f6r alla barnets leksaker\/filtar etc. **M\u00e5tt (cm)**:<br \/>\nh\u00f6jd:56<br \/>\nbredd:68,2<br \/>\ndjup:50 **M\u00f6belns material och ytbehandling:**<br \/>\n&#8211; Leksaksl\u00e5dan \u00e4r tillverkad av h\u00f6gkvalitativ MDF (alla yttre delar) och m\u00f6belskiva (botten och baksida), m\u00e5lad i en neutral gr\u00e5 f\u00e4rg<br \/>\n&#8211; s\u00e4kert lockst\u00e4ngningssystem <\/p>\n<p>**F\u00e4rger:**<br \/>\n&#8211; elegant vit<br \/>\n&#8211; neutral gr\u00e5.<\/p>\n<p>**Anv\u00e4ndarhandbok:**<br \/>\nM\u00f6beln ska torkas av med en mjuk bomullsduk fuktad med vatten eller ett produkt avsedd f\u00f6r m\u00f6belv\u00e5rd.<\/p>\n<p>**Ytterligare information:**<br \/>\nM\u00f6beln levereras i paket, avsedda f\u00f6r sj\u00e4lvmontering. Paketen inneh\u00e5ller detaljerade monteringsanvisningar samt tillbeh\u00f6r (skruvar etc.).<\/p>\n","protected":false},"excerpt":{"rendered":"<p>Alla barn dr\u00f6mmer om en plats d\u00e4r de kan g\u00f6mma sina leksaker och skatter, och alla f\u00f6r\u00e4ldrar dr\u00f6mmer om att h\u00e5lla barnens rum st\u00e4dade. D\u00e4rf\u00f6r har vi tillverkat en s\u00e5 rymlig leksaksl\u00e5da. **Huvudsakliga f\u00f6rdelar:** &#8211; s\u00e4kert lockst\u00e4ngningssystem &#8211; inf\u00e4llda h\u00e5l som skyddar mot att fingrarna kl\u00e4ms &#8211; rymligt f\u00f6rvaringsutrymme f\u00f6r alla barnets leksaker\/filtar etc. **M\u00e5tt [&hellip;]<\/p>\n","protected":false},"featured_media":0,"comment_status":"open","ping_status":"closed","template":"","meta":[],"product_brand":[],"product_cat":[33],"product_tag":[],"class_list":{"0":"post-12437","1":"product","2":"type-product","3":"status-publish","5":"product_cat-okategoriserad","7":"first","8":"instock","9":"shipping-taxable","10":"purchasable","11":"product-type-simple"},"_links":{"self":[{"href":"https:\/\/nordicmart.andreevmaster.com\/sv\/wp-json\/wp\/v2\/product\/12437","targetHints":{"allow":["GET"]}}],"collection":[{"href":"https:\/\/nordicmart.andreevmaster.com\/sv\/wp-json\/wp\/v2\/product"}],"about":[{"href":"https:\/\/nordicmart.andreevmaster.com\/sv\/wp-json\/wp\/v2\/types\/product"}],"replies":[{"embeddable":true,"href":"https:\/\/nordicmart.andreevmaster.com\/sv\/wp-json\/wp\/v2\/comments?post=12437"}],"wp:attachment":[{"href":"https:\/\/nordicmart.andreevmaster.com\/sv\/wp-json\/wp\/v2\/media?parent=12437"}],"wp:term":[{"taxonomy":"product_brand","embeddable":true,"href":"https:\/\/nordicmart.andreevmaster.com\/sv\/wp-json\/wp\/v2\/product_brand?post=12437"},{"taxonomy":"product_cat","embeddable":true,"href":"https:\/\/nordicmart.andreevmaster.com\/sv\/wp-json\/wp\/v2\/product_cat?post=12437"},{"taxonomy":"product_tag","embeddable":true,"href":"https:\/\/nordicmart.andreevmaster.com\/sv\/wp-json\/wp\/v2\/product_tag?post=12437"}],"curies":[{"name":"wp","href":"https:\/\/api.w.org\/{rel}","templated":true}]}}