{"id":12436,"date":"2026-02-27T00:14:03","date_gmt":"2026-02-27T00:14:03","guid":{"rendered":"https:\/\/nordicmart.andreevmaster.com\/product\/ines-neutralgra-2-dorrars-garderob-hog\/"},"modified":"2026-02-27T08:08:11","modified_gmt":"2026-02-27T08:08:11","slug":"ines-neutralgra-2-dorrars-garderob-hog","status":"publish","type":"product","link":"https:\/\/nordicmart.andreevmaster.com\/sv\/produkt\/ines-neutralgra-2-dorrars-garderob-hog\/","title":{"rendered":"Ines neutralgr\u00e5 2-d\u00f6rrars garderob, h\u00f6g"},"content":{"rendered":"<p>En rymlig, stor och funktionell garderob \u00e4r en oumb\u00e4rlig m\u00f6bel i varje rum (inte bara f\u00f6r barn).<br \/>\nEn tv\u00e5d\u00f6rrars garderob fr\u00e5n Ines-serien \u00e4r ett exempel p\u00e5 en fantastisk design, garderoben kan anpassas efter dina individuella behov.<br \/>\nSk\u00e5pets inredning best\u00e5r av en kl\u00e4dst\u00e5ng, sex hyllor, varav tre \u00e4r justerbara, och en l\u00e5ng hylla som str\u00e4cker sig \u00f6ver hela garderobens bredd. L\u00e4ngst ner i garderoben finns en rymlig l\u00e5da utrustad med s\u00e4kra och p\u00e5litliga Blum-skenor med st\u00e4ngningssystem.<br \/>\nM\u00f6beln \u00e4r avsedd f\u00f6r b\u00e5de mindre och st\u00f6rre barn.<\/p>\n<p>**M\u00e5tt (cm):**<br \/>\nh\u00f6jd: 193<br \/>\nbredd: 102<br \/>\ndjup: 51<\/p>\n<p>**M\u00f6belns material och ytbehandling:**<br \/>\n&#8211; d\u00f6rrar, l\u00e5dfronter, sidor, topp och sockel \u00e4r tillverkade av lackerad MDF-skiva i elegant vit eller neutral gr\u00e5 f\u00e4rg<br \/>\n&#8211; Stommen \u00e4r tillverkad av h\u00f6gkvalitativ laminerad skiva som \u00e4r motst\u00e5ndskraftig mot skador och fukt och l\u00e4tt att h\u00e5lla ren.<br \/>\n&#8211; Tysta styrskenor med sj\u00e4lvst\u00e4ngande funktion fr\u00e5n Blum.<br \/>\n&#8211; Handgjorda porslinshandtag i l\u00e5dorna.<br \/>\n&#8211; F\u00e4rgerna som anv\u00e4nds i lackeringsprocessen \u00e4r s\u00e4kra f\u00f6r barn, EN71\/3-godk\u00e4nda och orsakar inte allergi.<br \/>\n**F\u00e4rger:**<br \/>\n&#8211; elegant vitt<br \/>\n&#8211; neutralt gr\u00e5tt.<br \/>\n**Anv\u00e4ndarhandbok:**<br \/>\nM\u00f6blerna ska torkas av med en mjuk bomullsduk fuktad med vatten eller ett produkt avsedd f\u00f6r m\u00f6belv\u00e5rd.<\/p>\n<p>**Ytterligare information:**<br \/>\nM\u00f6blerna levereras i paket, avsedda f\u00f6r sj\u00e4lvmontering. Paketen inneh\u00e5ller detaljerade monteringsanvisningar samt tillbeh\u00f6r (skruvar etc.).<\/p>\n","protected":false},"excerpt":{"rendered":"<p>En rymlig, stor och funktionell garderob \u00e4r en oumb\u00e4rlig m\u00f6bel i varje rum (inte bara f\u00f6r barn). En tv\u00e5d\u00f6rrars garderob fr\u00e5n Ines-serien \u00e4r ett exempel p\u00e5 en fantastisk design, garderoben kan anpassas efter dina individuella behov. Sk\u00e5pets inredning best\u00e5r av en kl\u00e4dst\u00e5ng, sex hyllor, varav tre \u00e4r justerbara, och en l\u00e5ng hylla som str\u00e4cker sig [&hellip;]<\/p>\n","protected":false},"featured_media":0,"comment_status":"open","ping_status":"closed","template":"","meta":[],"product_brand":[],"product_cat":[33],"product_tag":[],"class_list":{"0":"post-12436","1":"product","2":"type-product","3":"status-publish","5":"product_cat-okategoriserad","7":"first","8":"instock","9":"shipping-taxable","10":"purchasable","11":"product-type-simple"},"_links":{"self":[{"href":"https:\/\/nordicmart.andreevmaster.com\/sv\/wp-json\/wp\/v2\/product\/12436","targetHints":{"allow":["GET"]}}],"collection":[{"href":"https:\/\/nordicmart.andreevmaster.com\/sv\/wp-json\/wp\/v2\/product"}],"about":[{"href":"https:\/\/nordicmart.andreevmaster.com\/sv\/wp-json\/wp\/v2\/types\/product"}],"replies":[{"embeddable":true,"href":"https:\/\/nordicmart.andreevmaster.com\/sv\/wp-json\/wp\/v2\/comments?post=12436"}],"wp:attachment":[{"href":"https:\/\/nordicmart.andreevmaster.com\/sv\/wp-json\/wp\/v2\/media?parent=12436"}],"wp:term":[{"taxonomy":"product_brand","embeddable":true,"href":"https:\/\/nordicmart.andreevmaster.com\/sv\/wp-json\/wp\/v2\/product_brand?post=12436"},{"taxonomy":"product_cat","embeddable":true,"href":"https:\/\/nordicmart.andreevmaster.com\/sv\/wp-json\/wp\/v2\/product_cat?post=12436"},{"taxonomy":"product_tag","embeddable":true,"href":"https:\/\/nordicmart.andreevmaster.com\/sv\/wp-json\/wp\/v2\/product_tag?post=12436"}],"curies":[{"name":"wp","href":"https:\/\/api.w.org\/{rel}","templated":true}]}}