{"id":12435,"date":"2026-02-27T00:14:02","date_gmt":"2026-02-27T00:14:02","guid":{"rendered":"https:\/\/nordicmart.andreevmaster.com\/product\/ines-bokhylla-i-neutralgratt\/"},"modified":"2026-02-27T08:08:11","modified_gmt":"2026-02-27T08:08:11","slug":"ines-bokhylla-i-neutralgratt","status":"publish","type":"product","link":"https:\/\/nordicmart.andreevmaster.com\/sv\/produkt\/ines-bokhylla-i-neutralgratt\/","title":{"rendered":"Ines bokhylla i neutralgr\u00e5tt"},"content":{"rendered":"<p>F\u00f6r att komplettera Ines-serien har vi skapat en rymlig bokhylla. Nu kan alla gosedjur, leksaker, b\u00f6cker och andra saker f\u00f6rvaras p\u00e5 ett och samma st\u00e4lle. De vackra reliefm\u00f6nstrade ornamenten pryder b\u00e5de barnrummet och f\u00f6r\u00e4ldrarnas sovrum. **Huvudsakliga f\u00f6rdelar:** &#8211; hyllor skyddade mot fall &#8211; 3 hyllor med h\u00f6jdjustering, en fast hylla. &#8211; kan monteras p\u00e5 v\u00e4ggen \u2013 rekommenderas &#8211; uppfyller europeiska standarder och s\u00e4kerhetsnormer. **M\u00e5tt (cm):** h\u00f6jd: 180 djup: 44<br \/>\nbredd: 80<\/p>\n<p>**M\u00f6belns material och ytbehandling:**<br \/>\n&#8211; fronter, sidor, topp och sockel \u00e4r tillverkade av lackerad MDF-skiva i elegant vit eller neutral gr\u00e5 f\u00e4rg<br \/>\n&#8211; alla hyllor \u00e4r tillverkade av laminerad skiva<br \/>\n&#8211; f\u00e4rgerna som anv\u00e4nds i lackeringsprocessen \u00e4r s\u00e4kra f\u00f6r barn, EN71\/3-godk\u00e4nda och orsakar inte allergi.<\/p>\n<p>**F\u00e4rger:**<br \/>\n&#8211; elegant vit<br \/>\n&#8211; neutral gr\u00e5. <\/p>\n<p>**Anv\u00e4ndarhandbok:**<br \/>\nM\u00f6blerna ska torkas av med en mjuk bomullsduk fuktad med vatten eller ett produkt avsedd f\u00f6r m\u00f6belv\u00e5rd.<\/p>\n<p>**Ytterligare information:**<br \/>\nM\u00f6blerna levereras i paket, avsedda f\u00f6r sj\u00e4lvmontering. Paketen inneh\u00e5ller detaljerade monteringsanvisningar samt tillbeh\u00f6r (skruvar etc.).<\/p>\n","protected":false},"excerpt":{"rendered":"<p>F\u00f6r att komplettera Ines-serien har vi skapat en rymlig bokhylla. Nu kan alla gosedjur, leksaker, b\u00f6cker och andra saker f\u00f6rvaras p\u00e5 ett och samma st\u00e4lle. De vackra reliefm\u00f6nstrade ornamenten pryder b\u00e5de barnrummet och f\u00f6r\u00e4ldrarnas sovrum. **Huvudsakliga f\u00f6rdelar:** &#8211; hyllor skyddade mot fall &#8211; 3 hyllor med h\u00f6jdjustering, en fast hylla. &#8211; kan monteras p\u00e5 v\u00e4ggen [&hellip;]<\/p>\n","protected":false},"featured_media":0,"comment_status":"open","ping_status":"closed","template":"","meta":[],"product_brand":[],"product_cat":[33],"product_tag":[],"class_list":{"0":"post-12435","1":"product","2":"type-product","3":"status-publish","5":"product_cat-okategoriserad","7":"first","8":"instock","9":"shipping-taxable","10":"purchasable","11":"product-type-simple"},"_links":{"self":[{"href":"https:\/\/nordicmart.andreevmaster.com\/sv\/wp-json\/wp\/v2\/product\/12435","targetHints":{"allow":["GET"]}}],"collection":[{"href":"https:\/\/nordicmart.andreevmaster.com\/sv\/wp-json\/wp\/v2\/product"}],"about":[{"href":"https:\/\/nordicmart.andreevmaster.com\/sv\/wp-json\/wp\/v2\/types\/product"}],"replies":[{"embeddable":true,"href":"https:\/\/nordicmart.andreevmaster.com\/sv\/wp-json\/wp\/v2\/comments?post=12435"}],"wp:attachment":[{"href":"https:\/\/nordicmart.andreevmaster.com\/sv\/wp-json\/wp\/v2\/media?parent=12435"}],"wp:term":[{"taxonomy":"product_brand","embeddable":true,"href":"https:\/\/nordicmart.andreevmaster.com\/sv\/wp-json\/wp\/v2\/product_brand?post=12435"},{"taxonomy":"product_cat","embeddable":true,"href":"https:\/\/nordicmart.andreevmaster.com\/sv\/wp-json\/wp\/v2\/product_cat?post=12435"},{"taxonomy":"product_tag","embeddable":true,"href":"https:\/\/nordicmart.andreevmaster.com\/sv\/wp-json\/wp\/v2\/product_tag?post=12435"}],"curies":[{"name":"wp","href":"https:\/\/api.w.org\/{rel}","templated":true}]}}