{"id":12434,"date":"2026-02-27T00:14:02","date_gmt":"2026-02-27T00:14:02","guid":{"rendered":"https:\/\/nordicmart.andreevmaster.com\/product\/ines-neutralgra-skotbord\/"},"modified":"2026-02-27T08:08:10","modified_gmt":"2026-02-27T08:08:10","slug":"ines-neutralgra-skotbord","status":"publish","type":"product","link":"https:\/\/nordicmart.andreevmaster.com\/sv\/produkt\/ines-neutralgra-skotbord\/","title":{"rendered":"Ines neutralgr\u00e5 sk\u00f6tbord"},"content":{"rendered":"<p>Sk\u00f6tbord \u00e4r ett m\u00e5ste f\u00f6r alla mammor. Barnet ligger s\u00e4kert precis framf\u00f6r dig. Du kan l\u00e4gga alla n\u00f6dv\u00e4ndiga produkter inom r\u00e4ckh\u00e5ll. Barnomsorgen blir nu enkel!<br \/>\nSk\u00f6tbordet kan monteras p\u00e5 mitten av byr\u00e5n. Det l\u00e4mnar inga m\u00e4rken efter demontering.**Huvudsakliga f\u00f6rdelar:** &#8211; uppfyller europeiska standarder och s\u00e4kerhetskrav &#8211; kan monteras i mitten av byr\u00e5n med 3 l\u00e5dor och p\u00e5 v\u00e4nster eller h\u00f6ger sida p\u00e5 byr\u00e5n med 4 l\u00e5dor &#8211; sk\u00f6tbordet kan f\u00f6rses med textilinsatser\/mattor med maximala m\u00e5tt p\u00e5 56 cm x 75 cm- barnets maximala vikt: 15 kg<\/p>\n<p>**M\u00e5tt (cm):**<br \/>\nh\u00f6jd: 8,5<br \/>\ndjup: 79,5<br \/>\nbredd: 60<\/p>\n<p>**M\u00f6belns material och ytbehandling:**<br \/>\n&#8211; sk\u00f6tbordet \u00e4r tillverkat av h\u00f6gkvalitativ MDF, m\u00e5lat i en elegant vit eller neutral gr\u00e5 f\u00e4rg med certifierad och barns\u00e4ker f\u00e4rg<br \/>\n&#8211; f\u00e4rgerna som anv\u00e4nds i lackeringsprocessen \u00e4r s\u00e4kra f\u00f6r barn, EN71\/3-godk\u00e4nda och orsakar inte allergi.<\/p>\n<p>**F\u00e4rger:**<br \/>\n&#8211; elegant vit<br \/>\n&#8211; neutral gr\u00e5. <\/p>\n<p>**Anv\u00e4ndningsinstruktioner:**<br \/>\nM\u00f6blerna ska torkas av med en mjuk bomullsduk fuktad med vatten eller ett produkt avsedd f\u00f6r m\u00f6belv\u00e5rd.<\/p>\n<p>**Ytterligare information:**<br \/>\nM\u00f6blerna levereras i paket, avsedda f\u00f6r sj\u00e4lvmontering. Paketen inneh\u00e5ller detaljerade monteringsanvisningar samt tillbeh\u00f6r (skruvar etc.).U<\/p>\n","protected":false},"excerpt":{"rendered":"<p>Sk\u00f6tbord \u00e4r ett m\u00e5ste f\u00f6r alla mammor. Barnet ligger s\u00e4kert precis framf\u00f6r dig. Du kan l\u00e4gga alla n\u00f6dv\u00e4ndiga produkter inom r\u00e4ckh\u00e5ll. Barnomsorgen blir nu enkel! Sk\u00f6tbordet kan monteras p\u00e5 mitten av byr\u00e5n. Det l\u00e4mnar inga m\u00e4rken efter demontering.**Huvudsakliga f\u00f6rdelar:** &#8211; uppfyller europeiska standarder och s\u00e4kerhetskrav &#8211; kan monteras i mitten av byr\u00e5n med 3 l\u00e5dor [&hellip;]<\/p>\n","protected":false},"featured_media":0,"comment_status":"open","ping_status":"closed","template":"","meta":[],"product_brand":[],"product_cat":[33],"product_tag":[],"class_list":{"0":"post-12434","1":"product","2":"type-product","3":"status-publish","5":"product_cat-okategoriserad","7":"first","8":"instock","9":"shipping-taxable","10":"purchasable","11":"product-type-simple"},"_links":{"self":[{"href":"https:\/\/nordicmart.andreevmaster.com\/sv\/wp-json\/wp\/v2\/product\/12434","targetHints":{"allow":["GET"]}}],"collection":[{"href":"https:\/\/nordicmart.andreevmaster.com\/sv\/wp-json\/wp\/v2\/product"}],"about":[{"href":"https:\/\/nordicmart.andreevmaster.com\/sv\/wp-json\/wp\/v2\/types\/product"}],"replies":[{"embeddable":true,"href":"https:\/\/nordicmart.andreevmaster.com\/sv\/wp-json\/wp\/v2\/comments?post=12434"}],"wp:attachment":[{"href":"https:\/\/nordicmart.andreevmaster.com\/sv\/wp-json\/wp\/v2\/media?parent=12434"}],"wp:term":[{"taxonomy":"product_brand","embeddable":true,"href":"https:\/\/nordicmart.andreevmaster.com\/sv\/wp-json\/wp\/v2\/product_brand?post=12434"},{"taxonomy":"product_cat","embeddable":true,"href":"https:\/\/nordicmart.andreevmaster.com\/sv\/wp-json\/wp\/v2\/product_cat?post=12434"},{"taxonomy":"product_tag","embeddable":true,"href":"https:\/\/nordicmart.andreevmaster.com\/sv\/wp-json\/wp\/v2\/product_tag?post=12434"}],"curies":[{"name":"wp","href":"https:\/\/api.w.org\/{rel}","templated":true}]}}