{"id":12433,"date":"2026-02-27T00:14:02","date_gmt":"2026-02-27T00:14:02","guid":{"rendered":"https:\/\/nordicmart.andreevmaster.com\/product\/ines-neutralgra-sang-90x200-med-lada\/"},"modified":"2026-02-27T08:08:10","modified_gmt":"2026-02-27T08:08:10","slug":"ines-neutralgra-sang-90x200-med-lada","status":"publish","type":"product","link":"https:\/\/nordicmart.andreevmaster.com\/sv\/produkt\/ines-neutralgra-sang-90x200-med-lada\/","title":{"rendered":"Ines neutralgr\u00e5 s\u00e4ng 90&#215;200 med l\u00e5da"},"content":{"rendered":"<p>I takt med att barnet v\u00e4xer v\u00e4xer ocks\u00e5 Ines-kollektionen. Nyheten \u00e4r den perfekta s\u00e4ngen f\u00f6r ett \u00e4ldre barn (200 cm x 90 cm).<br \/>\nS\u00e4ngens standardm\u00e5tt g\u00f6r det enklare att hitta en passande madrass eller k\u00f6pa alla typer av textilier. S\u00e4ngen \u00e4r dekorerad med ett elegant huvudgavel och fotgavel. S\u00e4ngen \u00e4r utrustad med en rymlig l\u00e5da som rymmer s\u00e4ngkl\u00e4der. Den kan ocks\u00e5 anv\u00e4ndas som extras\u00e4ng. **Huvudsakliga f\u00f6rdelar:** &#8211; madrassbotten ing\u00e5r &#8211; l\u00e5dan kan anv\u00e4ndas f\u00f6r f\u00f6rvaring eller som extra sovplats &#8211; utrustad med hjul &#8211; kan placeras p\u00e5 v\u00e4nster eller h\u00f6ger sida av s\u00e4ngen S\u00e4ngen passar en madrass i storleken 90&#215;200 cm. L\u00e5dan rymmer en standardmadrass i storleken 90&#215;195   **M\u00f6beldesign och ytbehandling:**<br \/>\n&#8211; sidor och l\u00e5dsida \u00e4r tillverkade av h\u00f6gkvalitativ MDF-skiva<br \/>\n&#8211; l\u00e5dans sidor \u00e4r tillverkade av h\u00f6gkvalitativ laminerad skiva som \u00e4r motst\u00e5ndskraftig mot skador och fukt och l\u00e4tt att h\u00e5lla ren<br \/>\n&#8211; l\u00e5dorna \u00e4r utrustade med hjul<br \/>\n&#8211; Madrassbotten \u00e4r tillverkad av boktr\u00e4<br \/>\n&#8211; Lackerad f\u00e4rg, s\u00e4ker f\u00f6r barn, certifierad enligt EN71 \/ 3, orsakar inte allergier<\/p>\n<p> **M\u00e5tt (cm):**<br \/>\nl\u00e4ngd: 208<br \/>\nh\u00f6jd: 95<br \/>\nbredd: 95,25<\/p>\n<p>**F\u00e4rger:**<br \/>\n&#8211; elegant vitt<br \/>\n&#8211; neutralt gr\u00e5tt<\/p>\n<p>**Bruksanvisning:**<br \/>\nM\u00f6blerna ska torkas av med en mjuk bomullsduk fuktad med vatten eller m\u00f6belpolish.<\/p>\n<p>**Ytterligare information:**<br \/>\nM\u00f6blerna levereras i l\u00e5dor f\u00f6r sj\u00e4lvmontering. L\u00e5dorna inneh\u00e5ller en detaljerad monteringsanvisning samt tillbeh\u00f6r (skruvar etc.).<\/p>\n","protected":false},"excerpt":{"rendered":"<p>I takt med att barnet v\u00e4xer v\u00e4xer ocks\u00e5 Ines-kollektionen. Nyheten \u00e4r den perfekta s\u00e4ngen f\u00f6r ett \u00e4ldre barn (200 cm x 90 cm). S\u00e4ngens standardm\u00e5tt g\u00f6r det enklare att hitta en passande madrass eller k\u00f6pa alla typer av textilier. S\u00e4ngen \u00e4r dekorerad med ett elegant huvudgavel och fotgavel. S\u00e4ngen \u00e4r utrustad med en rymlig l\u00e5da [&hellip;]<\/p>\n","protected":false},"featured_media":0,"comment_status":"open","ping_status":"closed","template":"","meta":[],"product_brand":[],"product_cat":[33],"product_tag":[],"class_list":{"0":"post-12433","1":"product","2":"type-product","3":"status-publish","5":"product_cat-okategoriserad","7":"first","8":"instock","9":"shipping-taxable","10":"purchasable","11":"product-type-simple"},"_links":{"self":[{"href":"https:\/\/nordicmart.andreevmaster.com\/sv\/wp-json\/wp\/v2\/product\/12433","targetHints":{"allow":["GET"]}}],"collection":[{"href":"https:\/\/nordicmart.andreevmaster.com\/sv\/wp-json\/wp\/v2\/product"}],"about":[{"href":"https:\/\/nordicmart.andreevmaster.com\/sv\/wp-json\/wp\/v2\/types\/product"}],"replies":[{"embeddable":true,"href":"https:\/\/nordicmart.andreevmaster.com\/sv\/wp-json\/wp\/v2\/comments?post=12433"}],"wp:attachment":[{"href":"https:\/\/nordicmart.andreevmaster.com\/sv\/wp-json\/wp\/v2\/media?parent=12433"}],"wp:term":[{"taxonomy":"product_brand","embeddable":true,"href":"https:\/\/nordicmart.andreevmaster.com\/sv\/wp-json\/wp\/v2\/product_brand?post=12433"},{"taxonomy":"product_cat","embeddable":true,"href":"https:\/\/nordicmart.andreevmaster.com\/sv\/wp-json\/wp\/v2\/product_cat?post=12433"},{"taxonomy":"product_tag","embeddable":true,"href":"https:\/\/nordicmart.andreevmaster.com\/sv\/wp-json\/wp\/v2\/product_tag?post=12433"}],"curies":[{"name":"wp","href":"https:\/\/api.w.org\/{rel}","templated":true}]}}