{"id":12432,"date":"2026-02-27T00:14:02","date_gmt":"2026-02-27T00:14:02","guid":{"rendered":"https:\/\/nordicmart.andreevmaster.com\/product\/ines-neutralgra-spjalsang-smabarnssang-70x140\/"},"modified":"2026-02-27T08:08:10","modified_gmt":"2026-02-27T08:08:10","slug":"ines-neutralgra-spjalsang-smabarnssang-70x140","status":"publish","type":"product","link":"https:\/\/nordicmart.andreevmaster.com\/sv\/produkt\/ines-neutralgra-spjalsang-smabarnssang-70x140\/","title":{"rendered":"Ines neutralgr\u00e5 spj\u00e4ls\u00e4ng\/sm\u00e5barnss\u00e4ng 70&#215;140"},"content":{"rendered":"<p>Spj\u00e4ls\u00e4ngen \u00e4r faktiskt den viktigaste m\u00f6beln i ett barns rum.<br \/>\nEn bekv\u00e4m spj\u00e4ls\u00e4ng som v\u00e4xer med barnet och f\u00f6ljer med det i vardagens utmaningar och uppt\u00e4ckter av v\u00e4rlden.<br \/>\nInes-s\u00e4ngen har m\u00e5nga funktioner som g\u00f6r den till en idealisk m\u00f6bel som uppfyller kraven hos kr\u00e4sna f\u00f6r\u00e4ldrar och barn.<\/p>\n<p>**Huvudsakliga f\u00f6rdelar:**<br \/>\n&#8211; Tre bash\u00f6jder:<br \/>\nNiv\u00e5 I \u2013 54 cm<br \/>\nNiv\u00e5 II \u2013 42 cm<br \/>\nNiv\u00e5 III \u2013 30 cm<br \/>\n&#8211; Spj\u00e4ls\u00e4ngen v\u00e4xer tillsammans med barnet &#8211; Genom att ta bort den fr\u00e4mre ramen kan man skapa en s\u00e4ng\/soffa<br \/>\n&#8211; Ett skyddsr\u00e4cke som skyddar barnet mot att falla ut efter att spj\u00e4ls\u00e4ngen har omvandlats till en s\u00e4ng ing\u00e5r. Skyddet kan monteras p\u00e5 h\u00f6ger eller v\u00e4nster sida av s\u00e4ngen<br \/>\n&#8211; en rymlig l\u00e5da med tysta Blum-skenor<br \/>\n&#8211; ett lock som t\u00e4cker l\u00e5dans inneh\u00e5ll<br \/>\n&#8211; spj\u00e4ls\u00e4ngen passar en standardmadrass i storlek 70&#215;140<br \/>\n&#8211; L\u00e4mplig \u00e5lder: Fr\u00e5n f\u00f6dseln till cirka 6 \u00e5r<\/p>\n<p>**M\u00e5tt (cm):**<br \/>\nh\u00f6jd: 92<br \/>\ndjup: 83,5<br \/>\nl\u00e4ngd: 152,5<\/p>\n<p>**M\u00f6belns material och ytbehandling:**<br \/>\n&#8211; L\u00e5dornas fronter, sidor, ovansida och sockel \u00e4r tillverkade av lackerad MDF-skiva i elegant vit eller neutral gr\u00e5 f\u00e4rg<br \/>\n&#8211; L\u00e5dornas sidor \u00e4r tillverkade av h\u00f6gkvalitativ laminerad skiva som \u00e4r motst\u00e5ndskraftig mot skador och fukt och l\u00e4tt att h\u00e5lla ren.<br \/>\n&#8211; Tysta styrskenor med sj\u00e4lvst\u00e4ngande funktion fr\u00e5n Blum.<br \/>\n&#8211; Handgjorda porslinshandtag.<br \/>\n&#8211; F\u00e4rgerna som anv\u00e4nds vid lackeringen \u00e4r s\u00e4kra f\u00f6r barn, EN71\/3-godk\u00e4nda och orsakar inte allergi.<br \/>\n**F\u00e4rger:**<br \/>\n&#8211; elegant vitt<br \/>\n&#8211; neutralt gr\u00e5tt.<br \/>\n**Anv\u00e4ndarhandbok:**<br \/>\nM\u00f6blerna ska torkas av med en mjuk bomullsduk fuktad med vatten eller ett produkt avsedd f\u00f6r m\u00f6belv\u00e5rd. **Ytterligare information:** M\u00f6blerna levereras i paket, avsedda f\u00f6r sj\u00e4lvmontering. Paketen inneh\u00e5ller detaljerade monteringsanvisningar samt tillbeh\u00f6r (skruvar etc.).<\/p>\n","protected":false},"excerpt":{"rendered":"<p>Spj\u00e4ls\u00e4ngen \u00e4r faktiskt den viktigaste m\u00f6beln i ett barns rum. En bekv\u00e4m spj\u00e4ls\u00e4ng som v\u00e4xer med barnet och f\u00f6ljer med det i vardagens utmaningar och uppt\u00e4ckter av v\u00e4rlden. Ines-s\u00e4ngen har m\u00e5nga funktioner som g\u00f6r den till en idealisk m\u00f6bel som uppfyller kraven hos kr\u00e4sna f\u00f6r\u00e4ldrar och barn. **Huvudsakliga f\u00f6rdelar:** &#8211; Tre bash\u00f6jder: Niv\u00e5 I \u2013 [&hellip;]<\/p>\n","protected":false},"featured_media":0,"comment_status":"open","ping_status":"closed","template":"","meta":[],"product_brand":[],"product_cat":[33],"product_tag":[],"class_list":{"0":"post-12432","1":"product","2":"type-product","3":"status-publish","5":"product_cat-okategoriserad","7":"first","8":"instock","9":"shipping-taxable","10":"purchasable","11":"product-type-simple"},"_links":{"self":[{"href":"https:\/\/nordicmart.andreevmaster.com\/sv\/wp-json\/wp\/v2\/product\/12432","targetHints":{"allow":["GET"]}}],"collection":[{"href":"https:\/\/nordicmart.andreevmaster.com\/sv\/wp-json\/wp\/v2\/product"}],"about":[{"href":"https:\/\/nordicmart.andreevmaster.com\/sv\/wp-json\/wp\/v2\/types\/product"}],"replies":[{"embeddable":true,"href":"https:\/\/nordicmart.andreevmaster.com\/sv\/wp-json\/wp\/v2\/comments?post=12432"}],"wp:attachment":[{"href":"https:\/\/nordicmart.andreevmaster.com\/sv\/wp-json\/wp\/v2\/media?parent=12432"}],"wp:term":[{"taxonomy":"product_brand","embeddable":true,"href":"https:\/\/nordicmart.andreevmaster.com\/sv\/wp-json\/wp\/v2\/product_brand?post=12432"},{"taxonomy":"product_cat","embeddable":true,"href":"https:\/\/nordicmart.andreevmaster.com\/sv\/wp-json\/wp\/v2\/product_cat?post=12432"},{"taxonomy":"product_tag","embeddable":true,"href":"https:\/\/nordicmart.andreevmaster.com\/sv\/wp-json\/wp\/v2\/product_tag?post=12432"}],"curies":[{"name":"wp","href":"https:\/\/api.w.org\/{rel}","templated":true}]}}