{"id":12431,"date":"2026-02-27T00:14:02","date_gmt":"2026-02-27T00:14:02","guid":{"rendered":"https:\/\/nordicmart.andreevmaster.com\/product\/ines-neutralgra-sang-120-x-200\/"},"modified":"2026-02-27T08:08:10","modified_gmt":"2026-02-27T08:08:10","slug":"ines-neutralgra-sang-120-x-200","status":"publish","type":"product","link":"https:\/\/nordicmart.andreevmaster.com\/sv\/produkt\/ines-neutralgra-sang-120-x-200\/","title":{"rendered":"Ines neutralgr\u00e5 s\u00e4ng 120 x 200"},"content":{"rendered":"<p>S\u00e4ngen Ines 120&#215;200 \u00e4r det perfekta valet f\u00f6r ett \u00e4ldre barn som \u00f6nskar mer utrymme f\u00f6r s\u00f6mn och avkoppling. Dess rymliga storlek garanterar komfort och god s\u00f6mn, och den blir ocks\u00e5 centrum f\u00f6r familjens filmkv\u00e4llar och den perfekta platsen f\u00f6r gemensamma kv\u00e4llsritualer som att l\u00e4sa b\u00f6cker eller prata, vilket skapar of\u00f6rgl\u00f6mliga minnen mellan barnet och f\u00f6r\u00e4ldern. Den standardiserade storleken g\u00f6r det enkelt att passa in madrass och s\u00e4ngkl\u00e4der, vilket g\u00f6r det enkelt att anpassa viloplatsen efter personliga \u00f6nskem\u00e5l. <\/p>\n<p>S\u00e4ngen Ines 120&#215;200 \u00e4r ett val f\u00f6r m\u00e5nga \u00e5r fram\u00f6ver tack vare sin solida konstruktion och tidl\u00f6sa design. Tillsammans med andra m\u00f6bler fr\u00e5n Ines-kollektionen skapar den en vacker, klassisk inredning med tidl\u00f6s karakt\u00e4r. <\/p>\n<p>Viktiga egenskaper:<br \/>\n\u2022 Rymlig storlek: 120&#215;200 cm, perfekt f\u00f6r v\u00e4xande barn och ton\u00e5ringar.<br \/>\n\u2022 Standardm\u00e5tt: L\u00e4tt att matcha med madrass och textilier.<br \/>\n\u2022 Elegant design: Dekorativt huvudgavel och fotgavel ger charm och stil. \u2022 Klassisk inredning: I kombination med Ines-kollektionen skapar den ett harmoniskt och stilfullt rum. \u2022 Ing\u00e5ende s\u00e4ngram: Ger extra komfort och stabilitet. \u2022 S\u00e4ker material: Uppfyller europeiska s\u00e4kerhetsstandarder, med barnv\u00e4nliga vattenbaserade lacker certifierade enligt standarden EN71\/3. \u2022 Kompatibel med s\u00e4kerhetsr\u00e4cke: En idealisk l\u00f6sning f\u00f6r f\u00f6r\u00e4ldrar som vill ha extra s\u00e4kerhet f\u00f6r att f\u00f6rhindra att barnet faller ur s\u00e4ngen under s\u00f6mnen.  <\/p>\n<p>Material och ytbehandling:<br \/>\n\u2022 Ben: Lackerat boktr\u00e4.<br \/>\n\u2022 Sidor och huvudgavel: Lackerad MDF-skiva.<br \/>\n\u2022 Nedre delen av huvudgaveln: Lackerad laminerad skiva. \u2022 \u00d6verdrag: Lackerad MDF-skiva.<br \/>\n\u2022 S\u00e4ngbotten: Slitstark bj\u00f6rkplywood som ger st\u00f6d.<br \/>\n\u2022 De vattenbaserade lackerna som anv\u00e4nds i lackeringsprocessen \u00e4r s\u00e4kra f\u00f6r barn och certifierade enligt standarden EN71\/3 f\u00f6r barnm\u00f6bler och leksaker.  <\/p>\n<p>Praktisk information:<br \/>\n\u2022 L\u00e4mplig madrass: F\u00f6r s\u00e4ngar 120&#215;200 cm, maximal h\u00f6jd 20 cm.<br \/>\n\u2022 H\u00f6jd fr\u00e5n s\u00e4ngbotten till sidor\u00e4cket: 10,5 cm.<br \/>\n\u2022 S\u00e4ngen har en st\u00f6dribba f\u00f6r s\u00e4ngbotten med justerbar h\u00f6jd.  <\/p>\n<p>Tillg\u00e4ngliga f\u00e4rger:<br \/>\n\u2022 Elegant vit<br \/>\n\u2022 Neutral gr\u00e5  <\/p>\n<p>M\u00e5tt:  \u2022 Huvudgavelh\u00f6jd: 95 cm<br \/>\n\u2022 Fotgavelh\u00f6jd: 59 cm<br \/>\n\u2022 Total l\u00e4ngd: 214,5 cm<br \/>\n\u2022 Total bredd: 130,5 cm  <\/p>\n<p>Sk\u00f6tselr\u00e5d: <\/p>\n<p>M\u00f6blerna b\u00f6r torkas av med en mjuk bomullsduk fuktad med vatten eller ett m\u00f6belv\u00e5rdsmedel f\u00f6r att beh\u00e5lla sin sk\u00f6nhet och h\u00e5llbarhet i m\u00e5nga \u00e5r. <\/p>\n<p>Ytterligare information: <\/p>\n<p>M\u00f6blerna levereras i paket f\u00f6r sj\u00e4lvmontering. M\u00f6blerna \u00e4r l\u00e4tta att montera tack vare de detaljerade instruktionerna och n\u00f6dv\u00e4ndiga tillbeh\u00f6r som medf\u00f6ljer.<\/p>\n","protected":false},"excerpt":{"rendered":"<p>S\u00e4ngen Ines 120&#215;200 \u00e4r det perfekta valet f\u00f6r ett \u00e4ldre barn som \u00f6nskar mer utrymme f\u00f6r s\u00f6mn och avkoppling. Dess rymliga storlek garanterar komfort och god s\u00f6mn, och den blir ocks\u00e5 centrum f\u00f6r familjens filmkv\u00e4llar och den perfekta platsen f\u00f6r gemensamma kv\u00e4llsritualer som att l\u00e4sa b\u00f6cker eller prata, vilket skapar of\u00f6rgl\u00f6mliga minnen mellan barnet och [&hellip;]<\/p>\n","protected":false},"featured_media":0,"comment_status":"open","ping_status":"closed","template":"","meta":[],"product_brand":[],"product_cat":[33],"product_tag":[],"class_list":{"0":"post-12431","1":"product","2":"type-product","3":"status-publish","5":"product_cat-okategoriserad","7":"first","8":"instock","9":"shipping-taxable","10":"purchasable","11":"product-type-simple"},"_links":{"self":[{"href":"https:\/\/nordicmart.andreevmaster.com\/sv\/wp-json\/wp\/v2\/product\/12431","targetHints":{"allow":["GET"]}}],"collection":[{"href":"https:\/\/nordicmart.andreevmaster.com\/sv\/wp-json\/wp\/v2\/product"}],"about":[{"href":"https:\/\/nordicmart.andreevmaster.com\/sv\/wp-json\/wp\/v2\/types\/product"}],"replies":[{"embeddable":true,"href":"https:\/\/nordicmart.andreevmaster.com\/sv\/wp-json\/wp\/v2\/comments?post=12431"}],"wp:attachment":[{"href":"https:\/\/nordicmart.andreevmaster.com\/sv\/wp-json\/wp\/v2\/media?parent=12431"}],"wp:term":[{"taxonomy":"product_brand","embeddable":true,"href":"https:\/\/nordicmart.andreevmaster.com\/sv\/wp-json\/wp\/v2\/product_brand?post=12431"},{"taxonomy":"product_cat","embeddable":true,"href":"https:\/\/nordicmart.andreevmaster.com\/sv\/wp-json\/wp\/v2\/product_cat?post=12431"},{"taxonomy":"product_tag","embeddable":true,"href":"https:\/\/nordicmart.andreevmaster.com\/sv\/wp-json\/wp\/v2\/product_tag?post=12431"}],"curies":[{"name":"wp","href":"https:\/\/api.w.org\/{rel}","templated":true}]}}