{"id":12428,"date":"2026-02-27T00:14:01","date_gmt":"2026-02-27T00:14:01","guid":{"rendered":"https:\/\/nordicmart.andreevmaster.com\/product\/ines-neutralgra-2-dorrars-byra\/"},"modified":"2026-02-27T08:08:09","modified_gmt":"2026-02-27T08:08:09","slug":"ines-neutralgra-2-dorrars-byra","status":"publish","type":"product","link":"https:\/\/nordicmart.andreevmaster.com\/sv\/produkt\/ines-neutralgra-2-dorrars-byra\/","title":{"rendered":"Ines neutralgr\u00e5 2-d\u00f6rrars byr\u00e5"},"content":{"rendered":"<p>Bokhyllan fr\u00e5n Ines-kollektionen \u00e4r utformad i klassisk stil, full av elegans i kombination med maximal funktionalitet.<br \/>\n Den \u00e4r perfekt f\u00f6r barnrum, f\u00f6r\u00e4ldrarnas sovrum eller hallen. Den \u00e4r rymlig och ger gott om plats f\u00f6r m\u00e5nga saker.  <\/p>\n<p>Huvudsakliga f\u00f6rdelar:<br \/>\n &#8211; 4 hyllor, 3 justerbara<br \/>\n &#8211; rymlig l\u00e5da<br \/>\n  handgjorda handtag som \u00e4r mycket bekv\u00e4ma att anv\u00e4nda<br \/>\n &#8211; kan monteras p\u00e5 v\u00e4ggen (rekommenderas)<br \/>\n &#8211; uppfyller europeiska s\u00e4kerhetsstandarder och normer<\/p>\n<p> M\u00e5tt (cm):<br \/>\n Bredd: 83,8 cm<br \/>\n h\u00f6jd: 125 cm<br \/>\n djup: 43,6 cm <\/p>\n<p>M\u00f6belns design och finish:<br \/>\n &#8211; L\u00e5dornas fronter, sidor, topp och botten \u00e4r tillverkade av MDF lackerad i elegant vitt eller neutralt gr\u00e5tt<br \/>\n &#8211; De inre hyllorna \u00e4r tillverkade av h\u00f6gkvalitativ laminerad skiva i vitbetsat &#8211;<br \/>\n H\u00f6gkvalitativa Blum-skenor med st\u00e4ngnings- och bromssystem &#8211;<br \/>\n Handgjorda porslinshandtag<br \/>\n &#8211; f\u00e4rgerna som anv\u00e4nds i m\u00e5lningsprocessen \u00e4r barns\u00e4kra, certifierade och orsakar inte allergier <\/p>\n<p>F\u00e4rger:<br \/>\n &#8211; elegant vitt<br \/>\n &#8211; neutralt gr\u00e5tt <\/p>\n<p>Instruktioner:<br \/>\n Bokhyllan ska reng\u00f6ras med en mjuk bomullsduk fuktad med vatten eller ett m\u00f6belv\u00e5rdsmedel. <\/p>\n<p>Ytterligare information: <\/p>\n<p>M\u00f6blerna levereras i paket f\u00f6r sj\u00e4lvmontering. Detaljerade monteringsanvisningar medf\u00f6ljer i f\u00f6rpackningarna tillsammans med tillbeh\u00f6r (skruvar etc.).<\/p>\n","protected":false},"excerpt":{"rendered":"<p>Bokhyllan fr\u00e5n Ines-kollektionen \u00e4r utformad i klassisk stil, full av elegans i kombination med maximal funktionalitet. Den \u00e4r perfekt f\u00f6r barnrum, f\u00f6r\u00e4ldrarnas sovrum eller hallen. Den \u00e4r rymlig och ger gott om plats f\u00f6r m\u00e5nga saker. Huvudsakliga f\u00f6rdelar: &#8211; 4 hyllor, 3 justerbara &#8211; rymlig l\u00e5da handgjorda handtag som \u00e4r mycket bekv\u00e4ma att anv\u00e4nda &#8211; [&hellip;]<\/p>\n","protected":false},"featured_media":0,"comment_status":"open","ping_status":"closed","template":"","meta":[],"product_brand":[],"product_cat":[33],"product_tag":[],"class_list":{"0":"post-12428","1":"product","2":"type-product","3":"status-publish","5":"product_cat-okategoriserad","7":"first","8":"instock","9":"shipping-taxable","10":"purchasable","11":"product-type-simple"},"_links":{"self":[{"href":"https:\/\/nordicmart.andreevmaster.com\/sv\/wp-json\/wp\/v2\/product\/12428","targetHints":{"allow":["GET"]}}],"collection":[{"href":"https:\/\/nordicmart.andreevmaster.com\/sv\/wp-json\/wp\/v2\/product"}],"about":[{"href":"https:\/\/nordicmart.andreevmaster.com\/sv\/wp-json\/wp\/v2\/types\/product"}],"replies":[{"embeddable":true,"href":"https:\/\/nordicmart.andreevmaster.com\/sv\/wp-json\/wp\/v2\/comments?post=12428"}],"wp:attachment":[{"href":"https:\/\/nordicmart.andreevmaster.com\/sv\/wp-json\/wp\/v2\/media?parent=12428"}],"wp:term":[{"taxonomy":"product_brand","embeddable":true,"href":"https:\/\/nordicmart.andreevmaster.com\/sv\/wp-json\/wp\/v2\/product_brand?post=12428"},{"taxonomy":"product_cat","embeddable":true,"href":"https:\/\/nordicmart.andreevmaster.com\/sv\/wp-json\/wp\/v2\/product_cat?post=12428"},{"taxonomy":"product_tag","embeddable":true,"href":"https:\/\/nordicmart.andreevmaster.com\/sv\/wp-json\/wp\/v2\/product_tag?post=12428"}],"curies":[{"name":"wp","href":"https:\/\/api.w.org\/{rel}","templated":true}]}}