{"id":12427,"date":"2026-02-27T00:14:01","date_gmt":"2026-02-27T00:14:01","guid":{"rendered":"https:\/\/nordicmart.andreevmaster.com\/product\/ines-skrivbord-i-neutralgratt\/"},"modified":"2026-02-27T08:08:09","modified_gmt":"2026-02-27T08:08:09","slug":"ines-skrivbord-i-neutralgratt","status":"publish","type":"product","link":"https:\/\/nordicmart.andreevmaster.com\/sv\/produkt\/ines-skrivbord-i-neutralgratt\/","title":{"rendered":"Ines skrivbord i neutralgr\u00e5tt"},"content":{"rendered":"<p>F\u00f6rr eller senare blir ett skrivbord ett n\u00f6dv\u00e4ndigt tillbeh\u00f6r i varje barnrum. Det eleganta och stilfulla skrivbordet med tv\u00e5 stora l\u00e5dor passar perfekt till hela Ines-kollektionen. Den tidl\u00f6sa designen g\u00f6r det till en idealisk l\u00f6sning, inte bara f\u00f6r barnrum.<\/p>\n<p>**Huvudsakliga egenskaper och f\u00f6rdelar:**<br \/>\n&#8211; 2 rymliga l\u00e5dor<\/p>\n<p>**M\u00e5tt (cm):**<br \/>\nh\u00f6jd: 78<br \/>\ndjup: 65<br \/>\nbredd: 120<\/p>\n<p>**M\u00f6belns utf\u00f6rande och finish:**<br \/>\n&#8211; M\u00f6belns stomme \u00e4r tillverkad av h\u00f6gkvalitativ MDF och sp\u00e5nskiva<br \/>\n&#8211; Underredet som m\u00f6belns stomme vilar p\u00e5 \u00e4r tillverkat av boktr\u00e4, lackerat med barns\u00e4ker f\u00e4rg <\/p>\n<p>**F\u00e4rger:**<br \/>\n&#8211; skrivbordet finns i elegant vitt eller neutralt gr\u00e5tt<\/p>\n<p>**Anv\u00e4ndningsinstruktioner:**<br \/>\nM\u00f6blerna ska torkas av med en mjuk bomullsduk fuktad med vatten eller ett produkt avsedd f\u00f6r m\u00f6belv\u00e5rd.<\/p>\n<p>**Ytterligare information:**<br \/>\nM\u00f6blerna levereras i paket, avsedda f\u00f6r sj\u00e4lvmontering. Paketen inneh\u00e5ller detaljerade monteringsanvisningar samt tillbeh\u00f6r (skruvar etc.).<\/p>\n","protected":false},"excerpt":{"rendered":"<p>F\u00f6rr eller senare blir ett skrivbord ett n\u00f6dv\u00e4ndigt tillbeh\u00f6r i varje barnrum. Det eleganta och stilfulla skrivbordet med tv\u00e5 stora l\u00e5dor passar perfekt till hela Ines-kollektionen. Den tidl\u00f6sa designen g\u00f6r det till en idealisk l\u00f6sning, inte bara f\u00f6r barnrum. **Huvudsakliga egenskaper och f\u00f6rdelar:** &#8211; 2 rymliga l\u00e5dor **M\u00e5tt (cm):** h\u00f6jd: 78 djup: 65 bredd: 120 [&hellip;]<\/p>\n","protected":false},"featured_media":0,"comment_status":"open","ping_status":"closed","template":"","meta":[],"product_brand":[],"product_cat":[33],"product_tag":[],"class_list":{"0":"post-12427","1":"product","2":"type-product","3":"status-publish","5":"product_cat-okategoriserad","7":"first","8":"instock","9":"shipping-taxable","10":"purchasable","11":"product-type-simple"},"_links":{"self":[{"href":"https:\/\/nordicmart.andreevmaster.com\/sv\/wp-json\/wp\/v2\/product\/12427","targetHints":{"allow":["GET"]}}],"collection":[{"href":"https:\/\/nordicmart.andreevmaster.com\/sv\/wp-json\/wp\/v2\/product"}],"about":[{"href":"https:\/\/nordicmart.andreevmaster.com\/sv\/wp-json\/wp\/v2\/types\/product"}],"replies":[{"embeddable":true,"href":"https:\/\/nordicmart.andreevmaster.com\/sv\/wp-json\/wp\/v2\/comments?post=12427"}],"wp:attachment":[{"href":"https:\/\/nordicmart.andreevmaster.com\/sv\/wp-json\/wp\/v2\/media?parent=12427"}],"wp:term":[{"taxonomy":"product_brand","embeddable":true,"href":"https:\/\/nordicmart.andreevmaster.com\/sv\/wp-json\/wp\/v2\/product_brand?post=12427"},{"taxonomy":"product_cat","embeddable":true,"href":"https:\/\/nordicmart.andreevmaster.com\/sv\/wp-json\/wp\/v2\/product_cat?post=12427"},{"taxonomy":"product_tag","embeddable":true,"href":"https:\/\/nordicmart.andreevmaster.com\/sv\/wp-json\/wp\/v2\/product_tag?post=12427"}],"curies":[{"name":"wp","href":"https:\/\/api.w.org\/{rel}","templated":true}]}}