{"id":12425,"date":"2026-02-27T00:14:00","date_gmt":"2026-02-27T00:14:00","guid":{"rendered":"https:\/\/nordicmart.andreevmaster.com\/product\/ines-elegant-vit-3-dorrars-garderob\/"},"modified":"2026-02-27T08:08:09","modified_gmt":"2026-02-27T08:08:09","slug":"ines-elegant-vit-3-dorrars-garderob","status":"publish","type":"product","link":"https:\/\/nordicmart.andreevmaster.com\/sv\/produkt\/ines-elegant-vit-3-dorrars-garderob\/","title":{"rendered":"Ines elegant vit 3-d\u00f6rrars garderob"},"content":{"rendered":"<p>Den extremt rymliga garderoben med tre d\u00f6rrar \u00e4r ett viktigt inslag f\u00f6r syskonen.Sk\u00e5pet har designats i tv\u00e5 delar: en bredare och en smalare. Den bredare delen med tv\u00e5 d\u00f6rrar \u00e4r utrustad med en kl\u00e4dst\u00e5ng och tv\u00e5 rymliga hyllor (som t\u00e4cker hela bredden p\u00e5 denna del av sk\u00e5pet). Den smalare delen har hyllor, varav tre kan justeras.<br \/>\nKompletteras med tv\u00e5 l\u00e5dor: en bredare och en smalare, som \u00e4r utrustade med Blum-skenor med mjukst\u00e4ngningsfunktion. M\u00e5tt (cm):<br \/>\nh\u00f6jd: 180<br \/>\nbredd: 150,5<br \/>\ndjup: 51  M\u00f6belns material och ytbehandling:<br \/>\n&#8211; d\u00f6rrar, l\u00e5dfronter, sidor, topp och sockel \u00e4r tillverkade av lackerad MDF-skiva i elegant vit eller neutral gr\u00e5 f\u00e4rg<br \/>\n&#8211; Stommen \u00e4r tillverkad av h\u00f6gkvalitativ laminerad skiva som \u00e4r motst\u00e5ndskraftig mot skador och fukt och l\u00e4tt att h\u00e5lla ren.<br \/>\n&#8211; Tysta skenor med sj\u00e4lvst\u00e4ngande funktion fr\u00e5n Blum.<br \/>\n&#8211; Handgjorda porslinshandtag i l\u00e5dorna.<br \/>\n&#8211; F\u00e4rgerna som anv\u00e4nds vid lackeringen \u00e4r barns\u00e4kra, EN71\/3-godk\u00e4nda och allergiv\u00e4nliga. F\u00e4rger:<br \/>\n&#8211; Elegant vitt.<br \/>\n&#8211; Neutralt gr\u00e5tt. Anv\u00e4ndarhandbok:<br \/>\nM\u00f6blerna ska torkas av med en mjuk bomullsduk fuktad med vatten eller ett m\u00f6belv\u00e5rdsmedel. Ytterligare information:<br \/>\nM\u00f6blerna levereras i paket, avsedda f\u00f6r sj\u00e4lvmontering. Paketen inneh\u00e5ller detaljerade monteringsanvisningar samt tillbeh\u00f6r (skruvar etc.).<\/p>\n","protected":false},"excerpt":{"rendered":"<p>Den extremt rymliga garderoben med tre d\u00f6rrar \u00e4r ett viktigt inslag f\u00f6r syskonen.Sk\u00e5pet har designats i tv\u00e5 delar: en bredare och en smalare. Den bredare delen med tv\u00e5 d\u00f6rrar \u00e4r utrustad med en kl\u00e4dst\u00e5ng och tv\u00e5 rymliga hyllor (som t\u00e4cker hela bredden p\u00e5 denna del av sk\u00e5pet). Den smalare delen har hyllor, varav tre kan [&hellip;]<\/p>\n","protected":false},"featured_media":0,"comment_status":"open","ping_status":"closed","template":"","meta":[],"product_brand":[],"product_cat":[33],"product_tag":[],"class_list":{"0":"post-12425","1":"product","2":"type-product","3":"status-publish","5":"product_cat-okategoriserad","7":"first","8":"instock","9":"shipping-taxable","10":"purchasable","11":"product-type-simple"},"_links":{"self":[{"href":"https:\/\/nordicmart.andreevmaster.com\/sv\/wp-json\/wp\/v2\/product\/12425","targetHints":{"allow":["GET"]}}],"collection":[{"href":"https:\/\/nordicmart.andreevmaster.com\/sv\/wp-json\/wp\/v2\/product"}],"about":[{"href":"https:\/\/nordicmart.andreevmaster.com\/sv\/wp-json\/wp\/v2\/types\/product"}],"replies":[{"embeddable":true,"href":"https:\/\/nordicmart.andreevmaster.com\/sv\/wp-json\/wp\/v2\/comments?post=12425"}],"wp:attachment":[{"href":"https:\/\/nordicmart.andreevmaster.com\/sv\/wp-json\/wp\/v2\/media?parent=12425"}],"wp:term":[{"taxonomy":"product_brand","embeddable":true,"href":"https:\/\/nordicmart.andreevmaster.com\/sv\/wp-json\/wp\/v2\/product_brand?post=12425"},{"taxonomy":"product_cat","embeddable":true,"href":"https:\/\/nordicmart.andreevmaster.com\/sv\/wp-json\/wp\/v2\/product_cat?post=12425"},{"taxonomy":"product_tag","embeddable":true,"href":"https:\/\/nordicmart.andreevmaster.com\/sv\/wp-json\/wp\/v2\/product_tag?post=12425"}],"curies":[{"name":"wp","href":"https:\/\/api.w.org\/{rel}","templated":true}]}}