{"id":12423,"date":"2026-02-27T00:14:00","date_gmt":"2026-02-27T00:14:00","guid":{"rendered":"https:\/\/nordicmart.andreevmaster.com\/product\/ines-elegant-vitt-nattduksbord\/"},"modified":"2026-02-27T08:08:09","modified_gmt":"2026-02-27T08:08:09","slug":"ines-elegant-vitt-nattduksbord","status":"publish","type":"product","link":"https:\/\/nordicmart.andreevmaster.com\/sv\/produkt\/ines-elegant-vitt-nattduksbord\/","title":{"rendered":"Ines elegant vitt nattduksbord"},"content":{"rendered":"<p>Ines nattduksbord kombinerar elegant design med maximal funktionalitet och erbjuder en l\u00f6sning som \u00e4r skr\u00e4ddarsydd f\u00f6r b\u00e5de yngre och \u00e4ldre barns behov, samt f\u00f6r\u00e4ldrarnas. Dess kompakta storlek g\u00f6r att det kan placeras var som helst i hemmet och \u00e4r ett perfekt komplement till alla rum med komfort och stil. <\/p>\n<p>Viktiga egenskaper:<br \/>\n\u2022 Praktisk f\u00f6rvaring: Tv\u00e5 l\u00e5dor p\u00e5 GTV-kulskenor ger plats f\u00f6r de mest n\u00f6dv\u00e4ndiga prylarna<br \/>\n\u2022 Handgjorda handtag: Bekv\u00e4m att anv\u00e4nda tack vare ergonomiska handtag<br \/>\n\u2022 M\u00e5ngsidig anv\u00e4ndning: Perfekt inte bara f\u00f6r barnrum utan \u00e4ven f\u00f6r f\u00f6r\u00e4ldrarnas sovrum<br \/>\n\u2022 S\u00e4ker material: Uppfyller europeiska s\u00e4kerhetsstandarder, med barnv\u00e4nliga vattenbaserade lacker.  <\/p>\n<p>Material och ytbehandling:  \u2022 Ben: lackerad bok<br \/>\n\u2022 Skivor och l\u00e5dfronter: Lackerad MDF-skiva<br \/>\n\u2022 Sidor: lackerad laminerad skiva<br \/>\n\u2022 L\u00e5dans sidor och baksida, bottenkant: laminerad skiva  <\/p>\n<p>De vattenbaserade lackerna som anv\u00e4nds i lackeringsprocessen \u00e4r s\u00e4kra f\u00f6r barn och certifierade enligt standarden EN71\/3 f\u00f6r barnm\u00f6bler och leksaker. <\/p>\n<p>M\u00e5tt:<br \/>\n\u2022 H\u00f6jd: 59 cm<br \/>\n\u2022 Djup: 40 cm<br \/>\n\u2022 Bredd: 51 cm  <\/p>\n<p> Tillg\u00e4ngliga f\u00e4rger:  \u2022 Elegant vitt \u2022 Neutralt gr\u00e5tt  <\/p>\n<p> Sk\u00f6tselr\u00e5d: <\/p>\n<p>M\u00f6blerna b\u00f6r torkas av med en mjuk bomullsduk fuktad med vatten eller ett m\u00f6belv\u00e5rdsmedel f\u00f6r att beh\u00e5lla sin sk\u00f6nhet och h\u00e5llbarhet i m\u00e5nga \u00e5r. <\/p>\n<p>Ytterligare information: <\/p>\n<p>M\u00f6blerna levereras i paket f\u00f6r sj\u00e4lvmontering, med l\u00e4ttf\u00f6rst\u00e5eliga instruktioner och n\u00f6dv\u00e4ndig utrustning.<\/p>\n","protected":false},"excerpt":{"rendered":"<p>Ines nattduksbord kombinerar elegant design med maximal funktionalitet och erbjuder en l\u00f6sning som \u00e4r skr\u00e4ddarsydd f\u00f6r b\u00e5de yngre och \u00e4ldre barns behov, samt f\u00f6r\u00e4ldrarnas. Dess kompakta storlek g\u00f6r att det kan placeras var som helst i hemmet och \u00e4r ett perfekt komplement till alla rum med komfort och stil. Viktiga egenskaper: \u2022 Praktisk f\u00f6rvaring: Tv\u00e5 [&hellip;]<\/p>\n","protected":false},"featured_media":0,"comment_status":"open","ping_status":"closed","template":"","meta":[],"product_brand":[],"product_cat":[33],"product_tag":[],"class_list":{"0":"post-12423","1":"product","2":"type-product","3":"status-publish","5":"product_cat-okategoriserad","7":"first","8":"instock","9":"shipping-taxable","10":"purchasable","11":"product-type-simple"},"_links":{"self":[{"href":"https:\/\/nordicmart.andreevmaster.com\/sv\/wp-json\/wp\/v2\/product\/12423","targetHints":{"allow":["GET"]}}],"collection":[{"href":"https:\/\/nordicmart.andreevmaster.com\/sv\/wp-json\/wp\/v2\/product"}],"about":[{"href":"https:\/\/nordicmart.andreevmaster.com\/sv\/wp-json\/wp\/v2\/types\/product"}],"replies":[{"embeddable":true,"href":"https:\/\/nordicmart.andreevmaster.com\/sv\/wp-json\/wp\/v2\/comments?post=12423"}],"wp:attachment":[{"href":"https:\/\/nordicmart.andreevmaster.com\/sv\/wp-json\/wp\/v2\/media?parent=12423"}],"wp:term":[{"taxonomy":"product_brand","embeddable":true,"href":"https:\/\/nordicmart.andreevmaster.com\/sv\/wp-json\/wp\/v2\/product_brand?post=12423"},{"taxonomy":"product_cat","embeddable":true,"href":"https:\/\/nordicmart.andreevmaster.com\/sv\/wp-json\/wp\/v2\/product_cat?post=12423"},{"taxonomy":"product_tag","embeddable":true,"href":"https:\/\/nordicmart.andreevmaster.com\/sv\/wp-json\/wp\/v2\/product_tag?post=12423"}],"curies":[{"name":"wp","href":"https:\/\/api.w.org\/{rel}","templated":true}]}}