{"id":12419,"date":"2026-02-27T00:13:59","date_gmt":"2026-02-27T00:13:59","guid":{"rendered":"https:\/\/nordicmart.andreevmaster.com\/product\/ines-elegant-vit-hylla\/"},"modified":"2026-02-27T08:08:08","modified_gmt":"2026-02-27T08:08:08","slug":"ines-elegant-vit-hylla","status":"publish","type":"product","link":"https:\/\/nordicmart.andreevmaster.com\/sv\/produkt\/ines-elegant-vit-hylla\/","title":{"rendered":"Ines elegant vit hylla"},"content":{"rendered":"<p>Hylla fr\u00e5n Ines-kollektionen \u00e4r en mycket praktisk m\u00f6bel. Beroende p\u00e5 syftet kan den fylla m\u00e5nga funktioner. Den kan h\u00e4ngas ovanf\u00f6r byr\u00e5n s\u00e5 att man har tillg\u00e5ng till de mest n\u00f6dv\u00e4ndiga tillbeh\u00f6ren f\u00f6r sm\u00e5 barn eller dekoreras med ramar, bilder, f\u00f6rvaring av b\u00f6cker, sm\u00e5 prydnadssaker, tallrikar och liknande. Hyllan har tre praktiska stativ d\u00e4r man kan h\u00e4nga bl\u00f6jor, handdukar och kl\u00e4der. \u00c4ldre barn kommer s\u00e4kert att anv\u00e4nda dem f\u00f6r att h\u00e4nga nycklar, v\u00e4skor, favoritscarves eller hattar.   **Huvudsakliga egenskaper och f\u00f6rdelar:**<br \/>\n&#8211; tre praktiska stativ<br \/>\n&#8211; g\u00f6r det m\u00f6jligt att h\u00e4nga och placera f\u00f6rem\u00e5l\/b\u00f6cker\/saker etc. samtidigt<br \/>\n&#8211; organiserar utrymmet <\/p>\n<p>**M\u00e5tt:**<br \/>\nbredd: 77 cm<br \/>\ndjup: 22,5 cm<br \/>\nh\u00f6jd: 40 cm   **Utf\u00f6rande och finish: **<br \/>\n&#8211; ovansidan och sidorna \u00e4r tillverkade av h\u00f6gkvalitativ MDF, m\u00e5lad i en elegant vit eller neutral gr\u00e5 f\u00e4rg med certifierad och barns\u00e4ker f\u00e4rg<br \/>\n&#8211; hyllan och baksidan \u00e4r tillverkade av h\u00f6gkvalitativ laminerad skiva som \u00e4r motst\u00e5ndskraftig mot skador och fukt och l\u00e4tt att h\u00e5lla ren<br \/>\n&#8211; f\u00e4rgerna som anv\u00e4nds i lackeringsprocessen \u00e4r s\u00e4kra f\u00f6r barn, EN71\/3-godk\u00e4nda och orsakar inte allergi. **F\u00e4rger:** &#8211; elegant vit &#8211; neutral gr\u00e5. **Anv\u00e4ndarhandbok:** M\u00f6blerna ska torkas av med en mjuk bomullsduk fuktad med vatten eller ett produkt avsedd f\u00f6r m\u00f6belv\u00e5rd. **Ytterligare information:** M\u00f6blerna levereras i paket, avsedda f\u00f6r sj\u00e4lvmontering. Paketen inneh\u00e5ller detaljerade monteringsanvisningar samt tillbeh\u00f6r (skruvar etc.). K\u00d6P I<\/p>\n","protected":false},"excerpt":{"rendered":"<p>Hylla fr\u00e5n Ines-kollektionen \u00e4r en mycket praktisk m\u00f6bel. Beroende p\u00e5 syftet kan den fylla m\u00e5nga funktioner. Den kan h\u00e4ngas ovanf\u00f6r byr\u00e5n s\u00e5 att man har tillg\u00e5ng till de mest n\u00f6dv\u00e4ndiga tillbeh\u00f6ren f\u00f6r sm\u00e5 barn eller dekoreras med ramar, bilder, f\u00f6rvaring av b\u00f6cker, sm\u00e5 prydnadssaker, tallrikar och liknande. Hyllan har tre praktiska stativ d\u00e4r man kan [&hellip;]<\/p>\n","protected":false},"featured_media":0,"comment_status":"open","ping_status":"closed","template":"","meta":[],"product_brand":[],"product_cat":[33],"product_tag":[],"class_list":{"0":"post-12419","1":"product","2":"type-product","3":"status-publish","5":"product_cat-okategoriserad","7":"first","8":"instock","9":"shipping-taxable","10":"purchasable","11":"product-type-simple"},"_links":{"self":[{"href":"https:\/\/nordicmart.andreevmaster.com\/sv\/wp-json\/wp\/v2\/product\/12419","targetHints":{"allow":["GET"]}}],"collection":[{"href":"https:\/\/nordicmart.andreevmaster.com\/sv\/wp-json\/wp\/v2\/product"}],"about":[{"href":"https:\/\/nordicmart.andreevmaster.com\/sv\/wp-json\/wp\/v2\/types\/product"}],"replies":[{"embeddable":true,"href":"https:\/\/nordicmart.andreevmaster.com\/sv\/wp-json\/wp\/v2\/comments?post=12419"}],"wp:attachment":[{"href":"https:\/\/nordicmart.andreevmaster.com\/sv\/wp-json\/wp\/v2\/media?parent=12419"}],"wp:term":[{"taxonomy":"product_brand","embeddable":true,"href":"https:\/\/nordicmart.andreevmaster.com\/sv\/wp-json\/wp\/v2\/product_brand?post=12419"},{"taxonomy":"product_cat","embeddable":true,"href":"https:\/\/nordicmart.andreevmaster.com\/sv\/wp-json\/wp\/v2\/product_cat?post=12419"},{"taxonomy":"product_tag","embeddable":true,"href":"https:\/\/nordicmart.andreevmaster.com\/sv\/wp-json\/wp\/v2\/product_tag?post=12419"}],"curies":[{"name":"wp","href":"https:\/\/api.w.org\/{rel}","templated":true}]}}