{"id":12414,"date":"2026-02-27T00:13:58","date_gmt":"2026-02-27T00:13:58","guid":{"rendered":"https:\/\/nordicmart.andreevmaster.com\/product\/ines-elegant-vit-byra-med-4-lador\/"},"modified":"2026-02-27T08:08:07","modified_gmt":"2026-02-27T08:08:07","slug":"ines-elegant-vit-byra-med-4-lador","status":"publish","type":"product","link":"https:\/\/nordicmart.andreevmaster.com\/sv\/produkt\/ines-elegant-vit-byra-med-4-lador\/","title":{"rendered":"Ines elegant vit byr\u00e5 med 4 l\u00e5dor"},"content":{"rendered":"<p>Ines byr\u00e5 med 4 l\u00e5dor \u00e4r ett bra val f\u00f6r \u00e4ldre barn. Liksom alla byr\u00e5er i kollektionen har den en klassisk stil som \u00e4r b\u00e5de elegant och maximalt funktionell.<br \/>\nDet b\u00e4sta valet f\u00f6r barnrummet eller f\u00f6r\u00e4ldrarnas sovrum.<br \/>\nByr\u00e5n kan anpassas f\u00f6r att montera ett sk\u00f6tbord (p\u00e5 v\u00e4nster eller h\u00f6ger sida).<br \/>\nFinns i tv\u00e5 f\u00e4rger: elegant vit eller neutral gr\u00e5.<br \/>\n**Huvudsakliga f\u00f6rdelar:**<br \/>\n&#8211; tre rymliga l\u00e5dor (den f\u00f6rsta l\u00e5dan \u00e4r indelad i tv\u00e5 delar inuti),<br \/>\n&#8211; ett sk\u00f6tbord kan monteras ovanp\u00e5,<br \/>\n&#8211; kan monteras p\u00e5 v\u00e4ggen \u2013 rekommenderas,<br \/>\n&#8211; tysta styrskenor med sj\u00e4lvst\u00e4ngande funktion fr\u00e5n Blum<br \/>\n&#8211; bekv\u00e4ma handgjorda handtag,<br \/>\n&#8211; uppfyller europeiska standarder och s\u00e4kerhetsnormer.<\/p>\n<p>**M\u00e5tt (cm):**<br \/>\nh\u00f6jd: 90<br \/>\ndjup: 51<br \/>\nbredd: 120<\/p>\n<p>**M\u00f6belns material och ytbehandling:**<br \/>\n&#8211; l\u00e5dfronter, sidor, topp och sockel \u00e4r tillverkade av lackerad MDF-skiva i elegant vitt eller neutralt gr\u00e5tt<br \/>\n&#8211; Stommen \u00e4r tillverkad av h\u00f6gkvalitativ laminerad skiva som \u00e4r motst\u00e5ndskraftig mot skador och fukt och l\u00e4tt att h\u00e5lla ren. &#8211; Tysta styrskenor med sj\u00e4lvst\u00e4ngande funktion fr\u00e5n Blum. &#8211; Handgjorda porslinshandtag. &#8211; F\u00e4rgerna som anv\u00e4nds vid lackeringen \u00e4r barns\u00e4kra, EN71\/3-godk\u00e4nda och allergiv\u00e4nliga. **F\u00e4rger:** &#8211; Elegant vitt. &#8211; Neutralt gr\u00e5tt.<\/p>\n<p>**Anv\u00e4ndarhandbok:**<br \/>\nM\u00f6blerna ska torkas av med en mjuk bomullsduk fuktad med vatten eller ett produkt avsedd f\u00f6r m\u00f6belv\u00e5rd. **Ytterligare information:**<br \/>\nM\u00f6blerna levereras i paket, avsedda f\u00f6r sj\u00e4lvmontering. Paketen inneh\u00e5ller detaljerade monteringsanvisningar samt tillbeh\u00f6r (skruvar etc.).<\/p>\n","protected":false},"excerpt":{"rendered":"<p>Ines byr\u00e5 med 4 l\u00e5dor \u00e4r ett bra val f\u00f6r \u00e4ldre barn. Liksom alla byr\u00e5er i kollektionen har den en klassisk stil som \u00e4r b\u00e5de elegant och maximalt funktionell. Det b\u00e4sta valet f\u00f6r barnrummet eller f\u00f6r\u00e4ldrarnas sovrum. Byr\u00e5n kan anpassas f\u00f6r att montera ett sk\u00f6tbord (p\u00e5 v\u00e4nster eller h\u00f6ger sida). Finns i tv\u00e5 f\u00e4rger: elegant [&hellip;]<\/p>\n","protected":false},"featured_media":0,"comment_status":"open","ping_status":"closed","template":"","meta":[],"product_brand":[],"product_cat":[33],"product_tag":[],"class_list":{"0":"post-12414","1":"product","2":"type-product","3":"status-publish","5":"product_cat-okategoriserad","7":"first","8":"instock","9":"shipping-taxable","10":"purchasable","11":"product-type-simple"},"_links":{"self":[{"href":"https:\/\/nordicmart.andreevmaster.com\/sv\/wp-json\/wp\/v2\/product\/12414","targetHints":{"allow":["GET"]}}],"collection":[{"href":"https:\/\/nordicmart.andreevmaster.com\/sv\/wp-json\/wp\/v2\/product"}],"about":[{"href":"https:\/\/nordicmart.andreevmaster.com\/sv\/wp-json\/wp\/v2\/types\/product"}],"replies":[{"embeddable":true,"href":"https:\/\/nordicmart.andreevmaster.com\/sv\/wp-json\/wp\/v2\/comments?post=12414"}],"wp:attachment":[{"href":"https:\/\/nordicmart.andreevmaster.com\/sv\/wp-json\/wp\/v2\/media?parent=12414"}],"wp:term":[{"taxonomy":"product_brand","embeddable":true,"href":"https:\/\/nordicmart.andreevmaster.com\/sv\/wp-json\/wp\/v2\/product_brand?post=12414"},{"taxonomy":"product_cat","embeddable":true,"href":"https:\/\/nordicmart.andreevmaster.com\/sv\/wp-json\/wp\/v2\/product_cat?post=12414"},{"taxonomy":"product_tag","embeddable":true,"href":"https:\/\/nordicmart.andreevmaster.com\/sv\/wp-json\/wp\/v2\/product_tag?post=12414"}],"curies":[{"name":"wp","href":"https:\/\/api.w.org\/{rel}","templated":true}]}}