{"id":12413,"date":"2026-02-27T00:13:58","date_gmt":"2026-02-27T00:13:58","guid":{"rendered":"https:\/\/nordicmart.andreevmaster.com\/product\/ines-elegant-vitt-skrivbord\/"},"modified":"2026-02-27T08:08:07","modified_gmt":"2026-02-27T08:08:07","slug":"ines-elegant-vitt-skrivbord","status":"publish","type":"product","link":"https:\/\/nordicmart.andreevmaster.com\/sv\/produkt\/ines-elegant-vitt-skrivbord\/","title":{"rendered":"Ines elegant vitt skrivbord"},"content":{"rendered":"<p>F\u00f6rr eller senare blir ett skrivbord ett n\u00f6dv\u00e4ndigt tillbeh\u00f6r i varje barnrum. Det eleganta och stilfulla skrivbordet med tv\u00e5 stora l\u00e5dor passar perfekt till hela Ines-kollektionen. Den tidl\u00f6sa designen g\u00f6r det till en idealisk l\u00f6sning, inte bara f\u00f6r barnrum. **Huvudsakliga egenskaper och f\u00f6rdelar:** &#8211; 2 rymliga l\u00e5dor **M\u00e5tt (cm):** h\u00f6jd: 78 djup: 65<br \/>\nbredd: 120<\/p>\n<p>**M\u00f6belns utf\u00f6rande och ytbehandling**:<br \/>\n&#8211; M\u00f6belns stomme \u00e4r tillverkad av h\u00f6gkvalitativ MDF och sp\u00e5nskiva<br \/>\n&#8211; Underredet som m\u00f6belns stomme vilar p\u00e5 \u00e4r tillverkat av boktr\u00e4, lackerat med barns\u00e4ker f\u00e4rg <\/p>\n<p>**F\u00e4rger:**<br \/>\n&#8211; skrivbordet finns i elegant vitt eller neutralt gr\u00e5tt<\/p>\n<p>**Anv\u00e4ndningsinstruktioner:**<br \/>\nM\u00f6blerna ska torkas av med en mjuk bomullsduk fuktad med vatten eller ett m\u00f6belv\u00e5rdsmedel.<\/p>\n<p>**Ytterligare information:**<br \/>\nM\u00f6blerna levereras i paket, avsedda f\u00f6r sj\u00e4lvmontering. Paketen inneh\u00e5ller detaljerade monteringsanvisningar samt tillbeh\u00f6r (skruvar etc.).<\/p>\n","protected":false},"excerpt":{"rendered":"<p>F\u00f6rr eller senare blir ett skrivbord ett n\u00f6dv\u00e4ndigt tillbeh\u00f6r i varje barnrum. Det eleganta och stilfulla skrivbordet med tv\u00e5 stora l\u00e5dor passar perfekt till hela Ines-kollektionen. Den tidl\u00f6sa designen g\u00f6r det till en idealisk l\u00f6sning, inte bara f\u00f6r barnrum. **Huvudsakliga egenskaper och f\u00f6rdelar:** &#8211; 2 rymliga l\u00e5dor **M\u00e5tt (cm):** h\u00f6jd: 78 djup: 65 bredd: 120 [&hellip;]<\/p>\n","protected":false},"featured_media":0,"comment_status":"open","ping_status":"closed","template":"","meta":[],"product_brand":[],"product_cat":[33],"product_tag":[],"class_list":{"0":"post-12413","1":"product","2":"type-product","3":"status-publish","5":"product_cat-okategoriserad","7":"first","8":"instock","9":"shipping-taxable","10":"purchasable","11":"product-type-simple"},"_links":{"self":[{"href":"https:\/\/nordicmart.andreevmaster.com\/sv\/wp-json\/wp\/v2\/product\/12413","targetHints":{"allow":["GET"]}}],"collection":[{"href":"https:\/\/nordicmart.andreevmaster.com\/sv\/wp-json\/wp\/v2\/product"}],"about":[{"href":"https:\/\/nordicmart.andreevmaster.com\/sv\/wp-json\/wp\/v2\/types\/product"}],"replies":[{"embeddable":true,"href":"https:\/\/nordicmart.andreevmaster.com\/sv\/wp-json\/wp\/v2\/comments?post=12413"}],"wp:attachment":[{"href":"https:\/\/nordicmart.andreevmaster.com\/sv\/wp-json\/wp\/v2\/media?parent=12413"}],"wp:term":[{"taxonomy":"product_brand","embeddable":true,"href":"https:\/\/nordicmart.andreevmaster.com\/sv\/wp-json\/wp\/v2\/product_brand?post=12413"},{"taxonomy":"product_cat","embeddable":true,"href":"https:\/\/nordicmart.andreevmaster.com\/sv\/wp-json\/wp\/v2\/product_cat?post=12413"},{"taxonomy":"product_tag","embeddable":true,"href":"https:\/\/nordicmart.andreevmaster.com\/sv\/wp-json\/wp\/v2\/product_tag?post=12413"}],"curies":[{"name":"wp","href":"https:\/\/api.w.org\/{rel}","templated":true}]}}