{"id":12412,"date":"2026-02-27T00:13:57","date_gmt":"2026-02-27T00:13:57","guid":{"rendered":"https:\/\/nordicmart.andreevmaster.com\/product\/ines-elegant-vit-byra\/"},"modified":"2026-02-27T08:08:07","modified_gmt":"2026-02-27T08:08:07","slug":"ines-elegant-vit-byra","status":"publish","type":"product","link":"https:\/\/nordicmart.andreevmaster.com\/sv\/produkt\/ines-elegant-vit-byra\/","title":{"rendered":"Ines elegant vit byr\u00e5"},"content":{"rendered":"<p>Huvudsakliga f\u00f6rdelar:<br \/>\n&#8211; 4 rymliga l\u00e5dor utrustade med kulskenor fr\u00e5n GTV, <\/p>\n<p>&#8211; 1 rymligt sk\u00e5p, <\/p>\n<p>&#8211; uppfyller europeiska s\u00e4kerhetsstandarder och normer. <\/p>\n<p>M\u00e5tt (cm):<br \/>\nh\u00f6jd: 77,6<br \/>\ndjup: 60<br \/>\nbredd: 132 <\/p>\n<p>Design och ytbehandling:<br \/>\n&#8211; Lackerad MDF-skiva,<br \/>\n&#8211; h\u00f6gkvalitativ laminerad skiva som \u00e4r t\u00e5lig mot skador och fukt, l\u00e4tt att h\u00e5lla ren, <\/p>\n<p>De lacker som anv\u00e4nds i tillverkningsprocessen \u00e4r barns\u00e4kra och certifierade enligt EN71\/3 <\/p>\n<p>F\u00e4rg:<br \/>\n&#8211; vit <\/p>\n<p>Anv\u00e4ndningsanvisning:<br \/>\nM\u00f6blerna ska torkas av med en mjuk bomullsduk fuktad med vatten eller ett m\u00f6belv\u00e5rdsmedel. <\/p>\n<p>Montering:<br \/>\nM\u00f6blerna levereras i paket f\u00f6r sj\u00e4lvmontering. Detaljerade monteringsanvisningar medf\u00f6ljer i paketen tillsammans med utrustningen.<\/p>\n","protected":false},"excerpt":{"rendered":"<p>Huvudsakliga f\u00f6rdelar: &#8211; 4 rymliga l\u00e5dor utrustade med kulskenor fr\u00e5n GTV, &#8211; 1 rymligt sk\u00e5p, &#8211; uppfyller europeiska s\u00e4kerhetsstandarder och normer. M\u00e5tt (cm): h\u00f6jd: 77,6 djup: 60 bredd: 132 Design och ytbehandling: &#8211; Lackerad MDF-skiva, &#8211; h\u00f6gkvalitativ laminerad skiva som \u00e4r t\u00e5lig mot skador och fukt, l\u00e4tt att h\u00e5lla ren, De lacker som anv\u00e4nds i [&hellip;]<\/p>\n","protected":false},"featured_media":0,"comment_status":"open","ping_status":"closed","template":"","meta":[],"product_brand":[],"product_cat":[33],"product_tag":[],"class_list":{"0":"post-12412","1":"product","2":"type-product","3":"status-publish","5":"product_cat-okategoriserad","7":"first","8":"instock","9":"shipping-taxable","10":"purchasable","11":"product-type-simple"},"_links":{"self":[{"href":"https:\/\/nordicmart.andreevmaster.com\/sv\/wp-json\/wp\/v2\/product\/12412","targetHints":{"allow":["GET"]}}],"collection":[{"href":"https:\/\/nordicmart.andreevmaster.com\/sv\/wp-json\/wp\/v2\/product"}],"about":[{"href":"https:\/\/nordicmart.andreevmaster.com\/sv\/wp-json\/wp\/v2\/types\/product"}],"replies":[{"embeddable":true,"href":"https:\/\/nordicmart.andreevmaster.com\/sv\/wp-json\/wp\/v2\/comments?post=12412"}],"wp:attachment":[{"href":"https:\/\/nordicmart.andreevmaster.com\/sv\/wp-json\/wp\/v2\/media?parent=12412"}],"wp:term":[{"taxonomy":"product_brand","embeddable":true,"href":"https:\/\/nordicmart.andreevmaster.com\/sv\/wp-json\/wp\/v2\/product_brand?post=12412"},{"taxonomy":"product_cat","embeddable":true,"href":"https:\/\/nordicmart.andreevmaster.com\/sv\/wp-json\/wp\/v2\/product_cat?post=12412"},{"taxonomy":"product_tag","embeddable":true,"href":"https:\/\/nordicmart.andreevmaster.com\/sv\/wp-json\/wp\/v2\/product_tag?post=12412"}],"curies":[{"name":"wp","href":"https:\/\/api.w.org\/{rel}","templated":true}]}}