{"id":12409,"date":"2026-02-27T00:13:57","date_gmt":"2026-02-27T00:13:57","guid":{"rendered":"https:\/\/nordicmart.andreevmaster.com\/product\/rondi-kontorsstol-lutningsmekanism-i-konstgjort-pu-lader-svart\/"},"modified":"2026-02-27T08:08:06","modified_gmt":"2026-02-27T08:08:06","slug":"rondi-kontorsstol-lutningsmekanism-i-konstgjort-pu-lader-svart","status":"publish","type":"product","link":"https:\/\/nordicmart.andreevmaster.com\/sv\/produkt\/rondi-kontorsstol-lutningsmekanism-i-konstgjort-pu-lader-svart\/","title":{"rendered":"Rondi kontorsstol, lutningsmekanism i konstgjort PU-l\u00e4der, svart"},"content":{"rendered":"<p>RONDI Hawaii \u2013 en modern f\u00e5t\u00f6lj som passar i h\u00f6gteknologiska interi\u00f6rer. Den S-formade ergonomiska ryggst\u00f6det ger ett bra st\u00f6d f\u00f6r ryggen, vilket ger en optimal position f\u00f6r ryggraden och komfort under hela dagen. Mjuka kuddar p\u00e5 ryggst\u00f6det och sitsen ger extra bekv\u00e4mlighet. Den h\u00f6gkvalitativa kl\u00e4dseln i ekologiskt l\u00e4der ser inte bara ut som \u00e4kta l\u00e4der utan har ocks\u00e5 ett mer \u00f6verkomligt pris. Den str\u00e5lande ramen med f\u00f6rkromad yta kompletteras av armst\u00f6d med mjuka \u00f6verdrag i konstl\u00e4der. Tv\u00e4rstycket \u00e4r utrustat med gummerade rullar f\u00f6r att skydda golvet. DT-mekanismen (Deep Tilt) ger anv\u00e4ndaren \u00f6kad komfort och g\u00f6r att du kan njuta av djup lutning. Justering av lutningsh\u00f6jd och styvhet g\u00f6r din vistelse i stolen s\u00e5 bekv\u00e4m som m\u00f6jligt, och \u00e5terg\u00e5ngen till utg\u00e5ngsl\u00e4get tar ingen tid alls. T\u00e4nk p\u00e5 att stolen levereras omonterad. Monteringen tar lite tid och leveranspaketet inneh\u00e5ller alla n\u00f6dv\u00e4ndiga delar.<\/p>\n","protected":false},"excerpt":{"rendered":"<p>Modell: Hawaii<br \/>\nModifiering: Hawaii Chrome<br \/>\nLutningsmekanism: Djup lutning<br \/>\nJustering av ryggst\u00f6dets lutning: Uppr\u00e4tt<br \/>\nRyggst\u00f6dets vinkel: Upp till 115 grader<br \/>\nKl\u00e4dselmaterial: Ekologiskt l\u00e4der<br \/>\nKl\u00e4dselmaterialets f\u00e4rg: Svart<br \/>\nArmst\u00f6d: F\u00f6rkromade, metall med mjuka dynor<br \/>\nStolsunderrede: F\u00f6rkromad metall<br \/>\nHjul: Gummibelagda<br \/>\nMinsta produkth\u00f6jd: 1110 mm<br \/>\nMaximal produkth\u00f6jd: 1180 mm<br \/>\nMinsta sitth\u00f6jd: 500 mm<br \/>\nMaximal sitth\u00f6jd: 580 mm<br \/>\nRyggst\u00f6dets h\u00f6jd: 650 mm<br \/>\nMinsta h\u00f6jd fr\u00e5n golv till armst\u00f6d: 680 mm<br \/>\nMaximal h\u00f6jd fr\u00e5n golv till armst\u00f6d: 760 mm<br \/>\nArmst\u00f6dets h\u00f6jd: 210 mm<br \/>\nArmst\u00f6dets l\u00e4ngd: 370 mm<br \/>\nAvst\u00e5nd mellan armst\u00f6d: 470 mm<br \/>\nSitsbredd: 470 mm<br \/>\nSitsdjup: 490 mm<br \/>\nProduktens bredd: 550 mm<br \/>\nProduktens djup: 550 mm<br \/>\nProduktens vikt: 13 kg<br \/>\nF\u00f6rpackningens m\u00e5tt: 1000 x 640 x 410 mm<br \/>\nF\u00f6rpackningens volym: 0,26 m<\/p>\n","protected":false},"featured_media":0,"comment_status":"open","ping_status":"closed","template":"","meta":[],"product_brand":[],"product_cat":[33],"product_tag":[],"class_list":{"0":"post-12409","1":"product","2":"type-product","3":"status-publish","5":"product_cat-okategoriserad","7":"first","8":"instock","9":"shipping-taxable","10":"purchasable","11":"product-type-simple"},"_links":{"self":[{"href":"https:\/\/nordicmart.andreevmaster.com\/sv\/wp-json\/wp\/v2\/product\/12409","targetHints":{"allow":["GET"]}}],"collection":[{"href":"https:\/\/nordicmart.andreevmaster.com\/sv\/wp-json\/wp\/v2\/product"}],"about":[{"href":"https:\/\/nordicmart.andreevmaster.com\/sv\/wp-json\/wp\/v2\/types\/product"}],"replies":[{"embeddable":true,"href":"https:\/\/nordicmart.andreevmaster.com\/sv\/wp-json\/wp\/v2\/comments?post=12409"}],"wp:attachment":[{"href":"https:\/\/nordicmart.andreevmaster.com\/sv\/wp-json\/wp\/v2\/media?parent=12409"}],"wp:term":[{"taxonomy":"product_brand","embeddable":true,"href":"https:\/\/nordicmart.andreevmaster.com\/sv\/wp-json\/wp\/v2\/product_brand?post=12409"},{"taxonomy":"product_cat","embeddable":true,"href":"https:\/\/nordicmart.andreevmaster.com\/sv\/wp-json\/wp\/v2\/product_cat?post=12409"},{"taxonomy":"product_tag","embeddable":true,"href":"https:\/\/nordicmart.andreevmaster.com\/sv\/wp-json\/wp\/v2\/product_tag?post=12409"}],"curies":[{"name":"wp","href":"https:\/\/api.w.org\/{rel}","templated":true}]}}