{"id":12406,"date":"2026-02-27T00:13:56","date_gmt":"2026-02-27T00:13:56","guid":{"rendered":"https:\/\/nordicmart.andreevmaster.com\/product\/i-love-fitted-sheet-40x90-2\/"},"modified":"2026-02-27T08:08:06","modified_gmt":"2026-02-27T08:08:06","slug":"i-love-fitted-sheet-40x90-2","status":"publish","type":"product","link":"https:\/\/nordicmart.andreevmaster.com\/sv\/produkt\/i-love-fitted-sheet-40x90-2\/","title":{"rendered":"I love fitted sheet 40&#215;90"},"content":{"rendered":"<p>Lakanet \u00e4r tillverkat av bomull av h\u00f6gsta kvalitet. Den vita bakgrunden livas upp av inskriptioner som s\u00e4ger &#8221;I love&#8230;&#8221;, ord som har f\u00f6ljt oss sedan v\u00e5rt barn f\u00f6ddes. Ord som v\u00e4cker positiva minnen. Trianglar och inskriptioner med hj\u00e4rtan \u00e4r placerade oregelbundet och finns i flera nyanser: gr\u00e5tt, svart och senapsgult. Det dynamiska m\u00f6nstret g\u00f6r att du inte tr\u00f6ttnar p\u00e5 det s\u00e5 snabbt. Det kommer att lysa upp \u00e4ven en mycket enkel, modern inredning av b\u00e5de flickans och pojkens vagga. <\/p>\n<p>Lakanet passar perfekt p\u00e5 madrassen och sitter precis r\u00e4tt \u2013 allt f\u00f6r att ge ditt barn en lugn vila. Det \u00e4r tillverkat av bomull som \u00e4r skonsam mot b\u00e5de barns och bebisars hud. <\/p>\n<p>**Detaljer:**<br \/>\n&#8211; designat och tillverkat i Polen<br \/>\n&#8211; 100 % bomull med en tr\u00e5dtjocklek p\u00e5 150 g\/m2 och Oeko-Tex Standard 100 IW 00034-certifikat<br \/>\n&#8211; tv\u00e4ttemperatur: 30\u02da C<\/p>\n<p>**Storlek:**<br \/>\n40&#215;90 cm<\/p>\n<p>**Rekommenderas till detta set:**<br \/>\n&#8211; Jackie Town fyllda s\u00e4ngkl\u00e4der<\/p>\n","protected":false},"excerpt":{"rendered":"<p>Lakanet \u00e4r tillverkat av bomull av h\u00f6gsta kvalitet. Den vita bakgrunden livas upp av inskriptioner som s\u00e4ger &#8221;I love&#8230;&#8221;, ord som har f\u00f6ljt oss sedan v\u00e5rt barn f\u00f6ddes. Ord som v\u00e4cker positiva minnen. Trianglar och inskriptioner med hj\u00e4rtan \u00e4r placerade oregelbundet och finns i flera nyanser: gr\u00e5tt, svart och senapsgult. Det dynamiska m\u00f6nstret g\u00f6r att [&hellip;]<\/p>\n","protected":false},"featured_media":0,"comment_status":"open","ping_status":"closed","template":"","meta":[],"product_brand":[],"product_cat":[33],"product_tag":[],"class_list":{"0":"post-12406","1":"product","2":"type-product","3":"status-publish","5":"product_cat-okategoriserad","7":"first","8":"instock","9":"shipping-taxable","10":"purchasable","11":"product-type-simple"},"_links":{"self":[{"href":"https:\/\/nordicmart.andreevmaster.com\/sv\/wp-json\/wp\/v2\/product\/12406","targetHints":{"allow":["GET"]}}],"collection":[{"href":"https:\/\/nordicmart.andreevmaster.com\/sv\/wp-json\/wp\/v2\/product"}],"about":[{"href":"https:\/\/nordicmart.andreevmaster.com\/sv\/wp-json\/wp\/v2\/types\/product"}],"replies":[{"embeddable":true,"href":"https:\/\/nordicmart.andreevmaster.com\/sv\/wp-json\/wp\/v2\/comments?post=12406"}],"wp:attachment":[{"href":"https:\/\/nordicmart.andreevmaster.com\/sv\/wp-json\/wp\/v2\/media?parent=12406"}],"wp:term":[{"taxonomy":"product_brand","embeddable":true,"href":"https:\/\/nordicmart.andreevmaster.com\/sv\/wp-json\/wp\/v2\/product_brand?post=12406"},{"taxonomy":"product_cat","embeddable":true,"href":"https:\/\/nordicmart.andreevmaster.com\/sv\/wp-json\/wp\/v2\/product_cat?post=12406"},{"taxonomy":"product_tag","embeddable":true,"href":"https:\/\/nordicmart.andreevmaster.com\/sv\/wp-json\/wp\/v2\/product_tag?post=12406"}],"curies":[{"name":"wp","href":"https:\/\/api.w.org\/{rel}","templated":true}]}}