{"id":12400,"date":"2026-02-27T00:13:55","date_gmt":"2026-02-27T00:13:55","guid":{"rendered":"https:\/\/nordicmart.andreevmaster.com\/product\/vasagle-garderob-och-skohylla-i-industriell-stil\/"},"modified":"2026-02-27T08:08:05","modified_gmt":"2026-02-27T08:08:05","slug":"vasagle-garderob-och-skohylla-i-industriell-stil","status":"publish","type":"product","link":"https:\/\/nordicmart.andreevmaster.com\/sv\/produkt\/vasagle-garderob-och-skohylla-i-industriell-stil\/","title":{"rendered":"VASAGLE Garderob och skohylla i industriell stil"},"content":{"rendered":"<p>Under en hektisk morgon p\u00e5 en arbetsdag kan en praktisk hallgarderob vara mycket anv\u00e4ndbar. F\u00f6r att spara pengar och utrymme erbjuder VASAGLE denna nya garderob som perfekt kombinerar kl\u00e4dkrokar, b\u00e4nk och skof\u00f6rvaring. Garderobskrokar \u2013 De 5 robusta krokarna h\u00e5ller dina jackor, nycklar, hattar, halsdukar etc. snyggt upph\u00e4ngda och l\u00e4ttillg\u00e4ngliga. B\u00e4nk \u2013 F\u00f6rvaringshyllan i sp\u00e5nskiva i vintagestil ger dig en sittplats n\u00e4r du tar p\u00e5 eller av dig skorna, och \u00e4r dessutom idealisk f\u00f6r f\u00f6rvaring av handv\u00e4skor och f\u00f6rvaringsl\u00e5dor, s\u00e5 att din hall alltid h\u00e5lls snygg och prydlig. Skohyllor \u2013 Metallhyllorna i den nedre delen h\u00e5ller dina vardagsskor p\u00e5 plats, s\u00e5 att du inte beh\u00f6ver spendera tid varje dag p\u00e5 att leta efter r\u00e4tt skor. Skaffa denna snygga kl\u00e4dh\u00e4ngare i rustik stil till ditt hem och v\u00e4lkomna dina g\u00e4ster i en st\u00e4dad hall! Produktdetaljer: &#8211; F\u00e4rg: svart, m\u00f6rkbrun (vintage) &#8211; Material: pulverlackerade metallr\u00f6r, E1-sp\u00e5nskivor &#8211; M\u00e5tt: 80 x 178,5 x 30 cm (B x H x D) &#8211; M\u00e5tt p\u00e5 hyllan: 80 x 30 cm &#8211; Vikt: 14,1 kg &#8211; Belastningskapacitet per krok: 3 kg &#8211; Belastningskapacitet f\u00f6r tr\u00e4hyllan: 100 kg Leveransomfattning: &#8211; 1 x kl\u00e4dh\u00e4ngare &#8211; 1 x bruksanvisning (DE, EN, ES, FR, IT) VASAGLE Anm\u00e4rkningar: &#8211; F\u00f6r att garantera s\u00e4kerheten, anv\u00e4nd tippskyddet. &#8211; Den \u00f6versta hyllan \u00e4r inte avsedd f\u00f6r f\u00f6rvaring av tunga f\u00f6rem\u00e5l. Kl\u00e4ttra inte p\u00e5 den.<\/p>\n","protected":false},"excerpt":{"rendered":"<p>VASAGLE Garderob i industridesign, skohylla med sittplats, kl\u00e4dh\u00e4ngare med 5 avtagbara krokar, skohylla med sittplats, 3 hyllor, av tr\u00e4 och metall Vintage HSR45BX<\/p>\n","protected":false},"featured_media":40674,"comment_status":"open","ping_status":"closed","template":"","meta":[],"product_brand":[],"product_cat":[33],"product_tag":[],"class_list":{"0":"post-12400","1":"product","2":"type-product","3":"status-publish","4":"has-post-thumbnail","6":"product_cat-okategoriserad","8":"first","9":"instock","10":"shipping-taxable","11":"purchasable","12":"product-type-simple"},"_links":{"self":[{"href":"https:\/\/nordicmart.andreevmaster.com\/sv\/wp-json\/wp\/v2\/product\/12400","targetHints":{"allow":["GET"]}}],"collection":[{"href":"https:\/\/nordicmart.andreevmaster.com\/sv\/wp-json\/wp\/v2\/product"}],"about":[{"href":"https:\/\/nordicmart.andreevmaster.com\/sv\/wp-json\/wp\/v2\/types\/product"}],"replies":[{"embeddable":true,"href":"https:\/\/nordicmart.andreevmaster.com\/sv\/wp-json\/wp\/v2\/comments?post=12400"}],"wp:featuredmedia":[{"embeddable":true,"href":"https:\/\/nordicmart.andreevmaster.com\/sv\/wp-json\/wp\/v2\/media\/40674"}],"wp:attachment":[{"href":"https:\/\/nordicmart.andreevmaster.com\/sv\/wp-json\/wp\/v2\/media?parent=12400"}],"wp:term":[{"taxonomy":"product_brand","embeddable":true,"href":"https:\/\/nordicmart.andreevmaster.com\/sv\/wp-json\/wp\/v2\/product_brand?post=12400"},{"taxonomy":"product_cat","embeddable":true,"href":"https:\/\/nordicmart.andreevmaster.com\/sv\/wp-json\/wp\/v2\/product_cat?post=12400"},{"taxonomy":"product_tag","embeddable":true,"href":"https:\/\/nordicmart.andreevmaster.com\/sv\/wp-json\/wp\/v2\/product_tag?post=12400"}],"curies":[{"name":"wp","href":"https:\/\/api.w.org\/{rel}","templated":true}]}}