{"id":12397,"date":"2026-02-27T00:13:54","date_gmt":"2026-02-27T00:13:54","guid":{"rendered":"https:\/\/nordicmart.andreevmaster.com\/product\/vasagle-garderob-med-skobank-kladhangare-5-hyllplan-av-spanskivor\/"},"modified":"2026-02-27T08:08:04","modified_gmt":"2026-02-27T08:08:04","slug":"vasagle-garderob-med-skobank-kladhangare-5-hyllplan-av-spanskivor","status":"publish","type":"product","link":"https:\/\/nordicmart.andreevmaster.com\/sv\/produkt\/vasagle-garderob-med-skobank-kladhangare-5-hyllplan-av-spanskivor\/","title":{"rendered":"VASAGLE Garderob med skob\u00e4nk, kl\u00e4dh\u00e4ngare, 5 hyllplan av sp\u00e5nskivor"},"content":{"rendered":"<p>Garderob med skob\u00e4nk, garderob, 5 hyllplan av sp\u00e5nskivor, 9 trippelkrokar, 6 sidokrokar, 40 x 120 x 190 cm, vintagebrun-bl\u00e4ck svart<br \/>\nProduktdetaljer:<br \/>\n&#8211; F\u00e4rg: Vintagebrun-bl\u00e4ck svart<br \/>\n&#8211; Material: sp\u00e5nskiva, st\u00e5l<br \/>\n&#8211; Storlek: 40 x 120 x 190 cm (D x B x H)<br \/>\n&#8211; Vikt: 24,4 kg<br \/>\n&#8211; Max. statisk belastningskapacitet f\u00f6r b\u00e4nken p\u00e5 h\u00f6ger sida: 136 kg<br \/>\n&#8211; Max. statisk belastningskapacitet per trippelkrok: 5 kg<\/p>\n<p>Leveransomfattning:<br \/>\n&#8211; 1 x garderob<br \/>\n&#8211; 1 x tillbeh\u00f6rspaket<br \/>\n&#8211; 1 x tippskydd<br \/>\n&#8211; 1 x bruksanvisning<\/p>\n<p>Anm\u00e4rkningar:<br \/>\n&#8211; F\u00e4st denna kl\u00e4dh\u00e4ngare p\u00e5 v\u00e4ggen med det medf\u00f6ljande tippskyddet f\u00f6r att skapa en s\u00e4ker anv\u00e4ndningsmilj\u00f6.<br \/>\n&#8211; Den maximala statiska belastningen f\u00f6r b\u00e4nken p\u00e5 h\u00f6ger sida \u00e4r 136 kg. \u00d6verskrid inte denna maximala vikt.<\/p>\n","protected":false},"excerpt":{"rendered":"<p>Garderob med skob\u00e4nk, garderob, 5 hyllplan av sp\u00e5nskivor, 9 trippelkrokar, 6 sidokrokar, 40 x 120 x 190 cm, vintagebrun-bl\u00e4ck svart<\/p>\n","protected":false},"featured_media":40671,"comment_status":"open","ping_status":"closed","template":"","meta":[],"product_brand":[],"product_cat":[33],"product_tag":[],"class_list":{"0":"post-12397","1":"product","2":"type-product","3":"status-publish","4":"has-post-thumbnail","6":"product_cat-okategoriserad","8":"first","9":"instock","10":"shipping-taxable","11":"purchasable","12":"product-type-simple"},"_links":{"self":[{"href":"https:\/\/nordicmart.andreevmaster.com\/sv\/wp-json\/wp\/v2\/product\/12397","targetHints":{"allow":["GET"]}}],"collection":[{"href":"https:\/\/nordicmart.andreevmaster.com\/sv\/wp-json\/wp\/v2\/product"}],"about":[{"href":"https:\/\/nordicmart.andreevmaster.com\/sv\/wp-json\/wp\/v2\/types\/product"}],"replies":[{"embeddable":true,"href":"https:\/\/nordicmart.andreevmaster.com\/sv\/wp-json\/wp\/v2\/comments?post=12397"}],"wp:featuredmedia":[{"embeddable":true,"href":"https:\/\/nordicmart.andreevmaster.com\/sv\/wp-json\/wp\/v2\/media\/40671"}],"wp:attachment":[{"href":"https:\/\/nordicmart.andreevmaster.com\/sv\/wp-json\/wp\/v2\/media?parent=12397"}],"wp:term":[{"taxonomy":"product_brand","embeddable":true,"href":"https:\/\/nordicmart.andreevmaster.com\/sv\/wp-json\/wp\/v2\/product_brand?post=12397"},{"taxonomy":"product_cat","embeddable":true,"href":"https:\/\/nordicmart.andreevmaster.com\/sv\/wp-json\/wp\/v2\/product_cat?post=12397"},{"taxonomy":"product_tag","embeddable":true,"href":"https:\/\/nordicmart.andreevmaster.com\/sv\/wp-json\/wp\/v2\/product_tag?post=12397"}],"curies":[{"name":"wp","href":"https:\/\/api.w.org\/{rel}","templated":true}]}}