{"id":12388,"date":"2026-02-27T00:13:52","date_gmt":"2026-02-27T00:13:52","guid":{"rendered":"https:\/\/nordicmart.andreevmaster.com\/product\/vasagle-garderob-garderob-med-skobank-kladhangare\/"},"modified":"2026-02-27T08:08:03","modified_gmt":"2026-02-27T08:08:03","slug":"vasagle-garderob-garderob-med-skobank-kladhangare","status":"publish","type":"product","link":"https:\/\/nordicmart.andreevmaster.com\/sv\/produkt\/vasagle-garderob-garderob-med-skobank-kladhangare\/","title":{"rendered":"VASAGLE Garderob, garderob med skob\u00e4nk, kl\u00e4dh\u00e4ngare"},"content":{"rendered":"<p>Produktdetaljer: &#8211; F\u00e4rg: Vintagebrun-svart &#8211; Material: Sp\u00e5nskiva, st\u00e5l, polyestertyg   &#8211; Storlek: 32,2 x 64 x 180 cm (D x B x H) &#8211; Vikt: 8,1 kg &#8211; Max. statisk belastningskapacitet per krok: 3 kg &#8211; Max. statisk belastningskapacitet f\u00f6r sittytan: 90 kg &#8211; Max. statisk belastningskapacitet per hylla: 10 kg  Leveransomfattning: &#8211; 1 x garderob &#8211; 1 x tillbeh\u00f6rspaket &#8211; 1 x bruksanvisning  VASAGLE Anvisningar:- F\u00e4st produkten p\u00e5 v\u00e4ggen med den medf\u00f6ljande tippskyddet f\u00f6r att garantera s\u00e4ker anv\u00e4ndning. &#8211; H\u00e4ng inte tunga kl\u00e4der eller andra \u00f6verdrivet tunga f\u00f6rem\u00e5l p\u00e5 st\u00e5ngen och\/eller krokarna. &#8211; Av s\u00e4kerhetssk\u00e4l \u00e4r det f\u00f6rbjudet f\u00f6r barn att kl\u00e4ttra p\u00e5 produkten eller leka med den. &#8211; Den maximala statiska belastningskapaciteten f\u00f6r sittytan \u00e4r 90 kg. \u00d6verskrid inte denna maximala vikt.<\/p>\n","protected":false},"excerpt":{"rendered":"<p>Garderob, garderob med skob\u00e4nk, kl\u00e4dh\u00e4ngare, kl\u00e4dst\u00e5ng, 9 avtagbara krokar, 32,2 x 64 x 180 cm, greige-svart<\/p>\n","protected":false},"featured_media":40662,"comment_status":"open","ping_status":"closed","template":"","meta":[],"product_brand":[],"product_cat":[33],"product_tag":[],"class_list":{"0":"post-12388","1":"product","2":"type-product","3":"status-publish","4":"has-post-thumbnail","6":"product_cat-okategoriserad","8":"first","9":"instock","10":"shipping-taxable","11":"purchasable","12":"product-type-simple"},"_links":{"self":[{"href":"https:\/\/nordicmart.andreevmaster.com\/sv\/wp-json\/wp\/v2\/product\/12388","targetHints":{"allow":["GET"]}}],"collection":[{"href":"https:\/\/nordicmart.andreevmaster.com\/sv\/wp-json\/wp\/v2\/product"}],"about":[{"href":"https:\/\/nordicmart.andreevmaster.com\/sv\/wp-json\/wp\/v2\/types\/product"}],"replies":[{"embeddable":true,"href":"https:\/\/nordicmart.andreevmaster.com\/sv\/wp-json\/wp\/v2\/comments?post=12388"}],"wp:featuredmedia":[{"embeddable":true,"href":"https:\/\/nordicmart.andreevmaster.com\/sv\/wp-json\/wp\/v2\/media\/40662"}],"wp:attachment":[{"href":"https:\/\/nordicmart.andreevmaster.com\/sv\/wp-json\/wp\/v2\/media?parent=12388"}],"wp:term":[{"taxonomy":"product_brand","embeddable":true,"href":"https:\/\/nordicmart.andreevmaster.com\/sv\/wp-json\/wp\/v2\/product_brand?post=12388"},{"taxonomy":"product_cat","embeddable":true,"href":"https:\/\/nordicmart.andreevmaster.com\/sv\/wp-json\/wp\/v2\/product_cat?post=12388"},{"taxonomy":"product_tag","embeddable":true,"href":"https:\/\/nordicmart.andreevmaster.com\/sv\/wp-json\/wp\/v2\/product_tag?post=12388"}],"curies":[{"name":"wp","href":"https:\/\/api.w.org\/{rel}","templated":true}]}}