{"id":12383,"date":"2026-02-27T00:13:51","date_gmt":"2026-02-27T00:13:51","guid":{"rendered":"https:\/\/nordicmart.andreevmaster.com\/product\/vasagle-kladhangare-garderob-kladstang-med-9-krokar\/"},"modified":"2026-02-27T08:08:02","modified_gmt":"2026-02-27T08:08:02","slug":"vasagle-kladhangare-garderob-kladstang-med-9-krokar","status":"publish","type":"product","link":"https:\/\/nordicmart.andreevmaster.com\/sv\/produkt\/vasagle-kladhangare-garderob-kladstang-med-9-krokar\/","title":{"rendered":"VASAGLE kl\u00e4dh\u00e4ngare, garderob, kl\u00e4dst\u00e5ng med 9 krokar"},"content":{"rendered":"<p>Produktdetaljer: &#8211; F\u00e4rg: Vintagebrun-svart &#8211; Material: Sp\u00e5nskiva, st\u00e5l &#8211; Total storlek: 85 x 30 x 180,5 cm (L x B x H) &#8211; Storlek p\u00e5 hyllan h\u00f6gst upp: 80 x 15 x 1,5 cm (L x B x H) &#8211; Storlek p\u00e5 b\u00e4nken: 80 x 30 x 1,5 cm (L x B x H) &#8211; Avst\u00e5nd mellan hyllorna: 16,9 cm (v\u00e4nster); 35,7 cm (h\u00f6ger) &#8211; Vikt: 11,8 kg &#8211; Max. statisk belastningskapacitet f\u00f6r den \u00f6versta hyllan: 10 kg &#8211; Max. statisk belastningskapacitet per krok: 3 kg &#8211; Max. statisk belastningskapacitet f\u00f6r b\u00e4nken: 90 kg &#8211; Max. statisk belastningskapacitet per gallerhylla: 15 kg  Leveransomfattning: &#8211; 1 x garderob &#8211; 1 x tillbeh\u00f6rspaket &#8211; 1 x tippskydd &#8211; 1 x bruksanvisning VASAGLE Anm\u00e4rkningar:- F\u00e4st denna produkt p\u00e5 v\u00e4ggen med det medf\u00f6ljande tippskyddet f\u00f6r att garantera s\u00e4ker anv\u00e4ndning.- Den maximala statiska belastningskapaciteten f\u00f6r b\u00e4nken \u00e4r 90 kg. \u00d6verskrid inte denna maximala vikt.<\/p>\n","protected":false},"excerpt":{"rendered":"<p>VASAGLE Garderob, kl\u00e4dst\u00e4ll, garderob med 9 avtagbara krokar, skohylla, f\u00f6r sm\u00e5 l\u00e4genheter, hall, industriell design, vintagebrun-svart HSR409B01<\/p>\n","protected":false},"featured_media":40657,"comment_status":"open","ping_status":"closed","template":"","meta":[],"product_brand":[],"product_cat":[33],"product_tag":[],"class_list":{"0":"post-12383","1":"product","2":"type-product","3":"status-publish","4":"has-post-thumbnail","6":"product_cat-okategoriserad","8":"first","9":"instock","10":"shipping-taxable","11":"purchasable","12":"product-type-simple"},"_links":{"self":[{"href":"https:\/\/nordicmart.andreevmaster.com\/sv\/wp-json\/wp\/v2\/product\/12383","targetHints":{"allow":["GET"]}}],"collection":[{"href":"https:\/\/nordicmart.andreevmaster.com\/sv\/wp-json\/wp\/v2\/product"}],"about":[{"href":"https:\/\/nordicmart.andreevmaster.com\/sv\/wp-json\/wp\/v2\/types\/product"}],"replies":[{"embeddable":true,"href":"https:\/\/nordicmart.andreevmaster.com\/sv\/wp-json\/wp\/v2\/comments?post=12383"}],"wp:featuredmedia":[{"embeddable":true,"href":"https:\/\/nordicmart.andreevmaster.com\/sv\/wp-json\/wp\/v2\/media\/40657"}],"wp:attachment":[{"href":"https:\/\/nordicmart.andreevmaster.com\/sv\/wp-json\/wp\/v2\/media?parent=12383"}],"wp:term":[{"taxonomy":"product_brand","embeddable":true,"href":"https:\/\/nordicmart.andreevmaster.com\/sv\/wp-json\/wp\/v2\/product_brand?post=12383"},{"taxonomy":"product_cat","embeddable":true,"href":"https:\/\/nordicmart.andreevmaster.com\/sv\/wp-json\/wp\/v2\/product_cat?post=12383"},{"taxonomy":"product_tag","embeddable":true,"href":"https:\/\/nordicmart.andreevmaster.com\/sv\/wp-json\/wp\/v2\/product_tag?post=12383"}],"curies":[{"name":"wp","href":"https:\/\/api.w.org\/{rel}","templated":true}]}}