{"id":12370,"date":"2026-02-27T00:13:48","date_gmt":"2026-02-27T00:13:48","guid":{"rendered":"https:\/\/nordicmart.andreevmaster.com\/product\/kladstall-med-hjul-tungt-kladstall-forlangningsbar-kladstang-forlangningsbar-kladstang\/"},"modified":"2026-02-27T08:08:00","modified_gmt":"2026-02-27T08:08:00","slug":"kladstall-med-hjul-tungt-kladstall-forlangningsbar-kladstang-forlangningsbar-kladstang","status":"publish","type":"product","link":"https:\/\/nordicmart.andreevmaster.com\/sv\/produkt\/kladstall-med-hjul-tungt-kladstall-forlangningsbar-kladstang-forlangningsbar-kladstang\/","title":{"rendered":"Kl\u00e4dst\u00e4ll med hjul, tungt kl\u00e4dst\u00e4ll, f\u00f6rl\u00e4ngningsbar kl\u00e4dst\u00e5ng, f\u00f6rl\u00e4ngningsbar kl\u00e4dst\u00e5ng"},"content":{"rendered":"","protected":false},"excerpt":{"rendered":"","protected":false},"featured_media":0,"comment_status":"open","ping_status":"closed","template":"","meta":[],"product_brand":[],"product_cat":[33],"product_tag":[],"class_list":{"0":"post-12370","1":"product","2":"type-product","3":"status-publish","5":"product_cat-okategoriserad","7":"first","8":"instock","9":"shipping-taxable","10":"product-type-simple"},"_links":{"self":[{"href":"https:\/\/nordicmart.andreevmaster.com\/sv\/wp-json\/wp\/v2\/product\/12370","targetHints":{"allow":["GET"]}}],"collection":[{"href":"https:\/\/nordicmart.andreevmaster.com\/sv\/wp-json\/wp\/v2\/product"}],"about":[{"href":"https:\/\/nordicmart.andreevmaster.com\/sv\/wp-json\/wp\/v2\/types\/product"}],"replies":[{"embeddable":true,"href":"https:\/\/nordicmart.andreevmaster.com\/sv\/wp-json\/wp\/v2\/comments?post=12370"}],"wp:attachment":[{"href":"https:\/\/nordicmart.andreevmaster.com\/sv\/wp-json\/wp\/v2\/media?parent=12370"}],"wp:term":[{"taxonomy":"product_brand","embeddable":true,"href":"https:\/\/nordicmart.andreevmaster.com\/sv\/wp-json\/wp\/v2\/product_brand?post=12370"},{"taxonomy":"product_cat","embeddable":true,"href":"https:\/\/nordicmart.andreevmaster.com\/sv\/wp-json\/wp\/v2\/product_cat?post=12370"},{"taxonomy":"product_tag","embeddable":true,"href":"https:\/\/nordicmart.andreevmaster.com\/sv\/wp-json\/wp\/v2\/product_tag?post=12370"}],"curies":[{"name":"wp","href":"https:\/\/api.w.org\/{rel}","templated":true}]}}