{"id":12369,"date":"2026-02-27T00:13:48","date_gmt":"2026-02-27T00:13:48","guid":{"rendered":"https:\/\/nordicmart.andreevmaster.com\/product\/songmics-kladstall-pa-hjul-kladstang-garderobsstang\/"},"modified":"2026-02-27T08:08:00","modified_gmt":"2026-02-27T08:08:00","slug":"songmics-kladstall-pa-hjul-kladstang-garderobsstang","status":"publish","type":"product","link":"https:\/\/nordicmart.andreevmaster.com\/sv\/produkt\/songmics-kladstall-pa-hjul-kladstang-garderobsstang\/","title":{"rendered":"SONGMICS kl\u00e4dst\u00e4ll p\u00e5 hjul, kl\u00e4dst\u00e5ng, garderobsst\u00e5ng"},"content":{"rendered":"<p>SONGMICS kl\u00e4dst\u00e4ll p\u00e5 hjul, kl\u00e4dst\u00e5ng, garderobsst\u00e5ng, garderobsst\u00e4ll i st\u00e5lr\u00f6r, belastningskapacitet upp till 50 kg, 103,5 cm bred, multifunktionell f\u00f6rvaring, bl\u00e4ck svart HSR131B01<br \/>\nSpecifikationer:<br \/>\n&#8211; M\u00e5tt: 41 x 103,5 x 155 cm (D x B x H)<br \/>\n&#8211; Vikt: 3,5 kg<br \/>\n&#8211; Max. total statisk b\u00e4rf\u00f6rm\u00e5ga: 50 kg<br \/>\n&#8211; Material: st\u00e5l<br \/>\n&#8211; F\u00e4rg: Molnvit<\/p>\n","protected":false},"excerpt":{"rendered":"<p>SONGMICS kl\u00e4dst\u00e4ll p\u00e5 hjul, kl\u00e4dst\u00e5ng, garderobsst\u00e5ng, garderobsst\u00e4ll i st\u00e5lr\u00f6r, belastningskapacitet upp till 50 kg, 103,5 cm bred, multifunktionell f\u00f6rvaring, bl\u00e4ck svart HSR131B01<\/p>\n","protected":false},"featured_media":40647,"comment_status":"open","ping_status":"closed","template":"","meta":[],"product_brand":[],"product_cat":[33],"product_tag":[],"class_list":{"0":"post-12369","1":"product","2":"type-product","3":"status-publish","4":"has-post-thumbnail","6":"product_cat-okategoriserad","8":"first","9":"instock","10":"shipping-taxable","11":"purchasable","12":"product-type-simple"},"_links":{"self":[{"href":"https:\/\/nordicmart.andreevmaster.com\/sv\/wp-json\/wp\/v2\/product\/12369","targetHints":{"allow":["GET"]}}],"collection":[{"href":"https:\/\/nordicmart.andreevmaster.com\/sv\/wp-json\/wp\/v2\/product"}],"about":[{"href":"https:\/\/nordicmart.andreevmaster.com\/sv\/wp-json\/wp\/v2\/types\/product"}],"replies":[{"embeddable":true,"href":"https:\/\/nordicmart.andreevmaster.com\/sv\/wp-json\/wp\/v2\/comments?post=12369"}],"wp:featuredmedia":[{"embeddable":true,"href":"https:\/\/nordicmart.andreevmaster.com\/sv\/wp-json\/wp\/v2\/media\/40647"}],"wp:attachment":[{"href":"https:\/\/nordicmart.andreevmaster.com\/sv\/wp-json\/wp\/v2\/media?parent=12369"}],"wp:term":[{"taxonomy":"product_brand","embeddable":true,"href":"https:\/\/nordicmart.andreevmaster.com\/sv\/wp-json\/wp\/v2\/product_brand?post=12369"},{"taxonomy":"product_cat","embeddable":true,"href":"https:\/\/nordicmart.andreevmaster.com\/sv\/wp-json\/wp\/v2\/product_cat?post=12369"},{"taxonomy":"product_tag","embeddable":true,"href":"https:\/\/nordicmart.andreevmaster.com\/sv\/wp-json\/wp\/v2\/product_tag?post=12369"}],"curies":[{"name":"wp","href":"https:\/\/api.w.org\/{rel}","templated":true}]}}