{"id":12366,"date":"2026-02-27T00:13:47","date_gmt":"2026-02-27T00:13:47","guid":{"rendered":"https:\/\/nordicmart.andreevmaster.com\/product\/songmics-garderob-med-6-krokar-och-hyllor-silverfargad\/"},"modified":"2026-02-27T08:08:00","modified_gmt":"2026-02-27T08:08:00","slug":"songmics-garderob-med-6-krokar-och-hyllor-silverfargad","status":"publish","type":"product","link":"https:\/\/nordicmart.andreevmaster.com\/sv\/produkt\/songmics-garderob-med-6-krokar-och-hyllor-silverfargad\/","title":{"rendered":"SONGMICS garderob med 6 krokar och hyllor, silverf\u00e4rgad"},"content":{"rendered":"<p>SONGMICS kl\u00e4dst\u00e4llning, kl\u00e4dst\u00e5ng, 2 garderobsst\u00e4nger, garderob, garderob i metall, 6 krokar, hylla, kl\u00e4df\u00f6rvaring f\u00f6r sovrum, vardagsrum<br \/>\nF\u00e4rg: Silver<br \/>\nMaterial: St\u00e5l<br \/>\nStorlek: 46 x 100 x 155 cm (D x B x H)<br \/>\nVikt: 5,4 kg<br \/>\nMax. statisk belastningskapacitet per h\u00e4ngst\u00e5ng: 40 kg<br \/>\nMax. statisk belastningskapacitet per krok: 2,5 kg<br \/>\nMax. statisk belastningskapacitet f\u00f6r hyllan: 20 kg<br \/>\nMax. statisk belastningskapacitet totalt: 115 kg<\/p>\n","protected":false},"excerpt":{"rendered":"<p>SONGMICS kl\u00e4dst\u00e4llning, kl\u00e4dst\u00e5ng, 2 garderobsst\u00e4nger, garderob, garderob i metall, 6 krokar, hylla, kl\u00e4df\u00f6rvaring f\u00f6r sovrum, vardagsrum<\/p>\n","protected":false},"featured_media":40645,"comment_status":"open","ping_status":"closed","template":"","meta":[],"product_brand":[],"product_cat":[33],"product_tag":[],"class_list":{"0":"post-12366","1":"product","2":"type-product","3":"status-publish","4":"has-post-thumbnail","6":"product_cat-okategoriserad","8":"first","9":"instock","10":"shipping-taxable","11":"purchasable","12":"product-type-simple"},"_links":{"self":[{"href":"https:\/\/nordicmart.andreevmaster.com\/sv\/wp-json\/wp\/v2\/product\/12366","targetHints":{"allow":["GET"]}}],"collection":[{"href":"https:\/\/nordicmart.andreevmaster.com\/sv\/wp-json\/wp\/v2\/product"}],"about":[{"href":"https:\/\/nordicmart.andreevmaster.com\/sv\/wp-json\/wp\/v2\/types\/product"}],"replies":[{"embeddable":true,"href":"https:\/\/nordicmart.andreevmaster.com\/sv\/wp-json\/wp\/v2\/comments?post=12366"}],"wp:featuredmedia":[{"embeddable":true,"href":"https:\/\/nordicmart.andreevmaster.com\/sv\/wp-json\/wp\/v2\/media\/40645"}],"wp:attachment":[{"href":"https:\/\/nordicmart.andreevmaster.com\/sv\/wp-json\/wp\/v2\/media?parent=12366"}],"wp:term":[{"taxonomy":"product_brand","embeddable":true,"href":"https:\/\/nordicmart.andreevmaster.com\/sv\/wp-json\/wp\/v2\/product_brand?post=12366"},{"taxonomy":"product_cat","embeddable":true,"href":"https:\/\/nordicmart.andreevmaster.com\/sv\/wp-json\/wp\/v2\/product_cat?post=12366"},{"taxonomy":"product_tag","embeddable":true,"href":"https:\/\/nordicmart.andreevmaster.com\/sv\/wp-json\/wp\/v2\/product_tag?post=12366"}],"curies":[{"name":"wp","href":"https:\/\/api.w.org\/{rel}","templated":true}]}}