{"id":12357,"date":"2026-02-27T00:13:46","date_gmt":"2026-02-27T00:13:46","guid":{"rendered":"https:\/\/nordicmart.andreevmaster.com\/product\/vasagle-garderob-kladhangare-med-skobank\/"},"modified":"2026-02-27T08:07:58","modified_gmt":"2026-02-27T08:07:58","slug":"vasagle-garderob-kladhangare-med-skobank","status":"publish","type":"product","link":"https:\/\/nordicmart.andreevmaster.com\/sv\/produkt\/vasagle-garderob-kladhangare-med-skobank\/","title":{"rendered":"VASAGLE garderob, kl\u00e4dh\u00e4ngare, med skob\u00e4nk"},"content":{"rendered":"<p>Produktdetaljer: &#8211; F\u00e4rg: valn\u00f6tsbrun-svart &#8211; Material: sp\u00e5nskiva, st\u00e5l &#8211; Storlek: 33,7 x 72 x 183 cm (D x B x H)  &#8211; Vikt: 9,8 kg &#8211; Max. statisk belastningskapacitet per krok: 3 kg &#8211; Max. statisk belastningskapacitet f\u00f6r sittytan: 80 kg Leveransomfattning: &#8211; 1 x kl\u00e4dh\u00e4ngare &#8211; 1 x tillbeh\u00f6rspaket &#8211; 1 x tippskydd &#8211; 1 x bruksanvisning VASAGLE Anvisningar: &#8211; F\u00e4st denna produkt p\u00e5 v\u00e4ggen med det medf\u00f6ljande tippskyddet f\u00f6r att s\u00e4kerst\u00e4lla s\u00e4ker anv\u00e4ndning.- H\u00e4ng inte tunga kl\u00e4der p\u00e5 kl\u00e4dst\u00e5ngen. &#8211; Av s\u00e4kerhetssk\u00e4l \u00e4r det f\u00f6rbjudet f\u00f6r barn att kl\u00e4ttra p\u00e5 eller leka med produkten. &#8211; Den maximala statiska belastningskapaciteten f\u00f6r sittytan \u00e4r 80 kg och f\u00f6r krokarna 3 kg. \u00d6verskrid inte denna maximala vikt.<\/p>\n","protected":false},"excerpt":{"rendered":"<p>Garderob, kl\u00e4dh\u00e4ngare, med skob\u00e4nk, 4-i-1-design, 9 avtagbara krokar, kl\u00e4dst\u00e5ng, hall, 33,7 x 72 x 183 cm, vintagebrun-svart<\/p>\n","protected":false},"featured_media":40636,"comment_status":"open","ping_status":"closed","template":"","meta":[],"product_brand":[],"product_cat":[33],"product_tag":[],"class_list":{"0":"post-12357","1":"product","2":"type-product","3":"status-publish","4":"has-post-thumbnail","6":"product_cat-okategoriserad","8":"first","9":"instock","10":"shipping-taxable","11":"purchasable","12":"product-type-simple"},"_links":{"self":[{"href":"https:\/\/nordicmart.andreevmaster.com\/sv\/wp-json\/wp\/v2\/product\/12357","targetHints":{"allow":["GET"]}}],"collection":[{"href":"https:\/\/nordicmart.andreevmaster.com\/sv\/wp-json\/wp\/v2\/product"}],"about":[{"href":"https:\/\/nordicmart.andreevmaster.com\/sv\/wp-json\/wp\/v2\/types\/product"}],"replies":[{"embeddable":true,"href":"https:\/\/nordicmart.andreevmaster.com\/sv\/wp-json\/wp\/v2\/comments?post=12357"}],"wp:featuredmedia":[{"embeddable":true,"href":"https:\/\/nordicmart.andreevmaster.com\/sv\/wp-json\/wp\/v2\/media\/40636"}],"wp:attachment":[{"href":"https:\/\/nordicmart.andreevmaster.com\/sv\/wp-json\/wp\/v2\/media?parent=12357"}],"wp:term":[{"taxonomy":"product_brand","embeddable":true,"href":"https:\/\/nordicmart.andreevmaster.com\/sv\/wp-json\/wp\/v2\/product_brand?post=12357"},{"taxonomy":"product_cat","embeddable":true,"href":"https:\/\/nordicmart.andreevmaster.com\/sv\/wp-json\/wp\/v2\/product_cat?post=12357"},{"taxonomy":"product_tag","embeddable":true,"href":"https:\/\/nordicmart.andreevmaster.com\/sv\/wp-json\/wp\/v2\/product_tag?post=12357"}],"curies":[{"name":"wp","href":"https:\/\/api.w.org\/{rel}","templated":true}]}}