{"id":12355,"date":"2026-02-27T00:13:45","date_gmt":"2026-02-27T00:13:45","guid":{"rendered":"https:\/\/nordicmart.andreevmaster.com\/product\/songmics-kladstall-garderob-kladhangare\/"},"modified":"2026-02-27T08:07:58","modified_gmt":"2026-02-27T08:07:58","slug":"songmics-kladstall-garderob-kladhangare","status":"publish","type":"product","link":"https:\/\/nordicmart.andreevmaster.com\/sv\/produkt\/songmics-kladstall-garderob-kladhangare\/","title":{"rendered":"SONGMICS kl\u00e4dst\u00e4ll, garderob, kl\u00e4dh\u00e4ngare"},"content":{"rendered":"<p>SONGMICS kl\u00e4dst\u00e4ll i st\u00e5l, garderob med kl\u00e4dst\u00e5ng, f\u00f6rvaringshylla i nedre delen, enkel, sovrum, hall, vind, k\u00e4llare, 92,5 x 33,5 x 153 cm, matt svart HSR23BK<br \/>\nSpecifikationer:<br \/>\n&#8211; M\u00e5tt: 33,5 x 92,5 x 153 cm (D x B x H)<br \/>\n&#8211; Vikt: 3,3 kg<br \/>\n&#8211; Max. statisk b\u00e4rf\u00f6rm\u00e5ga f\u00f6r st\u00e5ngen: 40 kg<br \/>\n&#8211; Max. statisk b\u00e4rf\u00f6rm\u00e5ga f\u00f6r hyllan: 15 kg<br \/>\n&#8211; Material: st\u00e5l<br \/>\n&#8211; F\u00e4rg: Vit<\/p>\n","protected":false},"excerpt":{"rendered":"<p>SONGMICS kl\u00e4dst\u00e4ll i st\u00e5l, garderob med kl\u00e4dst\u00e5ng, f\u00f6rvaringshylla i nedre delen, enkel, sovrum, hall, vind, k\u00e4llare, 92,5 x 33,5 x 153 cm, matt svart HSR23BK<\/p>\n","protected":false},"featured_media":40634,"comment_status":"open","ping_status":"closed","template":"","meta":[],"product_brand":[],"product_cat":[33],"product_tag":[],"class_list":{"0":"post-12355","1":"product","2":"type-product","3":"status-publish","4":"has-post-thumbnail","6":"product_cat-okategoriserad","8":"first","9":"instock","10":"shipping-taxable","11":"purchasable","12":"product-type-simple"},"_links":{"self":[{"href":"https:\/\/nordicmart.andreevmaster.com\/sv\/wp-json\/wp\/v2\/product\/12355","targetHints":{"allow":["GET"]}}],"collection":[{"href":"https:\/\/nordicmart.andreevmaster.com\/sv\/wp-json\/wp\/v2\/product"}],"about":[{"href":"https:\/\/nordicmart.andreevmaster.com\/sv\/wp-json\/wp\/v2\/types\/product"}],"replies":[{"embeddable":true,"href":"https:\/\/nordicmart.andreevmaster.com\/sv\/wp-json\/wp\/v2\/comments?post=12355"}],"wp:featuredmedia":[{"embeddable":true,"href":"https:\/\/nordicmart.andreevmaster.com\/sv\/wp-json\/wp\/v2\/media\/40634"}],"wp:attachment":[{"href":"https:\/\/nordicmart.andreevmaster.com\/sv\/wp-json\/wp\/v2\/media?parent=12355"}],"wp:term":[{"taxonomy":"product_brand","embeddable":true,"href":"https:\/\/nordicmart.andreevmaster.com\/sv\/wp-json\/wp\/v2\/product_brand?post=12355"},{"taxonomy":"product_cat","embeddable":true,"href":"https:\/\/nordicmart.andreevmaster.com\/sv\/wp-json\/wp\/v2\/product_cat?post=12355"},{"taxonomy":"product_tag","embeddable":true,"href":"https:\/\/nordicmart.andreevmaster.com\/sv\/wp-json\/wp\/v2\/product_tag?post=12355"}],"curies":[{"name":"wp","href":"https:\/\/api.w.org\/{rel}","templated":true}]}}