{"id":12354,"date":"2026-02-27T00:13:45","date_gmt":"2026-02-27T00:13:45","guid":{"rendered":"https:\/\/nordicmart.andreevmaster.com\/product\/songmics-kladstall-pa-hjul-tunglastgarderob-utdragbar-kladstang\/"},"modified":"2026-02-27T08:07:58","modified_gmt":"2026-02-27T08:07:58","slug":"songmics-kladstall-pa-hjul-tunglastgarderob-utdragbar-kladstang","status":"publish","type":"product","link":"https:\/\/nordicmart.andreevmaster.com\/sv\/produkt\/songmics-kladstall-pa-hjul-tunglastgarderob-utdragbar-kladstang\/","title":{"rendered":"SONGMICS kl\u00e4dst\u00e4ll p\u00e5 hjul, tunglastgarderob, utdragbar kl\u00e4dst\u00e5ng"},"content":{"rendered":"<p>SONGMICS kl\u00e4dst\u00e4ll p\u00e5 hjul, kl\u00e4dst\u00e5ng f\u00f6r tung last, med utdragbar kl\u00e4dst\u00e5ng, 90 kg b\u00e4rkraft, enkel montering, b\u00e4rbar<br \/>\nProduktdetaljer:<br \/>\n&#8211; F\u00e4rg: Vit<br \/>\n&#8211; Material: St\u00e5l, PP-rullar<br \/>\n&#8211; Storlek: 45 x (92-132) x 161,5 cm (D x B x H)<br \/>\n&#8211; Vikt: 5 kg<br \/>\n&#8211; Max. total statisk belastningskapacitet: 100 kg<\/p>\n<p>Leveransomfattning:<br \/>\n&#8211; 1 x kl\u00e4dst\u00e4ll<br \/>\n&#8211; 1 x bruksanvisning<\/p>\n<p>SONGMICS Anm\u00e4rkningar:<br \/>\n&#8211; Om du vill skjuta tillbaka kl\u00e4dst\u00e5ngen trycker du p\u00e5 \u00e4ndstycket.<br \/>\nR\u00f6r INTE kl\u00e4dst\u00e5ngen n\u00e4r du skjuter den, s\u00e5 att du inte kl\u00e4mmer fingrarna.<\/p>\n","protected":false},"excerpt":{"rendered":"<p>SONGMICS kl\u00e4dst\u00e4ll p\u00e5 hjul, kl\u00e4dst\u00e5ng f\u00f6r tung last, med utdragbar kl\u00e4dst\u00e5ng, 90 kg b\u00e4rkraft, enkel montering, b\u00e4rbar<\/p>\n","protected":false},"featured_media":40633,"comment_status":"open","ping_status":"closed","template":"","meta":[],"product_brand":[],"product_cat":[33],"product_tag":[],"class_list":{"0":"post-12354","1":"product","2":"type-product","3":"status-publish","4":"has-post-thumbnail","6":"product_cat-okategoriserad","8":"first","9":"instock","10":"shipping-taxable","11":"purchasable","12":"product-type-simple"},"_links":{"self":[{"href":"https:\/\/nordicmart.andreevmaster.com\/sv\/wp-json\/wp\/v2\/product\/12354","targetHints":{"allow":["GET"]}}],"collection":[{"href":"https:\/\/nordicmart.andreevmaster.com\/sv\/wp-json\/wp\/v2\/product"}],"about":[{"href":"https:\/\/nordicmart.andreevmaster.com\/sv\/wp-json\/wp\/v2\/types\/product"}],"replies":[{"embeddable":true,"href":"https:\/\/nordicmart.andreevmaster.com\/sv\/wp-json\/wp\/v2\/comments?post=12354"}],"wp:featuredmedia":[{"embeddable":true,"href":"https:\/\/nordicmart.andreevmaster.com\/sv\/wp-json\/wp\/v2\/media\/40633"}],"wp:attachment":[{"href":"https:\/\/nordicmart.andreevmaster.com\/sv\/wp-json\/wp\/v2\/media?parent=12354"}],"wp:term":[{"taxonomy":"product_brand","embeddable":true,"href":"https:\/\/nordicmart.andreevmaster.com\/sv\/wp-json\/wp\/v2\/product_brand?post=12354"},{"taxonomy":"product_cat","embeddable":true,"href":"https:\/\/nordicmart.andreevmaster.com\/sv\/wp-json\/wp\/v2\/product_cat?post=12354"},{"taxonomy":"product_tag","embeddable":true,"href":"https:\/\/nordicmart.andreevmaster.com\/sv\/wp-json\/wp\/v2\/product_tag?post=12354"}],"curies":[{"name":"wp","href":"https:\/\/api.w.org\/{rel}","templated":true}]}}