{"id":12352,"date":"2026-02-27T00:13:44","date_gmt":"2026-02-27T00:13:44","guid":{"rendered":"https:\/\/nordicmart.andreevmaster.com\/product\/songmics-kladstallning-kladhangare-pa-hjul-utdragbar-kladstang\/"},"modified":"2026-02-27T08:07:58","modified_gmt":"2026-02-27T08:07:58","slug":"songmics-kladstallning-kladhangare-pa-hjul-utdragbar-kladstang","status":"publish","type":"product","link":"https:\/\/nordicmart.andreevmaster.com\/sv\/produkt\/songmics-kladstallning-kladhangare-pa-hjul-utdragbar-kladstang\/","title":{"rendered":"SONGMICS kl\u00e4dst\u00e4llning, kl\u00e4dh\u00e4ngare p\u00e5 hjul, utdragbar kl\u00e4dst\u00e5ng"},"content":{"rendered":"<p>SONGMICS kl\u00e4dst\u00e4ll p\u00e5 hjul, kl\u00e4dst\u00e5ng f\u00f6r tung last, med utdragbar kl\u00e4dst\u00e5ng, 90 kg b\u00e4rkraft, enkel montering, b\u00e4rbar<br \/>\nSpecifikationer:<br \/>\n&#8211; M\u00e5tt: 45 x (92-132) x 161,5 cm (D x B x H)<br \/>\n&#8211; Vikt: 5 kg<br \/>\n&#8211; Max. total statisk b\u00e4rf\u00f6rm\u00e5ga: 100 kg<br \/>\n&#8211; Material: st\u00e5l, PP-rullar<br \/>\n&#8211; F\u00e4rg: Gr\u00e5<\/p>\n","protected":false},"excerpt":{"rendered":"<p>SONGMICS kl\u00e4dst\u00e4ll p\u00e5 hjul, kl\u00e4dst\u00e5ng f\u00f6r tung last, med utdragbar kl\u00e4dst\u00e5ng, 90 kg b\u00e4rkraft, enkel montering, b\u00e4rbar<\/p>\n","protected":false},"featured_media":40631,"comment_status":"open","ping_status":"closed","template":"","meta":[],"product_brand":[],"product_cat":[33],"product_tag":[],"class_list":{"0":"post-12352","1":"product","2":"type-product","3":"status-publish","4":"has-post-thumbnail","6":"product_cat-okategoriserad","8":"first","9":"instock","10":"shipping-taxable","11":"purchasable","12":"product-type-simple"},"_links":{"self":[{"href":"https:\/\/nordicmart.andreevmaster.com\/sv\/wp-json\/wp\/v2\/product\/12352","targetHints":{"allow":["GET"]}}],"collection":[{"href":"https:\/\/nordicmart.andreevmaster.com\/sv\/wp-json\/wp\/v2\/product"}],"about":[{"href":"https:\/\/nordicmart.andreevmaster.com\/sv\/wp-json\/wp\/v2\/types\/product"}],"replies":[{"embeddable":true,"href":"https:\/\/nordicmart.andreevmaster.com\/sv\/wp-json\/wp\/v2\/comments?post=12352"}],"wp:featuredmedia":[{"embeddable":true,"href":"https:\/\/nordicmart.andreevmaster.com\/sv\/wp-json\/wp\/v2\/media\/40631"}],"wp:attachment":[{"href":"https:\/\/nordicmart.andreevmaster.com\/sv\/wp-json\/wp\/v2\/media?parent=12352"}],"wp:term":[{"taxonomy":"product_brand","embeddable":true,"href":"https:\/\/nordicmart.andreevmaster.com\/sv\/wp-json\/wp\/v2\/product_brand?post=12352"},{"taxonomy":"product_cat","embeddable":true,"href":"https:\/\/nordicmart.andreevmaster.com\/sv\/wp-json\/wp\/v2\/product_cat?post=12352"},{"taxonomy":"product_tag","embeddable":true,"href":"https:\/\/nordicmart.andreevmaster.com\/sv\/wp-json\/wp\/v2\/product_tag?post=12352"}],"curies":[{"name":"wp","href":"https:\/\/api.w.org\/{rel}","templated":true}]}}