{"id":12350,"date":"2026-02-27T00:13:44","date_gmt":"2026-02-27T00:13:44","guid":{"rendered":"https:\/\/nordicmart.andreevmaster.com\/product\/songmics-kladstall-pa-hjul-garderob-utdragbar-kladstang\/"},"modified":"2026-02-27T08:07:57","modified_gmt":"2026-02-27T08:07:57","slug":"songmics-kladstall-pa-hjul-garderob-utdragbar-kladstang","status":"publish","type":"product","link":"https:\/\/nordicmart.andreevmaster.com\/sv\/produkt\/songmics-kladstall-pa-hjul-garderob-utdragbar-kladstang\/","title":{"rendered":"SONGMICS kl\u00e4dst\u00e4ll p\u00e5 hjul, garderob, utdragbar kl\u00e4dst\u00e5ng"},"content":{"rendered":"<p>Produktdetaljer: &#8211; F\u00e4rg: Matt svart &#8211; Material: St\u00e5l, PP-hjul &#8211; Storlek: 45 x (110-150) x 160 cm (D x B x H) &#8211; Vikt: 7 kg &#8211; Max. statisk belastningskapacitet: 136 kg Leveransomfattning: &#8211; 1 x kl\u00e4dst\u00e4ll &#8211; 1 x bruksanvisning<\/p>\n","protected":false},"excerpt":{"rendered":"<p>Kl\u00e4dst\u00e4ll p\u00e5 hjul, garderobsst\u00e4ll, utdragbar kl\u00e4dst\u00e5ng, belastningskapacitet upp till 130 kg, 45 x (110-150) x 162,9 cm, metall, mattvit<\/p>\n","protected":false},"featured_media":40630,"comment_status":"open","ping_status":"closed","template":"","meta":[],"product_brand":[],"product_cat":[33],"product_tag":[],"class_list":{"0":"post-12350","1":"product","2":"type-product","3":"status-publish","4":"has-post-thumbnail","6":"product_cat-okategoriserad","8":"first","9":"instock","10":"shipping-taxable","11":"purchasable","12":"product-type-simple"},"_links":{"self":[{"href":"https:\/\/nordicmart.andreevmaster.com\/sv\/wp-json\/wp\/v2\/product\/12350","targetHints":{"allow":["GET"]}}],"collection":[{"href":"https:\/\/nordicmart.andreevmaster.com\/sv\/wp-json\/wp\/v2\/product"}],"about":[{"href":"https:\/\/nordicmart.andreevmaster.com\/sv\/wp-json\/wp\/v2\/types\/product"}],"replies":[{"embeddable":true,"href":"https:\/\/nordicmart.andreevmaster.com\/sv\/wp-json\/wp\/v2\/comments?post=12350"}],"wp:featuredmedia":[{"embeddable":true,"href":"https:\/\/nordicmart.andreevmaster.com\/sv\/wp-json\/wp\/v2\/media\/40630"}],"wp:attachment":[{"href":"https:\/\/nordicmart.andreevmaster.com\/sv\/wp-json\/wp\/v2\/media?parent=12350"}],"wp:term":[{"taxonomy":"product_brand","embeddable":true,"href":"https:\/\/nordicmart.andreevmaster.com\/sv\/wp-json\/wp\/v2\/product_brand?post=12350"},{"taxonomy":"product_cat","embeddable":true,"href":"https:\/\/nordicmart.andreevmaster.com\/sv\/wp-json\/wp\/v2\/product_cat?post=12350"},{"taxonomy":"product_tag","embeddable":true,"href":"https:\/\/nordicmart.andreevmaster.com\/sv\/wp-json\/wp\/v2\/product_tag?post=12350"}],"curies":[{"name":"wp","href":"https:\/\/api.w.org\/{rel}","templated":true}]}}