{"id":12348,"date":"2026-02-27T00:13:43","date_gmt":"2026-02-27T00:13:43","guid":{"rendered":"https:\/\/nordicmart.andreevmaster.com\/product\/vasagle-garderob-skobank-i-industriell-stil\/"},"modified":"2026-02-27T08:07:57","modified_gmt":"2026-02-27T08:07:57","slug":"vasagle-garderob-skobank-i-industriell-stil","status":"publish","type":"product","link":"https:\/\/nordicmart.andreevmaster.com\/sv\/produkt\/vasagle-garderob-skobank-i-industriell-stil\/","title":{"rendered":"VASAGLE Garderob &#038; skob\u00e4nk i industriell stil"},"content":{"rendered":"<p>Designerna p\u00e5 VASAGLE kommer regelbundet med nya id\u00e9er f\u00f6r praktiska m\u00f6bler som g\u00f6r ditt liv lite bekv\u00e4mare p\u00e5 ett stilfullt s\u00e4tt och till \u00f6verkomliga priser. P\u00e5 s\u00e5 s\u00e4tt ger de dig m\u00f6jlighet att g\u00f6ra ditt hem till n\u00e5got helt extraordin\u00e4rt.  Rustik garderob i industriell design  De har till exempel designat den kl\u00e4dh\u00e4ngare med sittb\u00e4nk som visas ovan, som ger dig b\u00e5de en bekv\u00e4m sittplats och tv\u00e5 gallerhyllor f\u00f6r f\u00f6rvaring av skor samt 12 krokar f\u00f6r kl\u00e4df\u00f6rvaring.  Garderoben \u00e4r designad i trendig industridesign med vintageelement i tr\u00e4 och en 30 mm tjock sittyta och passar s\u00e4rskilt bra i stora eller \u00f6ppna rum som inte \u00e4r alltf\u00f6r fullst\u00e4llda med andra m\u00f6bler. Placera kl\u00e4dh\u00e4ngaren i din hall, till exempel, f\u00f6r att h\u00e4nga jackor och rockar p\u00e5 och bekv\u00e4mt kunna ta p\u00e5 dig dina skor.  Denna garderob b\u00f6r dock inte vara det enda industriella designf\u00f6rem\u00e5let i din l\u00e4genhet. Ta g\u00e4rna en titt p\u00e5 de andra kompositionerna fr\u00e5n VASAGLE. Produktdetaljer: F\u00e4rg: Vintagebrun-svart Material: Sp\u00e5nskiva, st\u00e5l Storlek: 100 x 40 x 184 cm (L x B x H)Sitsens storlek: 96 x 37 cm (L x B) Vikt: 17 kg Max. statisk belastningskapacitet per krok: 2 kg Max. statisk belastningskapacitet f\u00f6r sitsen: 90 kg Max. statisk belastningskapacitet per gallerhylla: 10 kg Leveransomfattning: 1 x garderob 1 x tillbeh\u00f6rsp\u00e5se 1 x instruktioner (DE, EN, FR, ES, IT)<\/p>\n","protected":false},"excerpt":{"rendered":"<p>VASAGLE Stor garderob med b\u00e4nk, kl\u00e4dst\u00e4ll med 12 kl\u00e4dkrokar och skohylla, hallhylla, kontor, sovrum, stabilt j\u00e4rnstativ, industriell design, vintagebrun-svart HSR86BX<\/p>\n","protected":false},"featured_media":40628,"comment_status":"open","ping_status":"closed","template":"","meta":[],"product_brand":[],"product_cat":[33],"product_tag":[],"class_list":{"0":"post-12348","1":"product","2":"type-product","3":"status-publish","4":"has-post-thumbnail","6":"product_cat-okategoriserad","8":"first","9":"instock","10":"shipping-taxable","11":"purchasable","12":"product-type-simple"},"_links":{"self":[{"href":"https:\/\/nordicmart.andreevmaster.com\/sv\/wp-json\/wp\/v2\/product\/12348","targetHints":{"allow":["GET"]}}],"collection":[{"href":"https:\/\/nordicmart.andreevmaster.com\/sv\/wp-json\/wp\/v2\/product"}],"about":[{"href":"https:\/\/nordicmart.andreevmaster.com\/sv\/wp-json\/wp\/v2\/types\/product"}],"replies":[{"embeddable":true,"href":"https:\/\/nordicmart.andreevmaster.com\/sv\/wp-json\/wp\/v2\/comments?post=12348"}],"wp:featuredmedia":[{"embeddable":true,"href":"https:\/\/nordicmart.andreevmaster.com\/sv\/wp-json\/wp\/v2\/media\/40628"}],"wp:attachment":[{"href":"https:\/\/nordicmart.andreevmaster.com\/sv\/wp-json\/wp\/v2\/media?parent=12348"}],"wp:term":[{"taxonomy":"product_brand","embeddable":true,"href":"https:\/\/nordicmart.andreevmaster.com\/sv\/wp-json\/wp\/v2\/product_brand?post=12348"},{"taxonomy":"product_cat","embeddable":true,"href":"https:\/\/nordicmart.andreevmaster.com\/sv\/wp-json\/wp\/v2\/product_cat?post=12348"},{"taxonomy":"product_tag","embeddable":true,"href":"https:\/\/nordicmart.andreevmaster.com\/sv\/wp-json\/wp\/v2\/product_tag?post=12348"}],"curies":[{"name":"wp","href":"https:\/\/api.w.org\/{rel}","templated":true}]}}