{"id":12344,"date":"2026-02-27T00:13:42","date_gmt":"2026-02-27T00:13:42","guid":{"rendered":"https:\/\/nordicmart.andreevmaster.com\/product\/songmics-kladstang-for-vagg\/"},"modified":"2026-02-27T08:07:56","modified_gmt":"2026-02-27T08:07:56","slug":"songmics-kladstang-for-vagg","status":"publish","type":"product","link":"https:\/\/nordicmart.andreevmaster.com\/sv\/produkt\/songmics-kladstang-for-vagg\/","title":{"rendered":"SONGMICS kl\u00e4dst\u00e5ng f\u00f6r v\u00e4gg"},"content":{"rendered":"<p>Utnyttja lediga v\u00e4ggytor: Vill du h\u00e4nga upp kl\u00e4der som ligger i h\u00f6gar eller sjalar som ligger i en r\u00f6ra i en l\u00e5da? Prova d\u00e5 denna kl\u00e4dst\u00e5ng fr\u00e5n SONGMICS! Den 92 cm l\u00e5nga st\u00e5ngen monteras p\u00e5 v\u00e4ggen och erbjuder gott om plats f\u00f6r m\u00e5nga kl\u00e4der och accessoarer. \u00c4r du h\u00e4ndig? Du beh\u00f6ver inte vara expert f\u00f6r att montera denna kl\u00e4dst\u00e5ng p\u00e5 din v\u00e4gg. Vi tillhandah\u00e5ller detaljerade instruktioner och f\u00e4sttillbeh\u00f6r, vilket garanterar en problemfri montering.Produktdetaljer: F\u00e4rg: Svart Material: St\u00e5l Storlek: 92 x 30 x 7,5 cm (L x B x H) Vikt: 1,3 kg Max. statisk belastningskapacitet: 50 kg Leveransomfattning: 1 x kl\u00e4dst\u00e5ng 1 x tillbeh\u00f6rsp\u00e5se 1 x instruktioner (DE, EN, ES, FR, IT) SONGMICS Anm\u00e4rkningar:De medf\u00f6ljande skruvarna och pluggarna \u00e4r endast avsedda f\u00f6r massiva tegel- eller betongv\u00e4ggar. V\u00e4nd dig till en fackhandlare f\u00f6r verktyg om du vill f\u00e4sta kl\u00e4dst\u00e5ngen p\u00e5 en annan typ av v\u00e4gg, s\u00e4rskilt p\u00e5 en gipsv\u00e4gg.<\/p>\n","protected":false},"excerpt":{"rendered":"<p>SONGMICS kl\u00e4dst\u00e4nger, 2-pack, garderobsst\u00e4nger i industriell design, v\u00e4ggmontering, platsbesparande, 92 x 30 x 7,5 cm, belastningskapacitet upp till 50 kg, enkel montering, f\u00f6r sm\u00e5 utrymmen, svart HSR67BK02<\/p>\n","protected":false},"featured_media":40624,"comment_status":"open","ping_status":"closed","template":"","meta":[],"product_brand":[],"product_cat":[33],"product_tag":[],"class_list":{"0":"post-12344","1":"product","2":"type-product","3":"status-publish","4":"has-post-thumbnail","6":"product_cat-okategoriserad","8":"first","9":"instock","10":"shipping-taxable","11":"purchasable","12":"product-type-simple"},"_links":{"self":[{"href":"https:\/\/nordicmart.andreevmaster.com\/sv\/wp-json\/wp\/v2\/product\/12344","targetHints":{"allow":["GET"]}}],"collection":[{"href":"https:\/\/nordicmart.andreevmaster.com\/sv\/wp-json\/wp\/v2\/product"}],"about":[{"href":"https:\/\/nordicmart.andreevmaster.com\/sv\/wp-json\/wp\/v2\/types\/product"}],"replies":[{"embeddable":true,"href":"https:\/\/nordicmart.andreevmaster.com\/sv\/wp-json\/wp\/v2\/comments?post=12344"}],"wp:featuredmedia":[{"embeddable":true,"href":"https:\/\/nordicmart.andreevmaster.com\/sv\/wp-json\/wp\/v2\/media\/40624"}],"wp:attachment":[{"href":"https:\/\/nordicmart.andreevmaster.com\/sv\/wp-json\/wp\/v2\/media?parent=12344"}],"wp:term":[{"taxonomy":"product_brand","embeddable":true,"href":"https:\/\/nordicmart.andreevmaster.com\/sv\/wp-json\/wp\/v2\/product_brand?post=12344"},{"taxonomy":"product_cat","embeddable":true,"href":"https:\/\/nordicmart.andreevmaster.com\/sv\/wp-json\/wp\/v2\/product_cat?post=12344"},{"taxonomy":"product_tag","embeddable":true,"href":"https:\/\/nordicmart.andreevmaster.com\/sv\/wp-json\/wp\/v2\/product_tag?post=12344"}],"curies":[{"name":"wp","href":"https:\/\/api.w.org\/{rel}","templated":true}]}}