{"id":12342,"date":"2026-02-27T00:13:42","date_gmt":"2026-02-27T00:13:42","guid":{"rendered":"https:\/\/nordicmart.andreevmaster.com\/product\/kladstall-kladstall-med-hjul-5-nivaers-kladstall-med-metallror-for-sovrum-butik-tvattstuga-vardagsrum-lantlig-brun-och-svart\/"},"modified":"2026-02-27T08:07:56","modified_gmt":"2026-02-27T08:07:56","slug":"kladstall-kladstall-med-hjul-5-nivaers-kladstall-med-metallror-for-sovrum-butik-tvattstuga-vardagsrum-lantlig-brun-och-svart","status":"publish","type":"product","link":"https:\/\/nordicmart.andreevmaster.com\/sv\/produkt\/kladstall-kladstall-med-hjul-5-nivaers-kladstall-med-metallror-for-sovrum-butik-tvattstuga-vardagsrum-lantlig-brun-och-svart\/","title":{"rendered":"Kl\u00e4dst\u00e4ll, kl\u00e4dst\u00e4ll med hjul, 5-niv\u00e5ers kl\u00e4dst\u00e4ll med metallr\u00f6r, f\u00f6r sovrum, butik, tv\u00e4ttstuga, vardagsrum, lantlig brun och svart"},"content":{"rendered":"<p>Har aldrig sett b\u00e4ttre ut: Det \u00e4r ett par som definierar rummet och denna kl\u00e4dh\u00e4ngare, tvingar \u00f6gonen att titta p\u00e5 den n\u00e4r den presenterar dina kl\u00e4der p\u00e5 ett elegant s\u00e4tt och ger dem en unik scen att gl\u00e4nsa p\u00e5.Kl\u00e4derna stannar p\u00e5 plats: Du kan vara lugn i vetskapen om att dina kl\u00e4der h\u00e4nger d\u00e4r de h\u00f6r hemma n\u00e4r du kommer hem; denna kl\u00e4dh\u00e4ngares starka st\u00e5lr\u00f6rskena b\u00e4r upp till 60 kg av dina favoritkl\u00e4der.H\u00e4ng upp, visa upp, f\u00f6rbered, g\u00f6m undan: Denna kl\u00e4dh\u00e4ngare \u00e4r inte bara till f\u00f6r att h\u00e4nga kl\u00e4der p\u00e5 \u2013 visa upp v\u00e4skor p\u00e5 de tre sidohyllorna, f\u00f6rbered skor p\u00e5 den nedre hyllan och f\u00f6rvara saker i l\u00e5dorna p\u00e5 den \u00f6versta hyllan \u2013 alla \u00e4r v\u00e4lkomna! F\u00f6ljer med dit du g\u00e5r: Rulla din kl\u00e4dkollektion fr\u00e5n garderoben till sovrummet, vardagsrummet och andra rum med hj\u00e4lp av 4 hjul. 2 hjul \u00e4r l\u00e5sbara och h\u00e5ller kl\u00e4dh\u00e4ngaren p\u00e5 plats n\u00e4r du provar kl\u00e4der.Enkel och smidig montering: M\u00e4rkta delar? Check. Detaljerade instruktioner? Check. Enkel monteringsprocess? Check! D\u00e5 k\u00e4nns det inte l\u00e4ngre som ett extra jobb att montera denna kl\u00e4dh\u00e4ngare \u2013 nu k\u00f6r vi.Tekniska uppgifter: F\u00e4rg: F\u00e4rgen \u00e4r f\u00e4rgad: F\u00e4rg: Rustic BrownMaterial: Rustic Brown: Material: Sp\u00e5nskiva, st\u00e5lProduktens storlek: 103,5 x 40 x 174,5 cm (L x B x H)Produktens vikt: 20,8 kgMax. H\u00e4ngst\u00e5ngens belastningskapacitet: 60 kgTotal belastningskapacitet: 90 kgF\u00f6rpackningens inneh\u00e5ll:1 x Kl\u00e4dh\u00e4ngare1 x Monteringssats1 x Bruksanvisning (EN, DE, FR, ES, IT, ES, IT)<\/p>\n","protected":false},"excerpt":{"rendered":"<p>Har aldrig sett b\u00e4ttre ut: Det \u00e4r ett par som definierar rummet och denna kl\u00e4dh\u00e4ngare, tvingar \u00f6gonen att titta p\u00e5 den n\u00e4r den presenterar dina kl\u00e4der p\u00e5 ett elegant s\u00e4tt och ger dem en unik scen att gl\u00e4nsa p\u00e5.Kl\u00e4derna stannar p\u00e5 plats: Du kan vara lugn i vetskapen om att dina kl\u00e4der h\u00e4nger d\u00e4r de [&hellip;]<\/p>\n","protected":false},"featured_media":0,"comment_status":"open","ping_status":"closed","template":"","meta":[],"product_brand":[],"product_cat":[33],"product_tag":[],"class_list":{"0":"post-12342","1":"product","2":"type-product","3":"status-publish","5":"product_cat-okategoriserad","7":"first","8":"instock","9":"shipping-taxable","10":"product-type-simple"},"_links":{"self":[{"href":"https:\/\/nordicmart.andreevmaster.com\/sv\/wp-json\/wp\/v2\/product\/12342","targetHints":{"allow":["GET"]}}],"collection":[{"href":"https:\/\/nordicmart.andreevmaster.com\/sv\/wp-json\/wp\/v2\/product"}],"about":[{"href":"https:\/\/nordicmart.andreevmaster.com\/sv\/wp-json\/wp\/v2\/types\/product"}],"replies":[{"embeddable":true,"href":"https:\/\/nordicmart.andreevmaster.com\/sv\/wp-json\/wp\/v2\/comments?post=12342"}],"wp:attachment":[{"href":"https:\/\/nordicmart.andreevmaster.com\/sv\/wp-json\/wp\/v2\/media?parent=12342"}],"wp:term":[{"taxonomy":"product_brand","embeddable":true,"href":"https:\/\/nordicmart.andreevmaster.com\/sv\/wp-json\/wp\/v2\/product_brand?post=12342"},{"taxonomy":"product_cat","embeddable":true,"href":"https:\/\/nordicmart.andreevmaster.com\/sv\/wp-json\/wp\/v2\/product_cat?post=12342"},{"taxonomy":"product_tag","embeddable":true,"href":"https:\/\/nordicmart.andreevmaster.com\/sv\/wp-json\/wp\/v2\/product_tag?post=12342"}],"curies":[{"name":"wp","href":"https:\/\/api.w.org\/{rel}","templated":true}]}}