{"id":12340,"date":"2026-02-27T00:13:42","date_gmt":"2026-02-27T00:13:42","guid":{"rendered":"https:\/\/nordicmart.andreevmaster.com\/product\/kladstativ-for-sovrum-kraftigt-kladstativ-industriellt-rorrullande-kladstativ-med-hylla-toppskena-max-belastning-90-kg-tvattstuga-butik-rustikt-brunt-och-svart\/"},"modified":"2026-02-27T08:07:56","modified_gmt":"2026-02-27T08:07:56","slug":"kladstativ-for-sovrum-kraftigt-kladstativ-industriellt-rorrullande-kladstativ-med-hylla-toppskena-max-belastning-90-kg-tvattstuga-butik-rustikt-brunt-och-svart","status":"publish","type":"product","link":"https:\/\/nordicmart.andreevmaster.com\/sv\/produkt\/kladstativ-for-sovrum-kraftigt-kladstativ-industriellt-rorrullande-kladstativ-med-hylla-toppskena-max-belastning-90-kg-tvattstuga-butik-rustikt-brunt-och-svart\/","title":{"rendered":"Kl\u00e4dstativ f\u00f6r sovrum, kraftigt kl\u00e4dstativ, industriellt r\u00f6rrullande kl\u00e4dstativ med hylla, toppskena max. Belastning 90 kg, tv\u00e4ttstuga, butik, rustikt brunt och svart"},"content":{"rendered":"<p>Ingen kamp med skabsplads: Er dit skab ved at spr\u00e6nges i s\u00f8mmene? Denne t\u00f8jstang kan aflaste skabet og hj\u00e6lpe med at redde dine elskede kjoler fra t\u00f8jbunkerne.Visa upp det: Bjud in detta h\u00e4ngande stativ med industriell r\u00f6rdesign och en rustik hylla i ditt hem f\u00f6r att piffa upp ditt rum och samtidigt erbjuda extra f\u00f6rvaring; det \u00e4r s\u00e5 attraktivt att du inte vill g\u00f6mma undan det och g\u00e5 miste om komplimangerna. Som ett rullande sk\u00e5p: Vad ska du ha p\u00e5 dig till festen \u2013 avslappnade kl\u00e4der, den lilla svarta kl\u00e4nningen eller en elegant jumpsuit \u2013 du beh\u00f6ver bara rulla detta b\u00e4rbara kl\u00e4dst\u00e4ll fram till spegeln f\u00f6r att hitta r\u00e4tt kl\u00e4der; tv\u00e5 bromsar h\u00e5ller det p\u00e5 plats.<\/p>\n<p>Det har styrken: Skjorter, tr\u00f6jor, jackor och l\u00e5nga rockar \u2013 du kan lugnt h\u00e4nga de kl\u00e4der du beh\u00f6ver hela s\u00e4songen p\u00e5 detta kl\u00e4dst\u00e4ll, eftersom b\u00e4rf\u00f6rm\u00e5gan p\u00e5 90 kg s\u00e4kerst\u00e4ller att det har ett stabilt hem; den attraktiva hyllan kan ocks\u00e5 b\u00e4ra upp till 25 kg.Enkelt och l\u00e4tt att montera: M\u00e4rkta delar? Check. Detaljerade instruktioner? Check. En enkel monteringsprocess? Ja! D\u00e5 k\u00e4nns det inte som ett extra jobb att montera denna kl\u00e4dst\u00e5ng \u2013 l\u00e5t oss g\u00f6ra det. <\/p>\n<p>Kl\u00e4dst\u00e5ng och skost\u00e4ll i ett: Denna kl\u00e4dh\u00e4ngare kombinerar en kl\u00e4dst\u00e5ng och ett skost\u00e4ll i ett. Det betyder att dina kl\u00e4der och skor kan f\u00f6rvaras tillsammans p\u00e5 ett st\u00e4lle, s\u00e5 att du har enkel tillg\u00e5ng n\u00e4r du ska v\u00e4lja kl\u00e4der. H\u00e4ng dina jackor eller skjortor utan att de skrynklas p\u00e5 denna kl\u00e4dst\u00e5ng, s\u00e5 att du inte l\u00e4ngre beh\u00f6ver vika och stryka dem. Hyllan i botten har ocks\u00e5 plats f\u00f6r ett par l\u00e5dor d\u00e4r du kan f\u00f6rvara halsdukar, strumpor eller m\u00e5nga andra accessoarer.Ett kl\u00e4dst\u00e4ll f\u00f6r alla tillf\u00e4llen: Du kan inte bara anv\u00e4nda detta kl\u00e4dst\u00e4ll hemma, utan ocks\u00e5 transportera det till din butik eller loppmarknad f\u00f6r att visa upp dina varor. Produktdetaljer: F\u00e4rg: Vintage brun-svart Material: Sp\u00e5nskiva, st\u00e5l Storlek: 103,5 x 40 x 162 cm (L x B x H)Vikt: 9,7 kgMax. statisk belastningskapacitet f\u00f6r kl\u00e4dst\u00e5ngen: 90 kgMax. statisk belastningskapacitet f\u00f6r hyllan: 25 kgLeveransomf\u00e5ng:1 x kl\u00e4dst\u00e4ll1 x beh\u00e5llare med tillbeh\u00f6r1 x instruktionerSONGMICS instruktioner:Flytta produkten l\u00e5ngsamt och med hj\u00e4lp av andra personer n\u00e4r den \u00e4r fullastad f\u00f6r att s\u00e4kerst\u00e4lla en l\u00e4ngre livsl\u00e4ngd.<\/p>\n","protected":false},"excerpt":{"rendered":"<p>Ingen kamp med skabsplads: Er dit skab ved at spr\u00e6nges i s\u00f8mmene? Denne t\u00f8jstang kan aflaste skabet og hj\u00e6lpe med at redde dine elskede kjoler fra t\u00f8jbunkerne.Visa upp det: Bjud in detta h\u00e4ngande stativ med industriell r\u00f6rdesign och en rustik hylla i ditt hem f\u00f6r att piffa upp ditt rum och samtidigt erbjuda extra f\u00f6rvaring; [&hellip;]<\/p>\n","protected":false},"featured_media":0,"comment_status":"open","ping_status":"closed","template":"","meta":[],"product_brand":[],"product_cat":[33],"product_tag":[],"class_list":{"0":"post-12340","1":"product","2":"type-product","3":"status-publish","5":"product_cat-okategoriserad","7":"first","8":"instock","9":"shipping-taxable","10":"product-type-simple"},"_links":{"self":[{"href":"https:\/\/nordicmart.andreevmaster.com\/sv\/wp-json\/wp\/v2\/product\/12340","targetHints":{"allow":["GET"]}}],"collection":[{"href":"https:\/\/nordicmart.andreevmaster.com\/sv\/wp-json\/wp\/v2\/product"}],"about":[{"href":"https:\/\/nordicmart.andreevmaster.com\/sv\/wp-json\/wp\/v2\/types\/product"}],"replies":[{"embeddable":true,"href":"https:\/\/nordicmart.andreevmaster.com\/sv\/wp-json\/wp\/v2\/comments?post=12340"}],"wp:attachment":[{"href":"https:\/\/nordicmart.andreevmaster.com\/sv\/wp-json\/wp\/v2\/media?parent=12340"}],"wp:term":[{"taxonomy":"product_brand","embeddable":true,"href":"https:\/\/nordicmart.andreevmaster.com\/sv\/wp-json\/wp\/v2\/product_brand?post=12340"},{"taxonomy":"product_cat","embeddable":true,"href":"https:\/\/nordicmart.andreevmaster.com\/sv\/wp-json\/wp\/v2\/product_cat?post=12340"},{"taxonomy":"product_tag","embeddable":true,"href":"https:\/\/nordicmart.andreevmaster.com\/sv\/wp-json\/wp\/v2\/product_tag?post=12340"}],"curies":[{"name":"wp","href":"https:\/\/api.w.org\/{rel}","templated":true}]}}