{"id":12339,"date":"2026-02-27T00:13:42","date_gmt":"2026-02-27T00:13:42","guid":{"rendered":"https:\/\/nordicmart.andreevmaster.com\/product\/songmics-kladstanger-2-pack\/"},"modified":"2026-02-27T08:07:56","modified_gmt":"2026-02-27T08:07:56","slug":"songmics-kladstanger-2-pack","status":"publish","type":"product","link":"https:\/\/nordicmart.andreevmaster.com\/sv\/produkt\/songmics-kladstanger-2-pack\/","title":{"rendered":"SONGMICS kl\u00e4dst\u00e4nger, 2-pack"},"content":{"rendered":"<p>Utnyttja lediga v\u00e4ggytor Vill du h\u00e4nga upp kl\u00e4der som ligger i h\u00f6gar eller sjalar som ligger i en kaotisk h\u00f6g i en l\u00e5da? Prova d\u00e5 dessa kl\u00e4dst\u00e4nger fr\u00e5n SONGMICS! St\u00e4ngerna \u00e4r 110 cm l\u00e5nga, monteras p\u00e5 v\u00e4ggen och erbjuder gott om plats f\u00f6r m\u00e5nga kl\u00e4der och accessoarer. Tillr\u00e4ckligt starka Ingenting vacklar h\u00e4r. Dessa h\u00f6gbelastningsbara kl\u00e4dst\u00e4nger \u00e4r tillverkade av h\u00f6gkvalitativt j\u00e4rn. Dessutom har de klarat T\u00dcV Rheinland:s \u201d60 kg belastningstest\u201d (rapportnr. 50254039 001). \u00c4r du h\u00e4ndig? Du beh\u00f6ver inte vara expert f\u00f6r att montera dessa kl\u00e4dst\u00e4nger p\u00e5 din v\u00e4gg. Sidodelarna best\u00e5r av ett stycke och den detaljerade instruktionen g\u00f6r monteringen enkel. Produktdetaljer: &#8211; F\u00e4rg: Svart &#8211; Material: J\u00e4rn &#8211; Storlek: 110 x 30 x 29,3 cm (L x B x H) &#8211; Vikt: 2,4 kg &#8211; Max. statisk belastningskapacitet: 60 kg Leveransomfattning:- 2 x kl\u00e4dst\u00e5ng &#8211; 1 x tillbeh\u00f6r &#8211; 1 x instruktioner (DE, EN, ES, FR, IT) SONGMICS Anm\u00e4rkningar: &#8211; De medf\u00f6ljande skruvarna och pluggarna \u00e4r endast avsedda f\u00f6r massiva v\u00e4ggar. V\u00e4nligen kontakta en fackhandlare f\u00f6r verktyg om du vill f\u00e4sta kl\u00e4dst\u00e4ngerna p\u00e5 en annan typ av v\u00e4gg.<\/p>\n","protected":false},"excerpt":{"rendered":"<p>SONGMICS kl\u00e4dst\u00e5ng f\u00f6r v\u00e4gg, garderobsst\u00e5ng i industriell design, v\u00e4ggmontering, platsbesparande, 110 x 30 x 29,3 cm, belastningskapacitet upp till 60 kg, enkel montering, f\u00f6r sm\u00e5 l\u00e4genheter, svart HSR64BK<\/p>\n","protected":false},"featured_media":40621,"comment_status":"open","ping_status":"closed","template":"","meta":[],"product_brand":[],"product_cat":[33],"product_tag":[],"class_list":{"0":"post-12339","1":"product","2":"type-product","3":"status-publish","4":"has-post-thumbnail","6":"product_cat-okategoriserad","8":"first","9":"instock","10":"shipping-taxable","11":"purchasable","12":"product-type-simple"},"_links":{"self":[{"href":"https:\/\/nordicmart.andreevmaster.com\/sv\/wp-json\/wp\/v2\/product\/12339","targetHints":{"allow":["GET"]}}],"collection":[{"href":"https:\/\/nordicmart.andreevmaster.com\/sv\/wp-json\/wp\/v2\/product"}],"about":[{"href":"https:\/\/nordicmart.andreevmaster.com\/sv\/wp-json\/wp\/v2\/types\/product"}],"replies":[{"embeddable":true,"href":"https:\/\/nordicmart.andreevmaster.com\/sv\/wp-json\/wp\/v2\/comments?post=12339"}],"wp:featuredmedia":[{"embeddable":true,"href":"https:\/\/nordicmart.andreevmaster.com\/sv\/wp-json\/wp\/v2\/media\/40621"}],"wp:attachment":[{"href":"https:\/\/nordicmart.andreevmaster.com\/sv\/wp-json\/wp\/v2\/media?parent=12339"}],"wp:term":[{"taxonomy":"product_brand","embeddable":true,"href":"https:\/\/nordicmart.andreevmaster.com\/sv\/wp-json\/wp\/v2\/product_brand?post=12339"},{"taxonomy":"product_cat","embeddable":true,"href":"https:\/\/nordicmart.andreevmaster.com\/sv\/wp-json\/wp\/v2\/product_cat?post=12339"},{"taxonomy":"product_tag","embeddable":true,"href":"https:\/\/nordicmart.andreevmaster.com\/sv\/wp-json\/wp\/v2\/product_tag?post=12339"}],"curies":[{"name":"wp","href":"https:\/\/api.w.org\/{rel}","templated":true}]}}