{"id":12337,"date":"2026-02-27T00:13:41","date_gmt":"2026-02-27T00:13:41","guid":{"rendered":"https:\/\/nordicmart.andreevmaster.com\/product\/songmics-kladstang-i-metall-svart\/"},"modified":"2026-02-27T08:07:55","modified_gmt":"2026-02-27T08:07:55","slug":"songmics-kladstang-i-metall-svart","status":"publish","type":"product","link":"https:\/\/nordicmart.andreevmaster.com\/sv\/produkt\/songmics-kladstang-i-metall-svart\/","title":{"rendered":"SONGMICS kl\u00e4dst\u00e5ng i metall, svart"},"content":{"rendered":"<p>Presentera varor p\u00e5 ett elegant s\u00e4tt Den stilblandning av vintage- och industridesign g\u00f6r denna kl\u00e4dst\u00e4llning fr\u00e5n SONGMICS till ett smycke f\u00f6r kl\u00e4dbutiker, boutiquer etc. B\u00e5de l\u00e5nga och korta kl\u00e4desplagg f\u00e5r plats p\u00e5 den nedre kl\u00e4dst\u00e5ngen, eftersom den \u00e4r justerbar i 4 h\u00f6jder. Dessutom \u00e4r kl\u00e4dst\u00e4llningen extra praktisk tack vare hjulen, eftersom du enkelt kan transportera kl\u00e4derna fram och tillbaka i din butik. Dessutom har en patentans\u00f6kan f\u00f6r denna kl\u00e4dst\u00e4llning med dubbla kl\u00e4dst\u00e4nger l\u00e4mnats in. En kl\u00e4dst\u00e4llning f\u00f6r alla tillf\u00e4llen Denna kl\u00e4dst\u00e4llning \u00e4r en smart f\u00f6rvaringsl\u00f6sning, eftersom du kan f\u00f6rvara dina kl\u00e4der utan att de blir skrynkliga. Dessutom imponerar den med sitt unika vattenr\u00f6rsutseende och sina coola metallst\u00e4nger. Denna kl\u00e4dh\u00e4ngare passar i sm\u00e5 l\u00e4genheter d\u00e4r det inte finns plats f\u00f6r en stor garderob, p\u00e5 vinden f\u00f6r att f\u00f6rvara dina sommarkl\u00e4der under vintern eller i tv\u00e4ttstugan f\u00f6r att h\u00e4nga upp tv\u00e4tt. Utm\u00e4rkt kvalitet, h\u00f6g belastningsf\u00f6rm\u00e5ga och praktisk flexibilitet \u2013 denna kl\u00e4dh\u00e4ngare fr\u00e5n SONGMICS i vattenr\u00f6rsdesign \u00e4r precis vad du beh\u00f6ver!Produktdetaljer: &#8211; F\u00e4rg: Svart &#8211; Material: Pulverlackerade j\u00e4rnr\u00f6r &#8211; M\u00e5tt: 130 x 49 x 198 cm (L x B x H) &#8211; Vikt: 7,4 kg &#8211; Max. belastningsf\u00f6rm\u00e5ga: 110 kg Leveransomfattning: &#8211; 1 x kl\u00e4dst\u00e4llning &#8211; 1 x bruksanvisning (DE, EN, FR, ES, IT) SONGMICS Anvisningar:- Flytta produkten l\u00e5ngsamt och med hj\u00e4lp av andra personer n\u00e4r den \u00e4r fullastad f\u00f6r att s\u00e4kerst\u00e4lla en l\u00e4ngre livsl\u00e4ngd. &#8211; Denna kl\u00e4dst\u00e4llning \u00e4r 198 cm h\u00f6g. Kontrollera h\u00f6jden p\u00e5 din d\u00f6rr och se till att produkten passar igenom.<\/p>\n","protected":false},"excerpt":{"rendered":"<p>SONGMICS kl\u00e4dst\u00e4ll i industriell design, belastningskapacitet upp till 110 kg, kl\u00e4dst\u00e4ll p\u00e5 hjul, 2 kl\u00e4dst\u00e4nger, av metall, h\u00f6g belastningskapacitet, presentation i butik, svart HSR62BK<\/p>\n","protected":false},"featured_media":40619,"comment_status":"open","ping_status":"closed","template":"","meta":[],"product_brand":[],"product_cat":[33],"product_tag":[],"class_list":{"0":"post-12337","1":"product","2":"type-product","3":"status-publish","4":"has-post-thumbnail","6":"product_cat-okategoriserad","8":"first","9":"instock","10":"shipping-taxable","11":"purchasable","12":"product-type-simple"},"_links":{"self":[{"href":"https:\/\/nordicmart.andreevmaster.com\/sv\/wp-json\/wp\/v2\/product\/12337","targetHints":{"allow":["GET"]}}],"collection":[{"href":"https:\/\/nordicmart.andreevmaster.com\/sv\/wp-json\/wp\/v2\/product"}],"about":[{"href":"https:\/\/nordicmart.andreevmaster.com\/sv\/wp-json\/wp\/v2\/types\/product"}],"replies":[{"embeddable":true,"href":"https:\/\/nordicmart.andreevmaster.com\/sv\/wp-json\/wp\/v2\/comments?post=12337"}],"wp:featuredmedia":[{"embeddable":true,"href":"https:\/\/nordicmart.andreevmaster.com\/sv\/wp-json\/wp\/v2\/media\/40619"}],"wp:attachment":[{"href":"https:\/\/nordicmart.andreevmaster.com\/sv\/wp-json\/wp\/v2\/media?parent=12337"}],"wp:term":[{"taxonomy":"product_brand","embeddable":true,"href":"https:\/\/nordicmart.andreevmaster.com\/sv\/wp-json\/wp\/v2\/product_brand?post=12337"},{"taxonomy":"product_cat","embeddable":true,"href":"https:\/\/nordicmart.andreevmaster.com\/sv\/wp-json\/wp\/v2\/product_cat?post=12337"},{"taxonomy":"product_tag","embeddable":true,"href":"https:\/\/nordicmart.andreevmaster.com\/sv\/wp-json\/wp\/v2\/product_tag?post=12337"}],"curies":[{"name":"wp","href":"https:\/\/api.w.org\/{rel}","templated":true}]}}