{"id":12336,"date":"2026-02-27T00:13:41","date_gmt":"2026-02-27T00:13:41","guid":{"rendered":"https:\/\/nordicmart.andreevmaster.com\/product\/songmics-kladhangare-for-tung-last-i-industriell-stil\/"},"modified":"2026-02-27T08:07:55","modified_gmt":"2026-02-27T08:07:55","slug":"songmics-kladhangare-for-tung-last-i-industriell-stil","status":"publish","type":"product","link":"https:\/\/nordicmart.andreevmaster.com\/sv\/produkt\/songmics-kladhangare-for-tung-last-i-industriell-stil\/","title":{"rendered":"SONGMICS kl\u00e4dh\u00e4ngare f\u00f6r tung last i industriell stil"},"content":{"rendered":"<p>Vattenr\u00f6rsdesign: Kl\u00e4dst\u00e5ngens b\u00e5da \u00e4ndar \u00e4r formade s\u00e5 att kl\u00e4derna inte faller av, samtidigt som designen ger kl\u00e4dh\u00e4ngaren en speciell touch.Stabil och h\u00e5llbar hylla Hyllan i nedre delen best\u00e5r av 4 metallst\u00e4nger och t\u00e5l en belastning p\u00e5 upp till 15 kg f\u00f6r att placera skor, v\u00e4skor, f\u00f6rvaringsl\u00e5dor etc.L\u00e5sbara hjul Tack vare 4 hjul kan du enkelt flytta kl\u00e4dh\u00e4ngaren fr\u00e5n ett rum till ett annat; 2 av dem \u00e4r l\u00e5sbara, vilket g\u00f6r att stativet alltid stannar p\u00e5 plats utan att rulla iv\u00e4g o\u00f6nskat.Produktdetaljer: F\u00e4rg: svart Material: pulverlackerade j\u00e4rnr\u00f6r M\u00e5tt: 100 x 163 x 49 cm (B x H x D) Vikt: 5,6 kg Max. belastningskapacitet: 90 kg Leveransomfattning: 1 x kl\u00e4dst\u00e4ll 1 x bruksanvisning (DE, EN, FR, ES, IT) SONGMICS Anm\u00e4rkningar:N\u00e4r produkten \u00e4r fullastad, flytta den l\u00e5ngsamt och med hj\u00e4lp av andra personer f\u00f6r att s\u00e4kerst\u00e4lla en l\u00e4ngre livsl\u00e4ngd.<\/p>\n","protected":false},"excerpt":{"rendered":"<p>SONGMICS tunglastkl\u00e4dst\u00e4ll i metall p\u00e5 hjul, belastningskapacitet upp till 90 kg, i industriell design, garderob med 1 kl\u00e4dst\u00e5ng och hylla, f\u00f6r sovrum, tv\u00e4ttstuga, svart HSR61BK<\/p>\n","protected":false},"featured_media":40618,"comment_status":"open","ping_status":"closed","template":"","meta":[],"product_brand":[],"product_cat":[33],"product_tag":[],"class_list":{"0":"post-12336","1":"product","2":"type-product","3":"status-publish","4":"has-post-thumbnail","6":"product_cat-okategoriserad","8":"first","9":"instock","10":"shipping-taxable","11":"purchasable","12":"product-type-simple"},"_links":{"self":[{"href":"https:\/\/nordicmart.andreevmaster.com\/sv\/wp-json\/wp\/v2\/product\/12336","targetHints":{"allow":["GET"]}}],"collection":[{"href":"https:\/\/nordicmart.andreevmaster.com\/sv\/wp-json\/wp\/v2\/product"}],"about":[{"href":"https:\/\/nordicmart.andreevmaster.com\/sv\/wp-json\/wp\/v2\/types\/product"}],"replies":[{"embeddable":true,"href":"https:\/\/nordicmart.andreevmaster.com\/sv\/wp-json\/wp\/v2\/comments?post=12336"}],"wp:featuredmedia":[{"embeddable":true,"href":"https:\/\/nordicmart.andreevmaster.com\/sv\/wp-json\/wp\/v2\/media\/40618"}],"wp:attachment":[{"href":"https:\/\/nordicmart.andreevmaster.com\/sv\/wp-json\/wp\/v2\/media?parent=12336"}],"wp:term":[{"taxonomy":"product_brand","embeddable":true,"href":"https:\/\/nordicmart.andreevmaster.com\/sv\/wp-json\/wp\/v2\/product_brand?post=12336"},{"taxonomy":"product_cat","embeddable":true,"href":"https:\/\/nordicmart.andreevmaster.com\/sv\/wp-json\/wp\/v2\/product_cat?post=12336"},{"taxonomy":"product_tag","embeddable":true,"href":"https:\/\/nordicmart.andreevmaster.com\/sv\/wp-json\/wp\/v2\/product_tag?post=12336"}],"curies":[{"name":"wp","href":"https:\/\/api.w.org\/{rel}","templated":true}]}}