{"id":12335,"date":"2026-02-27T00:13:41","date_gmt":"2026-02-27T00:13:41","guid":{"rendered":"https:\/\/nordicmart.andreevmaster.com\/product\/songmics-dubbel-kladstang-i-vattenrorsdesign\/"},"modified":"2026-02-27T08:07:55","modified_gmt":"2026-02-27T08:07:55","slug":"songmics-dubbel-kladstang-i-vattenrorsdesign","status":"publish","type":"product","link":"https:\/\/nordicmart.andreevmaster.com\/sv\/produkt\/songmics-dubbel-kladstang-i-vattenrorsdesign\/","title":{"rendered":"SONGMICS dubbel kl\u00e4dst\u00e5ng i vattenr\u00f6rsdesign"},"content":{"rendered":"<p>Presentera varor p\u00e5 ett elegant s\u00e4tt Den stilrena blandningen av rustik och industriell design g\u00f6r SONGMICS kl\u00e4dst\u00e5ng till ett smycke f\u00f6r kl\u00e4dbutiker, boutiquer etc. P\u00e5 de 2 kl\u00e4dst\u00e4ngerna kan b\u00e5de vintage- och nya kl\u00e4der presenteras p\u00e5 ett elegant s\u00e4tt. Hjulen g\u00f6r kl\u00e4dst\u00e5ngen extra praktisk, s\u00e5 att du enkelt kan transportera dina kl\u00e4der i butiken eller studion. M\u00e5ngsidig Anv\u00e4nds som en smart l\u00f6sning f\u00f6r att f\u00f6rvara alla dina staplade kl\u00e4der utan att ta upp mycket plats. Denna kl\u00e4dst\u00e4llning passar ocks\u00e5 perfekt i enrummare utan garderob; du kan anv\u00e4nda den p\u00e5 vinden f\u00f6r att f\u00f6rvara kl\u00e4der som inte passar f\u00f6r s\u00e4songen; i tv\u00e4ttstugan kan den anv\u00e4ndas f\u00f6r att h\u00e4nga upp v\u00e5ta kl\u00e4der. Stark konstruktion Enast\u00e5ende kvalitet, h\u00f6g belastningskapacitet och praktisk mobilitet \u2013 du beh\u00f6ver inte leta l\u00e4ngre, kl\u00e4dst\u00e4llningen fr\u00e5n SONGMICS \u00e4r r\u00e4tt produkt f\u00f6r dig. Produktdetaljer: &#8211; F\u00e4rg: svart &#8211; Material: pulverlackerade j\u00e4rnr\u00f6r &#8211; M\u00e5tt: 100 x 146\/162 x 59 cm (B x H x D) &#8211; Vikt: 9 kg &#8211; Max. belastningsf\u00f6rm\u00e5ga: 110 kg Leveransomfattning: &#8211; 1 x kl\u00e4dst\u00e4ll &#8211; 1 x bruksanvisning (DE, EN, FR, ES, IT) SONGMICS Anm\u00e4rkningar: &#8211; N\u00e4r produkten \u00e4r fullastad, flytta den l\u00e5ngsamt och med hj\u00e4lp av andra personer f\u00f6r att s\u00e4kerst\u00e4lla en l\u00e4ngre livsl\u00e4ngd.<\/p>\n","protected":false},"excerpt":{"rendered":"<p>SONGMICS tunglastkl\u00e4dst\u00e4ll i metall p\u00e5 hjul, belastningskapacitet upp till 110 kg, i industriell design, mobil kl\u00e4dst\u00e4llning med 2 kl\u00e4dst\u00e4nger, f\u00f6r varupresentation, svart HSR60B<\/p>\n","protected":false},"featured_media":40617,"comment_status":"open","ping_status":"closed","template":"","meta":[],"product_brand":[],"product_cat":[33],"product_tag":[],"class_list":{"0":"post-12335","1":"product","2":"type-product","3":"status-publish","4":"has-post-thumbnail","6":"product_cat-okategoriserad","8":"first","9":"instock","10":"shipping-taxable","11":"purchasable","12":"product-type-simple"},"_links":{"self":[{"href":"https:\/\/nordicmart.andreevmaster.com\/sv\/wp-json\/wp\/v2\/product\/12335","targetHints":{"allow":["GET"]}}],"collection":[{"href":"https:\/\/nordicmart.andreevmaster.com\/sv\/wp-json\/wp\/v2\/product"}],"about":[{"href":"https:\/\/nordicmart.andreevmaster.com\/sv\/wp-json\/wp\/v2\/types\/product"}],"replies":[{"embeddable":true,"href":"https:\/\/nordicmart.andreevmaster.com\/sv\/wp-json\/wp\/v2\/comments?post=12335"}],"wp:featuredmedia":[{"embeddable":true,"href":"https:\/\/nordicmart.andreevmaster.com\/sv\/wp-json\/wp\/v2\/media\/40617"}],"wp:attachment":[{"href":"https:\/\/nordicmart.andreevmaster.com\/sv\/wp-json\/wp\/v2\/media?parent=12335"}],"wp:term":[{"taxonomy":"product_brand","embeddable":true,"href":"https:\/\/nordicmart.andreevmaster.com\/sv\/wp-json\/wp\/v2\/product_brand?post=12335"},{"taxonomy":"product_cat","embeddable":true,"href":"https:\/\/nordicmart.andreevmaster.com\/sv\/wp-json\/wp\/v2\/product_cat?post=12335"},{"taxonomy":"product_tag","embeddable":true,"href":"https:\/\/nordicmart.andreevmaster.com\/sv\/wp-json\/wp\/v2\/product_tag?post=12335"}],"curies":[{"name":"wp","href":"https:\/\/api.w.org\/{rel}","templated":true}]}}