{"id":12334,"date":"2026-02-27T00:13:41","date_gmt":"2026-02-27T00:13:41","guid":{"rendered":"https:\/\/nordicmart.andreevmaster.com\/product\/vasagle-kladhangare-i-vattenrorsdesign\/"},"modified":"2026-02-27T08:07:55","modified_gmt":"2026-02-27T08:07:55","slug":"vasagle-kladhangare-i-vattenrorsdesign","status":"publish","type":"product","link":"https:\/\/nordicmart.andreevmaster.com\/sv\/produkt\/vasagle-kladhangare-i-vattenrorsdesign\/","title":{"rendered":"VASAGLE kl\u00e4dh\u00e4ngare i vattenr\u00f6rsdesign"},"content":{"rendered":"<p>Designerna p\u00e5 VASAGLE kommer regelbundet med nya id\u00e9er f\u00f6r praktiska m\u00f6bler som g\u00f6r ditt liv lite bekv\u00e4mare p\u00e5 ett stilfullt s\u00e4tt och till \u00f6verkomliga priser. P\u00e5 s\u00e5 s\u00e4tt ger de dig m\u00f6jlighet att g\u00f6ra ditt hem till n\u00e5got helt extraordin\u00e4rt. Rustik garderob i industriell design De har till exempel designat den ovan visade kl\u00e4dh\u00e4ngaren med b\u00e4nk, som ger dig b\u00e5de en bekv\u00e4m sittplats och tv\u00e5 gallerhyllor f\u00f6r f\u00f6rvaring av skor samt en kl\u00e4dst\u00e5ng och nio krokar f\u00f6r f\u00f6rvaring av nycklar, v\u00e4skor eller kl\u00e4der.  Garderoben \u00e4r designad i trendig industriell stil med vattenr\u00f6rselement och rustika tr\u00e4element och passar s\u00e4rskilt bra i stora eller \u00f6ppna rum som inte \u00e4r alltf\u00f6r fullst\u00e4llda med andra m\u00f6bler. Placera kl\u00e4dh\u00e4ngaren i din hall, till exempel, f\u00f6r att h\u00e4nga upp jackor och rockar och bekv\u00e4mt kunna ta p\u00e5 dig dina skor. Denna garderob b\u00f6r dock inte vara det enda industriella designf\u00f6rem\u00e5let i din l\u00e4genhet. Ta g\u00e4rna en titt p\u00e5 de andra kompositionerna fr\u00e5n VASAGLE. Produktdetaljer: &#8211; F\u00e4rg: Vintagebrun-svart &#8211; Material: Sp\u00e5nskiva, st\u00e5l &#8211; Storlek: 100 x 41,5 x 182 cm (L x B x H) &#8211; Vikt: 16,5 kg &#8211; Max. belastningskapacitet f\u00f6r b\u00e4nken: 100 kg &#8211; Max. belastningskapacitet per gallerhylla: 20 kg &#8211; Max. belastningskapacitet per krok: 3 kg Leveransomfattning: &#8211; 1 x garderob &#8211; 1 x tillbeh\u00f6rsp\u00e5se &#8211; 1 x tippskydd &#8211; 1 x instruktioner (DE, EN, FR, ES, IT) VASAGLE Anm\u00e4rkningar: &#8211; Anv\u00e4nd tippskyddet och f\u00e4st produkten p\u00e5 v\u00e4ggen f\u00f6r att garantera garderobens s\u00e4kerhet. &#8211; H\u00e4ng inte f\u00f6r tunga f\u00f6rem\u00e5l p\u00e5 tr\u00e4plattan i den \u00f6vre delen eller p\u00e5 krokarna.<\/p>\n","protected":false},"excerpt":{"rendered":"<p>VASAGLE Garderob, stor kl\u00e4dst\u00e4llning med vattenr\u00f6rselement, med b\u00e4nk, 9 krokar och skohylla, multifunktionell hallgarderob, robust metallstativ, industriell design, vintagebrun-svart HSR47BX<\/p>\n","protected":false},"featured_media":40616,"comment_status":"open","ping_status":"closed","template":"","meta":[],"product_brand":[],"product_cat":[33],"product_tag":[],"class_list":{"0":"post-12334","1":"product","2":"type-product","3":"status-publish","4":"has-post-thumbnail","6":"product_cat-okategoriserad","8":"first","9":"instock","10":"shipping-taxable","11":"purchasable","12":"product-type-simple"},"_links":{"self":[{"href":"https:\/\/nordicmart.andreevmaster.com\/sv\/wp-json\/wp\/v2\/product\/12334","targetHints":{"allow":["GET"]}}],"collection":[{"href":"https:\/\/nordicmart.andreevmaster.com\/sv\/wp-json\/wp\/v2\/product"}],"about":[{"href":"https:\/\/nordicmart.andreevmaster.com\/sv\/wp-json\/wp\/v2\/types\/product"}],"replies":[{"embeddable":true,"href":"https:\/\/nordicmart.andreevmaster.com\/sv\/wp-json\/wp\/v2\/comments?post=12334"}],"wp:featuredmedia":[{"embeddable":true,"href":"https:\/\/nordicmart.andreevmaster.com\/sv\/wp-json\/wp\/v2\/media\/40616"}],"wp:attachment":[{"href":"https:\/\/nordicmart.andreevmaster.com\/sv\/wp-json\/wp\/v2\/media?parent=12334"}],"wp:term":[{"taxonomy":"product_brand","embeddable":true,"href":"https:\/\/nordicmart.andreevmaster.com\/sv\/wp-json\/wp\/v2\/product_brand?post=12334"},{"taxonomy":"product_cat","embeddable":true,"href":"https:\/\/nordicmart.andreevmaster.com\/sv\/wp-json\/wp\/v2\/product_cat?post=12334"},{"taxonomy":"product_tag","embeddable":true,"href":"https:\/\/nordicmart.andreevmaster.com\/sv\/wp-json\/wp\/v2\/product_tag?post=12334"}],"curies":[{"name":"wp","href":"https:\/\/api.w.org\/{rel}","templated":true}]}}