{"id":12331,"date":"2026-02-27T00:13:40","date_gmt":"2026-02-27T00:13:40","guid":{"rendered":"https:\/\/nordicmart.andreevmaster.com\/product\/vasagle-kladstallning-med-skohylla-i-lantlig-stil-molnvit\/"},"modified":"2026-02-27T08:07:54","modified_gmt":"2026-02-27T08:07:54","slug":"vasagle-kladstallning-med-skohylla-i-lantlig-stil-molnvit","status":"publish","type":"product","link":"https:\/\/nordicmart.andreevmaster.com\/sv\/produkt\/vasagle-kladstallning-med-skohylla-i-lantlig-stil-molnvit\/","title":{"rendered":"VASAGLE kl\u00e4dst\u00e4llning med skohylla i lantlig stil molnvit"},"content":{"rendered":"<p>VASAGLE kl\u00e4dst\u00e4llning, garderob, hallm\u00f6bel med skohylla, justerbara hyllplan, 20 \u00f6ppna fack, 6 trippelkrokar, lantlig stil, frist\u00e5ende, f\u00f6r hall, korridor, molnvit HSR440W03<br \/>\nF\u00e4rg: Molnvit<br \/>\nMaterial: sp\u00e5nskiva, st\u00e5l<br \/>\nStorlek: 40 x 130 x 200 cm (D x B x H)<br \/>\nVikt: 56,5 kg<br \/>\nMax. statisk belastningskapacitet f\u00f6r den \u00f6versta hyllan: 20 kg<br \/>\nMax. statisk belastningskapacitet per trippelkrok: 5 kg<br \/>\nMax. statisk belastningskapacitet f\u00f6r sittytan: 136 kg<\/p>\n","protected":false},"excerpt":{"rendered":"<p>VASAGLE kl\u00e4dst\u00e4llning, garderob, hallm\u00f6bel med skohylla, justerbara hyllplan, 20 \u00f6ppna fack, 6 trippelkrokar, lantlig stil, frist\u00e5ende, f\u00f6r hall, korridor, molnvit HSR440W03<\/p>\n","protected":false},"featured_media":40613,"comment_status":"open","ping_status":"closed","template":"","meta":[],"product_brand":[],"product_cat":[33],"product_tag":[],"class_list":{"0":"post-12331","1":"product","2":"type-product","3":"status-publish","4":"has-post-thumbnail","6":"product_cat-okategoriserad","8":"first","9":"instock","10":"shipping-taxable","11":"purchasable","12":"product-type-simple"},"_links":{"self":[{"href":"https:\/\/nordicmart.andreevmaster.com\/sv\/wp-json\/wp\/v2\/product\/12331","targetHints":{"allow":["GET"]}}],"collection":[{"href":"https:\/\/nordicmart.andreevmaster.com\/sv\/wp-json\/wp\/v2\/product"}],"about":[{"href":"https:\/\/nordicmart.andreevmaster.com\/sv\/wp-json\/wp\/v2\/types\/product"}],"replies":[{"embeddable":true,"href":"https:\/\/nordicmart.andreevmaster.com\/sv\/wp-json\/wp\/v2\/comments?post=12331"}],"wp:featuredmedia":[{"embeddable":true,"href":"https:\/\/nordicmart.andreevmaster.com\/sv\/wp-json\/wp\/v2\/media\/40613"}],"wp:attachment":[{"href":"https:\/\/nordicmart.andreevmaster.com\/sv\/wp-json\/wp\/v2\/media?parent=12331"}],"wp:term":[{"taxonomy":"product_brand","embeddable":true,"href":"https:\/\/nordicmart.andreevmaster.com\/sv\/wp-json\/wp\/v2\/product_brand?post=12331"},{"taxonomy":"product_cat","embeddable":true,"href":"https:\/\/nordicmart.andreevmaster.com\/sv\/wp-json\/wp\/v2\/product_cat?post=12331"},{"taxonomy":"product_tag","embeddable":true,"href":"https:\/\/nordicmart.andreevmaster.com\/sv\/wp-json\/wp\/v2\/product_tag?post=12331"}],"curies":[{"name":"wp","href":"https:\/\/api.w.org\/{rel}","templated":true}]}}