{"id":12329,"date":"2026-02-27T00:13:39","date_gmt":"2026-02-27T00:13:39","guid":{"rendered":"https:\/\/nordicmart.andreevmaster.com\/product\/vasagle-garderob-med-skobank-och-10-krokar\/"},"modified":"2026-02-27T08:07:54","modified_gmt":"2026-02-27T08:07:54","slug":"vasagle-garderob-med-skobank-och-10-krokar","status":"publish","type":"product","link":"https:\/\/nordicmart.andreevmaster.com\/sv\/produkt\/vasagle-garderob-med-skobank-och-10-krokar\/","title":{"rendered":"VASAGLE Garderob med skob\u00e4nk och 10 krokar"},"content":{"rendered":"<p>VASAGLE Garderob med skob\u00e4nk, kl\u00e4dh\u00e4ngare, skof\u00f6rvaring, 2 tygfack, 10 krokar, 6 sidokrokar, 30 x 80,4 x 181,6 cm<br \/>\nF\u00e4rg: Vintagebrun-bl\u00e4ck svart<br \/>\nMaterial: sp\u00e5nskiva, st\u00e5l<br \/>\nStorlek: 30 x 80,4 x 181,6 cm (D x B x H)<br \/>\nVikt: 17,7 kg<br \/>\nMax. statisk belastningskapacitet f\u00f6r b\u00e4nken: 100 kg<br \/>\nMax. statisk belastningskapacitet per krok: 5 kg<\/p>\n","protected":false},"excerpt":{"rendered":"<p>VASAGLE Garderob med skob\u00e4nk, kl\u00e4dh\u00e4ngare, skof\u00f6rvaring, 2 tygfack, 10 krokar, 6 sidokrokar, 30 x 80,4 x 181,6 cm<\/p>\n","protected":false},"featured_media":40611,"comment_status":"open","ping_status":"closed","template":"","meta":[],"product_brand":[],"product_cat":[33],"product_tag":[],"class_list":{"0":"post-12329","1":"product","2":"type-product","3":"status-publish","4":"has-post-thumbnail","6":"product_cat-okategoriserad","8":"first","9":"instock","10":"shipping-taxable","11":"purchasable","12":"product-type-simple"},"_links":{"self":[{"href":"https:\/\/nordicmart.andreevmaster.com\/sv\/wp-json\/wp\/v2\/product\/12329","targetHints":{"allow":["GET"]}}],"collection":[{"href":"https:\/\/nordicmart.andreevmaster.com\/sv\/wp-json\/wp\/v2\/product"}],"about":[{"href":"https:\/\/nordicmart.andreevmaster.com\/sv\/wp-json\/wp\/v2\/types\/product"}],"replies":[{"embeddable":true,"href":"https:\/\/nordicmart.andreevmaster.com\/sv\/wp-json\/wp\/v2\/comments?post=12329"}],"wp:featuredmedia":[{"embeddable":true,"href":"https:\/\/nordicmart.andreevmaster.com\/sv\/wp-json\/wp\/v2\/media\/40611"}],"wp:attachment":[{"href":"https:\/\/nordicmart.andreevmaster.com\/sv\/wp-json\/wp\/v2\/media?parent=12329"}],"wp:term":[{"taxonomy":"product_brand","embeddable":true,"href":"https:\/\/nordicmart.andreevmaster.com\/sv\/wp-json\/wp\/v2\/product_brand?post=12329"},{"taxonomy":"product_cat","embeddable":true,"href":"https:\/\/nordicmart.andreevmaster.com\/sv\/wp-json\/wp\/v2\/product_cat?post=12329"},{"taxonomy":"product_tag","embeddable":true,"href":"https:\/\/nordicmart.andreevmaster.com\/sv\/wp-json\/wp\/v2\/product_tag?post=12329"}],"curies":[{"name":"wp","href":"https:\/\/api.w.org\/{rel}","templated":true}]}}