{"id":12328,"date":"2026-02-27T00:13:39","date_gmt":"2026-02-27T00:13:39","guid":{"rendered":"https:\/\/nordicmart.andreevmaster.com\/product\/vasagle-garderob-med-skobank-guldfargad-ek-molnvit\/"},"modified":"2026-02-27T08:07:54","modified_gmt":"2026-02-27T08:07:54","slug":"vasagle-garderob-med-skobank-guldfargad-ek-molnvit","status":"publish","type":"product","link":"https:\/\/nordicmart.andreevmaster.com\/sv\/produkt\/vasagle-garderob-med-skobank-guldfargad-ek-molnvit\/","title":{"rendered":"VASAGLE Garderob med skob\u00e4nk guldf\u00e4rgad ek-molnvit"},"content":{"rendered":"<p>VASAGLE kl\u00e4dh\u00e4ngare med skob\u00e4nk, garderob, 5 hyllplan av sp\u00e5nskivor, 9 trippelkrokar, 6 sidokrokar<br \/>\nF\u00e4rg: Guldf\u00e4rgad ek-molnvit<br \/>\nMaterial: Sp\u00e5nskiva, st\u00e5l<br \/>\nStorlek: 40 x 120 x 190 cm (D x B x H)<br \/>\nVikt: 24,4 kg<br \/>\nMax. statisk belastningskapacitet f\u00f6r b\u00e4nken p\u00e5 h\u00f6ger sida: 136 kg<br \/>\nMax. statisk belastningskapacitet per trippelkrok: 5 kg<\/p>\n","protected":false},"excerpt":{"rendered":"<p>VASAGLE kl\u00e4dh\u00e4ngare med skob\u00e4nk, garderob, 5 hyllplan av sp\u00e5nskivor, 9 trippelkrokar, 6 sidokrokar<\/p>\n","protected":false},"featured_media":40610,"comment_status":"open","ping_status":"closed","template":"","meta":[],"product_brand":[],"product_cat":[33],"product_tag":[],"class_list":{"0":"post-12328","1":"product","2":"type-product","3":"status-publish","4":"has-post-thumbnail","6":"product_cat-okategoriserad","8":"first","9":"instock","10":"shipping-taxable","11":"purchasable","12":"product-type-simple"},"_links":{"self":[{"href":"https:\/\/nordicmart.andreevmaster.com\/sv\/wp-json\/wp\/v2\/product\/12328","targetHints":{"allow":["GET"]}}],"collection":[{"href":"https:\/\/nordicmart.andreevmaster.com\/sv\/wp-json\/wp\/v2\/product"}],"about":[{"href":"https:\/\/nordicmart.andreevmaster.com\/sv\/wp-json\/wp\/v2\/types\/product"}],"replies":[{"embeddable":true,"href":"https:\/\/nordicmart.andreevmaster.com\/sv\/wp-json\/wp\/v2\/comments?post=12328"}],"wp:featuredmedia":[{"embeddable":true,"href":"https:\/\/nordicmart.andreevmaster.com\/sv\/wp-json\/wp\/v2\/media\/40610"}],"wp:attachment":[{"href":"https:\/\/nordicmart.andreevmaster.com\/sv\/wp-json\/wp\/v2\/media?parent=12328"}],"wp:term":[{"taxonomy":"product_brand","embeddable":true,"href":"https:\/\/nordicmart.andreevmaster.com\/sv\/wp-json\/wp\/v2\/product_brand?post=12328"},{"taxonomy":"product_cat","embeddable":true,"href":"https:\/\/nordicmart.andreevmaster.com\/sv\/wp-json\/wp\/v2\/product_cat?post=12328"},{"taxonomy":"product_tag","embeddable":true,"href":"https:\/\/nordicmart.andreevmaster.com\/sv\/wp-json\/wp\/v2\/product_tag?post=12328"}],"curies":[{"name":"wp","href":"https:\/\/api.w.org\/{rel}","templated":true}]}}